

{"id":9571,"date":"2021-05-21T17:00:10","date_gmt":"2021-05-21T11:30:10","guid":{"rendered":"https:\/\/developmentuat.kpit.com\/?page_id=9571"},"modified":"2023-05-10T13:11:30","modified_gmt":"2023-05-10T07:41:30","slug":"kmp-autorisiert-fur-wesentliche-ereignisse-unter-regulation-305-der-sebi-lodr-regulations-2015-2","status":"publish","type":"page","link":"https:\/\/www.kpit.com\/de\/kmp-authorized-for-material-events-under-regulation-305-of-sebi-lodr-regulations-2015-2\/","title":{"rendered":"KMP Autorisiert f\u00fcr wesentliche Ereignisse gem\u00e4\u00df Regulation 30(5) der SEBI (LODR) Regulations, 2015"},"content":{"rendered":"<p><iframe loading=\"lazy\" src=\"https:\/\/www.kpit.com\/wp-content\/uploads\/2021\/05\/KMP-Authorized-for-Material-Events-under-Regulation-305-of-SEBI-LODR-Regulations-2015.pdf\" width=\"100%\" height=\"800\"><\/iframe><\/p>","protected":false},"excerpt":{"rendered":"","protected":false},"author":13,"featured_media":0,"parent":0,"menu_order":0,"comment_status":"closed","ping_status":"closed","template":"","meta":{"_acf_changed":false,"footnotes":""},"class_list":["post-9571","page","type-page","status-publish","hentry"],"acf":[],"yoast_head":"<!-- This site is optimized with the Yoast SEO plugin v27.3 - https:\/\/yoast.com\/product\/yoast-seo-wordpress\/ -->\n<title>KMP Authorized for Material Events under Regulation 30(5) of SEBI (LODR) Regulations, 2015 - KPIT<\/title>\n<meta name=\"description\" content=\"KPIT Technologies has authorized its subsidiary KPIT Management Products and Services for material events under Regulation 30(5) of SEBI LODR Regulations 2015.\" \/>\n<meta name=\"robots\" content=\"index, follow, max-snippet:-1, max-image-preview:large, max-video-preview:-1\" \/>\n<link rel=\"canonical\" href=\"https:\/\/www.kpit.com\/de\/kmp-autorisiert-fur-wesentliche-ereignisse-unter-regulation-305-der-sebi-lodr-regulations-2015-2\/\" \/>\n<meta property=\"og:locale\" content=\"de_DE\" \/>\n<meta property=\"og:type\" content=\"article\" \/>\n<meta property=\"og:title\" content=\"KMP Authorized for Material Events under Regulation 30(5) of SEBI (LODR) Regulations, 2015 - KPIT\" \/>\n<meta property=\"og:description\" content=\"KPIT Technologies has authorized its subsidiary KPIT Management Products and Services for material events under Regulation 30(5) of SEBI LODR Regulations 2015.\" \/>\n<meta property=\"og:url\" content=\"https:\/\/www.kpit.com\/de\/kmp-autorisiert-fur-wesentliche-ereignisse-unter-regulation-305-der-sebi-lodr-regulations-2015-2\/\" \/>\n<meta property=\"og:site_name\" content=\"KPIT\" \/>\n<meta property=\"article:modified_time\" content=\"2023-05-10T07:41:30+00:00\" \/>\n<meta name=\"twitter:card\" content=\"summary_large_image\" \/>\n<script type=\"application\/ld+json\" class=\"yoast-schema-graph\">{\"@context\":\"https:\\\/\\\/schema.org\",\"@graph\":[{\"@type\":\"WebPage\",\"@id\":\"https:\\\/\\\/www.kpit.com\\\/kmp-authorized-for-material-events-under-regulation-305-of-sebi-lodr-regulations-2015-2\\\/\",\"url\":\"https:\\\/\\\/www.kpit.com\\\/kmp-authorized-for-material-events-under-regulation-305-of-sebi-lodr-regulations-2015-2\\\/\",\"name\":\"KMP Authorized for Material Events under Regulation 30(5) of SEBI (LODR) Regulations, 2015 - KPIT\",\"isPartOf\":{\"@id\":\"https:\\\/\\\/www.kpit.com\\\/#website\"},\"datePublished\":\"2021-05-21T11:30:10+00:00\",\"dateModified\":\"2023-05-10T07:41:30+00:00\",\"description\":\"KPIT Technologies has authorized its subsidiary KPIT Management Products and Services for material events under Regulation 30(5) of SEBI LODR Regulations 2015.\",\"breadcrumb\":{\"@id\":\"https:\\\/\\\/www.kpit.com\\\/kmp-authorized-for-material-events-under-regulation-305-of-sebi-lodr-regulations-2015-2\\\/#breadcrumb\"},\"inLanguage\":\"de\",\"potentialAction\":[{\"@type\":\"ReadAction\",\"target\":[\"https:\\\/\\\/www.kpit.com\\\/kmp-authorized-for-material-events-under-regulation-305-of-sebi-lodr-regulations-2015-2\\\/\"]}]},{\"@type\":\"BreadcrumbList\",\"@id\":\"https:\\\/\\\/www.kpit.com\\\/kmp-authorized-for-material-events-under-regulation-305-of-sebi-lodr-regulations-2015-2\\\/#breadcrumb\",\"itemListElement\":[{\"@type\":\"ListItem\",\"position\":1,\"name\":\"Home\",\"item\":\"https:\\\/\\\/www.kpit.com\\\/\"},{\"@type\":\"ListItem\",\"position\":2,\"name\":\"KMP Authorized for Material Events under Regulation 30(5) of SEBI (LODR) Regulations, 2015\"}]},{\"@type\":\"WebSite\",\"@id\":\"https:\\\/\\\/www.kpit.com\\\/#website\",\"url\":\"https:\\\/\\\/www.kpit.com\\\/\",\"name\":\"KPIT\",\"description\":\"Technology, Mobility, Software, Automotive\",\"publisher\":{\"@id\":\"https:\\\/\\\/www.kpit.com\\\/#organization\"},\"potentialAction\":[{\"@type\":\"SearchAction\",\"target\":{\"@type\":\"EntryPoint\",\"urlTemplate\":\"https:\\\/\\\/www.kpit.com\\\/?s={search_term_string}\"},\"query-input\":{\"@type\":\"PropertyValueSpecification\",\"valueRequired\":true,\"valueName\":\"search_term_string\"}}],\"inLanguage\":\"de\"},{\"@type\":\"Organization\",\"@id\":\"https:\\\/\\\/www.kpit.com\\\/#organization\",\"name\":\"KPIT\",\"url\":\"https:\\\/\\\/www.kpit.com\\\/\",\"logo\":{\"@type\":\"ImageObject\",\"inLanguage\":\"de\",\"@id\":\"https:\\\/\\\/www.kpit.com\\\/#\\\/schema\\\/logo\\\/image\\\/\",\"url\":\"https:\\\/\\\/www.kpit.com\\\/wp-content\\\/uploads\\\/2025\\\/06\\\/favicon-1.png\",\"contentUrl\":\"https:\\\/\\\/www.kpit.com\\\/wp-content\\\/uploads\\\/2025\\\/06\\\/favicon-1.png\",\"width\":512,\"height\":512,\"caption\":\"KPIT\"},\"image\":{\"@id\":\"https:\\\/\\\/www.kpit.com\\\/#\\\/schema\\\/logo\\\/image\\\/\"}}]}<\/script>\n<!-- \/ Yoast SEO plugin. -->","yoast_head_json":{"title":"KMP Autorisiert f\u00fcr wesentliche Ereignisse gem\u00e4\u00df Regulation 30(5) der SEBI (LODR) Regulations, 2015 \u2013 KPIT","description":"KPIT Technologies has authorized its subsidiary KPIT Management Products and Services for material events under Regulation 30(5) of SEBI LODR Regulations 2015.","robots":{"index":"index","follow":"follow","max-snippet":"max-snippet:-1","max-image-preview":"max-image-preview:large","max-video-preview":"max-video-preview:-1"},"canonical":"https:\/\/www.kpit.com\/de\/kmp-autorisiert-fur-wesentliche-ereignisse-unter-regulation-305-der-sebi-lodr-regulations-2015-2\/","og_locale":"de_DE","og_type":"article","og_title":"KMP Authorized for Material Events under Regulation 30(5) of SEBI (LODR) Regulations, 2015 - KPIT","og_description":"KPIT Technologies has authorized its subsidiary KPIT Management Products and Services for material events under Regulation 30(5) of SEBI LODR Regulations 2015.","og_url":"https:\/\/www.kpit.com\/de\/kmp-autorisiert-fur-wesentliche-ereignisse-unter-regulation-305-der-sebi-lodr-regulations-2015-2\/","og_site_name":"KPIT","article_modified_time":"2023-05-10T07:41:30+00:00","twitter_card":"summary_large_image","schema":{"@context":"https:\/\/schema.org","@graph":[{"@type":"WebPage","@id":"https:\/\/www.kpit.com\/kmp-authorized-for-material-events-under-regulation-305-of-sebi-lodr-regulations-2015-2\/","url":"https:\/\/www.kpit.com\/kmp-authorized-for-material-events-under-regulation-305-of-sebi-lodr-regulations-2015-2\/","name":"KMP Autorisiert f\u00fcr wesentliche Ereignisse gem\u00e4\u00df Regulation 30(5) der SEBI (LODR) Regulations, 2015 \u2013 KPIT","isPartOf":{"@id":"https:\/\/www.kpit.com\/#website"},"datePublished":"2021-05-21T11:30:10+00:00","dateModified":"2023-05-10T07:41:30+00:00","description":"KPIT Technologies has authorized its subsidiary KPIT Management Products and Services for material events under Regulation 30(5) of SEBI LODR Regulations 2015.","breadcrumb":{"@id":"https:\/\/www.kpit.com\/kmp-authorized-for-material-events-under-regulation-305-of-sebi-lodr-regulations-2015-2\/#breadcrumb"},"inLanguage":"de","potentialAction":[{"@type":"ReadAction","target":["https:\/\/www.kpit.com\/kmp-authorized-for-material-events-under-regulation-305-of-sebi-lodr-regulations-2015-2\/"]}]},{"@type":"BreadcrumbList","@id":"https:\/\/www.kpit.com\/kmp-authorized-for-material-events-under-regulation-305-of-sebi-lodr-regulations-2015-2\/#breadcrumb","itemListElement":[{"@type":"ListItem","position":1,"name":"Home","item":"https:\/\/www.kpit.com\/"},{"@type":"ListItem","position":2,"name":"KMP Authorized for Material Events under Regulation 30(5) of SEBI (LODR) Regulations, 2015"}]},{"@type":"WebSite","@id":"https:\/\/www.kpit.com\/#website","url":"https:\/\/www.kpit.com\/","name":"KPIT","description":"Technologie, Mobilit\u00e4t, Software, Automotive","publisher":{"@id":"https:\/\/www.kpit.com\/#organization"},"potentialAction":[{"@type":"SearchAction","target":{"@type":"EntryPoint","urlTemplate":"https:\/\/www.kpit.com\/?s={search_term_string}"},"query-input":{"@type":"PropertyValueSpecification","valueRequired":true,"valueName":"search_term_string"}}],"inLanguage":"de"},{"@type":"Organization","@id":"https:\/\/www.kpit.com\/#organization","name":"KPIT","url":"https:\/\/www.kpit.com\/","logo":{"@type":"ImageObject","inLanguage":"de","@id":"https:\/\/www.kpit.com\/#\/schema\/logo\/image\/","url":"https:\/\/www.kpit.com\/wp-content\/uploads\/2025\/06\/favicon-1.png","contentUrl":"https:\/\/www.kpit.com\/wp-content\/uploads\/2025\/06\/favicon-1.png","width":512,"height":512,"caption":"KPIT"},"image":{"@id":"https:\/\/www.kpit.com\/#\/schema\/logo\/image\/"}}]}},"_links":{"self":[{"href":"https:\/\/www.kpit.com\/de\/wp-json\/wp\/v2\/pages\/9571","targetHints":{"allow":["GET"]}}],"collection":[{"href":"https:\/\/www.kpit.com\/de\/wp-json\/wp\/v2\/pages"}],"about":[{"href":"https:\/\/www.kpit.com\/de\/wp-json\/wp\/v2\/types\/page"}],"author":[{"embeddable":true,"href":"https:\/\/www.kpit.com\/de\/wp-json\/wp\/v2\/users\/13"}],"replies":[{"embeddable":true,"href":"https:\/\/www.kpit.com\/de\/wp-json\/wp\/v2\/comments?post=9571"}],"version-history":[{"count":1,"href":"https:\/\/www.kpit.com\/de\/wp-json\/wp\/v2\/pages\/9571\/revisions"}],"predecessor-version":[{"id":9572,"href":"https:\/\/www.kpit.com\/de\/wp-json\/wp\/v2\/pages\/9571\/revisions\/9572"}],"wp:attachment":[{"href":"https:\/\/www.kpit.com\/de\/wp-json\/wp\/v2\/media?parent=9571"}],"curies":[{"name":"wp","href":"https:\/\/api.w.org\/{rel}","templated":true}]}}