

{"id":9135,"date":"2021-03-23T17:00:21","date_gmt":"2021-03-23T11:30:21","guid":{"rendered":"https:\/\/developmentuat.kpit.com\/?page_id=9135"},"modified":"2023-07-18T15:46:41","modified_gmt":"2023-07-18T10:16:41","slug":"mechatronik","status":"publish","type":"page","link":"https:\/\/www.kpit.com\/de\/mechatronics\/","title":{"rendered":"Mechatronik"},"content":{"rendered":"<style>\nbody {<br \/>    background-color: #fff;<br \/>}<br \/>.kpit-banner-title40 {<br \/>    color: #000;<br \/>}<br \/>.news-inner-main p{<br \/>color:#000;<br \/>}<br \/>.kpit-banner-box{<br \/>max-width: 1000px;<br \/>}<br \/>.white_max_width {<br \/>    max-width: 1000px;<br \/>}<br \/>.container750 {<br \/>    max-width: 1000px;<br \/>}<br \/>.news-inner-main ul li, strong {<br \/>    color: #000;<br \/>}<br \/><\/style>\n<p>We undertake Design of Electrical control systems for industrial &amp; process automation. Commissioning of Programmable Logical controls (PLC) trouble- shooting, programming will be done per the customer&#8217;s necessities.<\/p>\n<p>Mit unserer Erfahrung in zahlreichen Branchen und Anwendungen bieten wir Ihnen zuverl\u00e4ssige Systeme mit bew\u00e4hrten Konzepten. Ein One-Stop-Point f\u00fcr alle Ihre Bed\u00fcrfnisse in der industriellen Automatisierung. Wir nehmen uns die Zeit, die Probleme des Kunden zu verstehen und ihm eine kosteng\u00fcnstige L\u00f6sung anzubieten, die es f\u00fcr ihn einfach und effektiv macht<\/p>\n<p><img decoding=\"async\" src=\"https:\/\/www.kpit.com\/wp-content\/uploads\/2021\/03\/Picture7.png\" alt=\"Mechatronik\" \/><\/p>\n<p>KPIT konzentriert sich auf die Entwicklung von Verpackungsl\u00f6sungen f\u00fcr Steuerger\u00e4te unter Ber\u00fccksichtigung von Platzbedarf, Sicherheit, Funktionalit\u00e4t, Vorschriften, Verbindungen und W\u00e4rmeableitung.<\/p>","protected":false},"excerpt":{"rendered":"<p>We undertake Design of Electrical control systems for industrial &amp; process automation. Commissioning of Programmable Logical controls (PLC) trouble- shooting, programming will be done per the customer&#8217;s necessities. With our experience in extensive range of industries and applications, we offer you reliable systems with proven concepts. A one-stop point for all your industrial automation necessities. [&hellip;]<\/p>\n","protected":false},"author":13,"featured_media":0,"parent":0,"menu_order":0,"comment_status":"closed","ping_status":"closed","template":"redesign-page-new-design.php","meta":{"_acf_changed":false,"footnotes":""},"class_list":["post-9135","page","type-page","status-publish","hentry"],"acf":[],"yoast_head":"<!-- This site is optimized with the Yoast SEO plugin v27.3 - https:\/\/yoast.com\/product\/yoast-seo-wordpress\/ -->\n<title>Mechatronics Solutions | Electrical control systems - KPIT<\/title>\n<meta name=\"description\" content=\"KPIT provides Mechatronics solutions, KPIT focuses on developing packaging solutions for ECUs with consideration of space, safety, functionality &amp; heat dissipation.\" \/>\n<meta name=\"robots\" content=\"index, follow, max-snippet:-1, max-image-preview:large, max-video-preview:-1\" \/>\n<link rel=\"canonical\" href=\"https:\/\/www.kpit.com\/de\/mechatronik\/\" \/>\n<meta property=\"og:locale\" content=\"de_DE\" \/>\n<meta property=\"og:type\" content=\"article\" \/>\n<meta property=\"og:title\" content=\"Mechatronics Solutions | Electrical control systems - KPIT\" \/>\n<meta property=\"og:description\" content=\"KPIT provides Mechatronics solutions, KPIT focuses on developing packaging solutions for ECUs with consideration of space, safety, functionality &amp; heat dissipation.\" \/>\n<meta property=\"og:url\" content=\"https:\/\/www.kpit.com\/de\/mechatronik\/\" \/>\n<meta property=\"og:site_name\" content=\"KPIT\" \/>\n<meta property=\"article:modified_time\" content=\"2023-07-18T10:16:41+00:00\" \/>\n<meta property=\"og:image\" content=\"https:\/\/www.kpit.com\/wp-content\/uploads\/2021\/03\/Picture7.png\" \/>\n<meta name=\"twitter:card\" content=\"summary_large_image\" \/>\n<meta name=\"twitter:label1\" content=\"Gesch\u00e4tzte Lesezeit\" \/>\n\t<meta name=\"twitter:data1\" content=\"1\u00a0Minute\" \/>\n<script type=\"application\/ld+json\" class=\"yoast-schema-graph\">{\"@context\":\"https:\\\/\\\/schema.org\",\"@graph\":[{\"@type\":\"WebPage\",\"@id\":\"https:\\\/\\\/www.kpit.com\\\/mechatronics\\\/\",\"url\":\"https:\\\/\\\/www.kpit.com\\\/mechatronics\\\/\",\"name\":\"Mechatronics Solutions | Electrical control systems - KPIT\",\"isPartOf\":{\"@id\":\"https:\\\/\\\/www.kpit.com\\\/#website\"},\"primaryImageOfPage\":{\"@id\":\"https:\\\/\\\/www.kpit.com\\\/mechatronics\\\/#primaryimage\"},\"image\":{\"@id\":\"https:\\\/\\\/www.kpit.com\\\/mechatronics\\\/#primaryimage\"},\"thumbnailUrl\":\"https:\\\/\\\/www.kpit.com\\\/wp-content\\\/uploads\\\/2021\\\/03\\\/Picture7.png\",\"datePublished\":\"2021-03-23T11:30:21+00:00\",\"dateModified\":\"2023-07-18T10:16:41+00:00\",\"description\":\"KPIT provides Mechatronics solutions, KPIT focuses on developing packaging solutions for ECUs with consideration of space, safety, functionality & heat dissipation.\",\"breadcrumb\":{\"@id\":\"https:\\\/\\\/www.kpit.com\\\/mechatronics\\\/#breadcrumb\"},\"inLanguage\":\"de\",\"potentialAction\":[{\"@type\":\"ReadAction\",\"target\":[\"https:\\\/\\\/www.kpit.com\\\/mechatronics\\\/\"]}]},{\"@type\":\"ImageObject\",\"inLanguage\":\"de\",\"@id\":\"https:\\\/\\\/www.kpit.com\\\/mechatronics\\\/#primaryimage\",\"url\":\"https:\\\/\\\/www.kpit.com\\\/wp-content\\\/uploads\\\/2021\\\/03\\\/Picture7.png\",\"contentUrl\":\"https:\\\/\\\/www.kpit.com\\\/wp-content\\\/uploads\\\/2021\\\/03\\\/Picture7.png\"},{\"@type\":\"BreadcrumbList\",\"@id\":\"https:\\\/\\\/www.kpit.com\\\/mechatronics\\\/#breadcrumb\",\"itemListElement\":[{\"@type\":\"ListItem\",\"position\":1,\"name\":\"Home\",\"item\":\"https:\\\/\\\/www.kpit.com\\\/\"},{\"@type\":\"ListItem\",\"position\":2,\"name\":\"Mechatronics\"}]},{\"@type\":\"WebSite\",\"@id\":\"https:\\\/\\\/www.kpit.com\\\/#website\",\"url\":\"https:\\\/\\\/www.kpit.com\\\/\",\"name\":\"KPIT\",\"description\":\"Technology, Mobility, Software, Automotive\",\"publisher\":{\"@id\":\"https:\\\/\\\/www.kpit.com\\\/#organization\"},\"potentialAction\":[{\"@type\":\"SearchAction\",\"target\":{\"@type\":\"EntryPoint\",\"urlTemplate\":\"https:\\\/\\\/www.kpit.com\\\/?s={search_term_string}\"},\"query-input\":{\"@type\":\"PropertyValueSpecification\",\"valueRequired\":true,\"valueName\":\"search_term_string\"}}],\"inLanguage\":\"de\"},{\"@type\":\"Organization\",\"@id\":\"https:\\\/\\\/www.kpit.com\\\/#organization\",\"name\":\"KPIT\",\"url\":\"https:\\\/\\\/www.kpit.com\\\/\",\"logo\":{\"@type\":\"ImageObject\",\"inLanguage\":\"de\",\"@id\":\"https:\\\/\\\/www.kpit.com\\\/#\\\/schema\\\/logo\\\/image\\\/\",\"url\":\"https:\\\/\\\/www.kpit.com\\\/wp-content\\\/uploads\\\/2025\\\/06\\\/favicon-1.png\",\"contentUrl\":\"https:\\\/\\\/www.kpit.com\\\/wp-content\\\/uploads\\\/2025\\\/06\\\/favicon-1.png\",\"width\":512,\"height\":512,\"caption\":\"KPIT\"},\"image\":{\"@id\":\"https:\\\/\\\/www.kpit.com\\\/#\\\/schema\\\/logo\\\/image\\\/\"}}]}<\/script>\n<!-- \/ Yoast SEO plugin. -->","yoast_head_json":{"title":"Mechatronik-L\u00f6sungen | Elektrische Steuerungssysteme - KPIT","description":"KPIT bietet Mechatronik-L\u00f6sungen. KPIT konzentriert sich auf die Entwicklung von Verpackungsl\u00f6sungen f\u00fcr Steuerger\u00e4te unter Ber\u00fccksichtigung von Platzbedarf, Sicherheit, Funktionalit\u00e4t und W\u00e4rmeableitung.","robots":{"index":"index","follow":"follow","max-snippet":"max-snippet:-1","max-image-preview":"max-image-preview:large","max-video-preview":"max-video-preview:-1"},"canonical":"https:\/\/www.kpit.com\/de\/mechatronik\/","og_locale":"de_DE","og_type":"article","og_title":"Mechatronics Solutions | Electrical control systems - KPIT","og_description":"KPIT provides Mechatronics solutions, KPIT focuses on developing packaging solutions for ECUs with consideration of space, safety, functionality & heat dissipation.","og_url":"https:\/\/www.kpit.com\/de\/mechatronik\/","og_site_name":"KPIT","article_modified_time":"2023-07-18T10:16:41+00:00","og_image":[{"url":"https:\/\/www.kpit.com\/wp-content\/uploads\/2021\/03\/Picture7.png","type":"","width":"","height":""}],"twitter_card":"summary_large_image","twitter_misc":{"Gesch\u00e4tzte Lesezeit":"1\u00a0Minute"},"schema":{"@context":"https:\/\/schema.org","@graph":[{"@type":"WebPage","@id":"https:\/\/www.kpit.com\/mechatronics\/","url":"https:\/\/www.kpit.com\/mechatronics\/","name":"Mechatronik-L\u00f6sungen | Elektrische Steuerungssysteme - KPIT","isPartOf":{"@id":"https:\/\/www.kpit.com\/#website"},"primaryImageOfPage":{"@id":"https:\/\/www.kpit.com\/mechatronics\/#primaryimage"},"image":{"@id":"https:\/\/www.kpit.com\/mechatronics\/#primaryimage"},"thumbnailUrl":"https:\/\/www.kpit.com\/wp-content\/uploads\/2021\/03\/Picture7.png","datePublished":"2021-03-23T11:30:21+00:00","dateModified":"2023-07-18T10:16:41+00:00","description":"KPIT bietet Mechatronik-L\u00f6sungen. KPIT konzentriert sich auf die Entwicklung von Verpackungsl\u00f6sungen f\u00fcr Steuerger\u00e4te unter Ber\u00fccksichtigung von Platzbedarf, Sicherheit, Funktionalit\u00e4t und W\u00e4rmeableitung.","breadcrumb":{"@id":"https:\/\/www.kpit.com\/mechatronics\/#breadcrumb"},"inLanguage":"de","potentialAction":[{"@type":"ReadAction","target":["https:\/\/www.kpit.com\/mechatronics\/"]}]},{"@type":"ImageObject","inLanguage":"de","@id":"https:\/\/www.kpit.com\/mechatronics\/#primaryimage","url":"https:\/\/www.kpit.com\/wp-content\/uploads\/2021\/03\/Picture7.png","contentUrl":"https:\/\/www.kpit.com\/wp-content\/uploads\/2021\/03\/Picture7.png"},{"@type":"BreadcrumbList","@id":"https:\/\/www.kpit.com\/mechatronics\/#breadcrumb","itemListElement":[{"@type":"ListItem","position":1,"name":"Home","item":"https:\/\/www.kpit.com\/"},{"@type":"ListItem","position":2,"name":"Mechatronics"}]},{"@type":"WebSite","@id":"https:\/\/www.kpit.com\/#website","url":"https:\/\/www.kpit.com\/","name":"KPIT","description":"Technologie, Mobilit\u00e4t, Software, Automotive","publisher":{"@id":"https:\/\/www.kpit.com\/#organization"},"potentialAction":[{"@type":"SearchAction","target":{"@type":"EntryPoint","urlTemplate":"https:\/\/www.kpit.com\/?s={search_term_string}"},"query-input":{"@type":"PropertyValueSpecification","valueRequired":true,"valueName":"search_term_string"}}],"inLanguage":"de"},{"@type":"Organization","@id":"https:\/\/www.kpit.com\/#organization","name":"KPIT","url":"https:\/\/www.kpit.com\/","logo":{"@type":"ImageObject","inLanguage":"de","@id":"https:\/\/www.kpit.com\/#\/schema\/logo\/image\/","url":"https:\/\/www.kpit.com\/wp-content\/uploads\/2025\/06\/favicon-1.png","contentUrl":"https:\/\/www.kpit.com\/wp-content\/uploads\/2025\/06\/favicon-1.png","width":512,"height":512,"caption":"KPIT"},"image":{"@id":"https:\/\/www.kpit.com\/#\/schema\/logo\/image\/"}}]}},"_links":{"self":[{"href":"https:\/\/www.kpit.com\/de\/wp-json\/wp\/v2\/pages\/9135","targetHints":{"allow":["GET"]}}],"collection":[{"href":"https:\/\/www.kpit.com\/de\/wp-json\/wp\/v2\/pages"}],"about":[{"href":"https:\/\/www.kpit.com\/de\/wp-json\/wp\/v2\/types\/page"}],"author":[{"embeddable":true,"href":"https:\/\/www.kpit.com\/de\/wp-json\/wp\/v2\/users\/13"}],"replies":[{"embeddable":true,"href":"https:\/\/www.kpit.com\/de\/wp-json\/wp\/v2\/comments?post=9135"}],"version-history":[{"count":5,"href":"https:\/\/www.kpit.com\/de\/wp-json\/wp\/v2\/pages\/9135\/revisions"}],"predecessor-version":[{"id":25549,"href":"https:\/\/www.kpit.com\/de\/wp-json\/wp\/v2\/pages\/9135\/revisions\/25549"}],"wp:attachment":[{"href":"https:\/\/www.kpit.com\/de\/wp-json\/wp\/v2\/media?parent=9135"}],"curies":[{"name":"wp","href":"https:\/\/api.w.org\/{rel}","templated":true}]}}