

{"id":9129,"date":"2021-03-23T16:57:23","date_gmt":"2021-03-23T11:27:23","guid":{"rendered":"https:\/\/developmentuat.kpit.com\/?page_id=9129"},"modified":"2023-07-18T15:42:41","modified_gmt":"2023-07-18T10:12:41","slug":"smart-geschirr","status":"publish","type":"page","link":"https:\/\/www.kpit.com\/de\/smart-harness\/","title":{"rendered":"Intelligentes Geschirr"},"content":{"rendered":"<style>\nbody {<br \/>    background-color: #fff;<br \/>}<br \/>.kpit-banner-title40 {<br \/>    color: #000;<br \/>}<br \/>.news-inner-main p{<br \/>color:#000;<br \/>}<br \/>.kpit-banner-box{<br \/>max-width: 1000px;<br \/>}<br \/>.white_max_width {<br \/>    max-width: 1000px;<br \/>}<br \/>.container750 {<br \/>    max-width: 1000px;<br \/>}<br \/>.news-inner-main ul li, strong, .news-inner-main ul li::before {<br \/>    color: #000!important;<br \/>}<br \/><\/style>\n<p>Das Smart Harness-System eignet sich f\u00fcr den Einsatz in einem breiten Spektrum von Fahrzeugen, von Milit\u00e4r-, Bergbau- und \u00f6ffentlichen Transportfahrzeugen bis hin zu Industrie- und Erdbewegungsmaschinen. Es bietet einen vereinfachten Kabelbaum, der kompakt, einfach zu installieren und zu warten ist, w\u00e4hrend \u00c4nderungen am Kabelbaumdesign mit der integrierten Diagnosefunktion des Systems und standardisierten Komponenten f\u00fcr alle Fahrzeugtypen implementiert werden konnten. Mit einer Reihe von Kunden an mehreren Smart-Kabelbaumprogrammen zusammengearbeitet. Die einzigartigen intelligenten Kabelbauml\u00f6sungen von KPIT basieren auf einem ganzheitlichen Ansatz und k\u00f6nnen auf ein breites Spektrum von Produktlinien angewendet werden.<\/p>\n<p><img decoding=\"async\" src=\"https:\/\/www.kpit.com\/wp-content\/uploads\/2021\/03\/Picture8.png\" alt=\"Intelligentes Geschirr\" \/><\/p>\n<p><strong>Vorteile des intelligenten Geschirrs:<\/strong><\/p>\n<ul>\n<li>Sicherungsk\u00e4sten k\u00f6nnen entfallen<\/li>\n<li>Die elektronischen Sicherungen k\u00f6nnen zur\u00fcckgesetzt werden<\/li>\n<li>Zeitrelais sind nicht erforderlich<\/li>\n<li>Kurzschluss- und \u00dcbertemperaturschutz des Ger\u00e4ts, der Lasten und der Verkabelung.<\/li>\n<li>Einfache Installation, Wartung und Erweiterung<\/li>\n<li>Standardisierte Kabelbaumkomponenten<\/li>\n<li>Anpassbare Karosseriesteuerungsfunktionen<\/li>\n<li>Kabelbaum kompatibel zu allen Fahrzeugtypen<\/li>\n<li>CAN-Port, dh Schnittstelle zum CAN-Bus J1939-Protokoll<\/li>\n<li>PC-basierte Konfigurationssoftware<\/li>\n<li>Konfigurierbare Stromgrenzen pro ECM-Ausgang<\/li>\n<li>Verbesserte Sicherheit durch Echtzeit-Fehlermeldung<\/li>\n<\/ul>","protected":false},"excerpt":{"rendered":"<p>The Smart Harness system is suitable for use in a wide spectrum of vehicles ranging from military, mining and public transport vehicles to industrial and earthmoving equipment. It provides a simplistic harness which is compact, easy to install and maintain, while harness design changes could be implemented with system&#8217;s built-in diagnostic capability and standardized components [&hellip;]<\/p>\n","protected":false},"author":13,"featured_media":0,"parent":0,"menu_order":0,"comment_status":"closed","ping_status":"closed","template":"redesign-page-new-design.php","meta":{"_acf_changed":false,"footnotes":""},"class_list":["post-9129","page","type-page","status-publish","hentry"],"acf":[],"yoast_head":"<!-- This site is optimized with the Yoast SEO plugin v27.3 - https:\/\/yoast.com\/product\/yoast-seo-wordpress\/ -->\n<title>KPIT\u2019s unique smart harness solutions<\/title>\n<meta name=\"description\" content=\"The Smart Harness system is suitable for use in a wide spectrum of vehicles ranging from military, mining, public transport vehicles to industrial &amp; earthmoving equipment\" \/>\n<meta name=\"robots\" content=\"index, follow, max-snippet:-1, max-image-preview:large, max-video-preview:-1\" \/>\n<link rel=\"canonical\" href=\"https:\/\/www.kpit.com\/de\/smart-geschirr\/\" \/>\n<meta property=\"og:locale\" content=\"de_DE\" \/>\n<meta property=\"og:type\" content=\"article\" \/>\n<meta property=\"og:title\" content=\"KPIT\u2019s unique smart harness solutions\" \/>\n<meta property=\"og:description\" content=\"The Smart Harness system is suitable for use in a wide spectrum of vehicles ranging from military, mining, public transport vehicles to industrial &amp; earthmoving equipment\" \/>\n<meta property=\"og:url\" content=\"https:\/\/www.kpit.com\/de\/smart-geschirr\/\" \/>\n<meta property=\"og:site_name\" content=\"KPIT\" \/>\n<meta property=\"article:modified_time\" content=\"2023-07-18T10:12:41+00:00\" \/>\n<meta property=\"og:image\" content=\"https:\/\/www.kpit.com\/wp-content\/uploads\/2021\/03\/Picture8.png\" \/>\n<meta name=\"twitter:card\" content=\"summary_large_image\" \/>\n<meta name=\"twitter:label1\" content=\"Gesch\u00e4tzte Lesezeit\" \/>\n\t<meta name=\"twitter:data1\" content=\"2\u00a0Minuten\" \/>\n<script type=\"application\/ld+json\" class=\"yoast-schema-graph\">{\"@context\":\"https:\\\/\\\/schema.org\",\"@graph\":[{\"@type\":\"WebPage\",\"@id\":\"https:\\\/\\\/www.kpit.com\\\/smart-harness\\\/\",\"url\":\"https:\\\/\\\/www.kpit.com\\\/smart-harness\\\/\",\"name\":\"KPIT\u2019s unique smart harness solutions\",\"isPartOf\":{\"@id\":\"https:\\\/\\\/www.kpit.com\\\/#website\"},\"primaryImageOfPage\":{\"@id\":\"https:\\\/\\\/www.kpit.com\\\/smart-harness\\\/#primaryimage\"},\"image\":{\"@id\":\"https:\\\/\\\/www.kpit.com\\\/smart-harness\\\/#primaryimage\"},\"thumbnailUrl\":\"https:\\\/\\\/www.kpit.com\\\/wp-content\\\/uploads\\\/2021\\\/03\\\/Picture8.png\",\"datePublished\":\"2021-03-23T11:27:23+00:00\",\"dateModified\":\"2023-07-18T10:12:41+00:00\",\"description\":\"The Smart Harness system is suitable for use in a wide spectrum of vehicles ranging from military, mining, public transport vehicles to industrial & earthmoving equipment\",\"breadcrumb\":{\"@id\":\"https:\\\/\\\/www.kpit.com\\\/smart-harness\\\/#breadcrumb\"},\"inLanguage\":\"de\",\"potentialAction\":[{\"@type\":\"ReadAction\",\"target\":[\"https:\\\/\\\/www.kpit.com\\\/smart-harness\\\/\"]}]},{\"@type\":\"ImageObject\",\"inLanguage\":\"de\",\"@id\":\"https:\\\/\\\/www.kpit.com\\\/smart-harness\\\/#primaryimage\",\"url\":\"https:\\\/\\\/www.kpit.com\\\/wp-content\\\/uploads\\\/2021\\\/03\\\/Picture8.png\",\"contentUrl\":\"https:\\\/\\\/www.kpit.com\\\/wp-content\\\/uploads\\\/2021\\\/03\\\/Picture8.png\"},{\"@type\":\"BreadcrumbList\",\"@id\":\"https:\\\/\\\/www.kpit.com\\\/smart-harness\\\/#breadcrumb\",\"itemListElement\":[{\"@type\":\"ListItem\",\"position\":1,\"name\":\"Home\",\"item\":\"https:\\\/\\\/www.kpit.com\\\/\"},{\"@type\":\"ListItem\",\"position\":2,\"name\":\"Smart Harness\"}]},{\"@type\":\"WebSite\",\"@id\":\"https:\\\/\\\/www.kpit.com\\\/#website\",\"url\":\"https:\\\/\\\/www.kpit.com\\\/\",\"name\":\"KPIT\",\"description\":\"Technology, Mobility, Software, Automotive\",\"publisher\":{\"@id\":\"https:\\\/\\\/www.kpit.com\\\/#organization\"},\"potentialAction\":[{\"@type\":\"SearchAction\",\"target\":{\"@type\":\"EntryPoint\",\"urlTemplate\":\"https:\\\/\\\/www.kpit.com\\\/?s={search_term_string}\"},\"query-input\":{\"@type\":\"PropertyValueSpecification\",\"valueRequired\":true,\"valueName\":\"search_term_string\"}}],\"inLanguage\":\"de\"},{\"@type\":\"Organization\",\"@id\":\"https:\\\/\\\/www.kpit.com\\\/#organization\",\"name\":\"KPIT\",\"url\":\"https:\\\/\\\/www.kpit.com\\\/\",\"logo\":{\"@type\":\"ImageObject\",\"inLanguage\":\"de\",\"@id\":\"https:\\\/\\\/www.kpit.com\\\/#\\\/schema\\\/logo\\\/image\\\/\",\"url\":\"https:\\\/\\\/www.kpit.com\\\/wp-content\\\/uploads\\\/2025\\\/06\\\/favicon-1.png\",\"contentUrl\":\"https:\\\/\\\/www.kpit.com\\\/wp-content\\\/uploads\\\/2025\\\/06\\\/favicon-1.png\",\"width\":512,\"height\":512,\"caption\":\"KPIT\"},\"image\":{\"@id\":\"https:\\\/\\\/www.kpit.com\\\/#\\\/schema\\\/logo\\\/image\\\/\"}}]}<\/script>\n<!-- \/ Yoast SEO plugin. -->","yoast_head_json":{"title":"Die einzigartigen intelligenten Kabelbauml\u00f6sungen von KPIT","description":"Das Smart Harness-System eignet sich f\u00fcr den Einsatz in einem breiten Spektrum von Fahrzeugen, von Milit\u00e4r-, Bergbau- und \u00f6ffentlichen Transportfahrzeugen bis hin zu Industrie- und Erdbewegungsmaschinen","robots":{"index":"index","follow":"follow","max-snippet":"max-snippet:-1","max-image-preview":"max-image-preview:large","max-video-preview":"max-video-preview:-1"},"canonical":"https:\/\/www.kpit.com\/de\/smart-geschirr\/","og_locale":"de_DE","og_type":"article","og_title":"KPIT\u2019s unique smart harness solutions","og_description":"The Smart Harness system is suitable for use in a wide spectrum of vehicles ranging from military, mining, public transport vehicles to industrial & earthmoving equipment","og_url":"https:\/\/www.kpit.com\/de\/smart-geschirr\/","og_site_name":"KPIT","article_modified_time":"2023-07-18T10:12:41+00:00","og_image":[{"url":"https:\/\/www.kpit.com\/wp-content\/uploads\/2021\/03\/Picture8.png","type":"","width":"","height":""}],"twitter_card":"summary_large_image","twitter_misc":{"Gesch\u00e4tzte Lesezeit":"2\u00a0Minuten"},"schema":{"@context":"https:\/\/schema.org","@graph":[{"@type":"WebPage","@id":"https:\/\/www.kpit.com\/smart-harness\/","url":"https:\/\/www.kpit.com\/smart-harness\/","name":"Die einzigartigen intelligenten Kabelbauml\u00f6sungen von KPIT","isPartOf":{"@id":"https:\/\/www.kpit.com\/#website"},"primaryImageOfPage":{"@id":"https:\/\/www.kpit.com\/smart-harness\/#primaryimage"},"image":{"@id":"https:\/\/www.kpit.com\/smart-harness\/#primaryimage"},"thumbnailUrl":"https:\/\/www.kpit.com\/wp-content\/uploads\/2021\/03\/Picture8.png","datePublished":"2021-03-23T11:27:23+00:00","dateModified":"2023-07-18T10:12:41+00:00","description":"Das Smart Harness-System eignet sich f\u00fcr den Einsatz in einem breiten Spektrum von Fahrzeugen, von Milit\u00e4r-, Bergbau- und \u00f6ffentlichen Transportfahrzeugen bis hin zu Industrie- und Erdbewegungsmaschinen","breadcrumb":{"@id":"https:\/\/www.kpit.com\/smart-harness\/#breadcrumb"},"inLanguage":"de","potentialAction":[{"@type":"ReadAction","target":["https:\/\/www.kpit.com\/smart-harness\/"]}]},{"@type":"ImageObject","inLanguage":"de","@id":"https:\/\/www.kpit.com\/smart-harness\/#primaryimage","url":"https:\/\/www.kpit.com\/wp-content\/uploads\/2021\/03\/Picture8.png","contentUrl":"https:\/\/www.kpit.com\/wp-content\/uploads\/2021\/03\/Picture8.png"},{"@type":"BreadcrumbList","@id":"https:\/\/www.kpit.com\/smart-harness\/#breadcrumb","itemListElement":[{"@type":"ListItem","position":1,"name":"Home","item":"https:\/\/www.kpit.com\/"},{"@type":"ListItem","position":2,"name":"Smart Harness"}]},{"@type":"WebSite","@id":"https:\/\/www.kpit.com\/#website","url":"https:\/\/www.kpit.com\/","name":"KPIT","description":"Technologie, Mobilit\u00e4t, Software, Automotive","publisher":{"@id":"https:\/\/www.kpit.com\/#organization"},"potentialAction":[{"@type":"SearchAction","target":{"@type":"EntryPoint","urlTemplate":"https:\/\/www.kpit.com\/?s={search_term_string}"},"query-input":{"@type":"PropertyValueSpecification","valueRequired":true,"valueName":"search_term_string"}}],"inLanguage":"de"},{"@type":"Organization","@id":"https:\/\/www.kpit.com\/#organization","name":"KPIT","url":"https:\/\/www.kpit.com\/","logo":{"@type":"ImageObject","inLanguage":"de","@id":"https:\/\/www.kpit.com\/#\/schema\/logo\/image\/","url":"https:\/\/www.kpit.com\/wp-content\/uploads\/2025\/06\/favicon-1.png","contentUrl":"https:\/\/www.kpit.com\/wp-content\/uploads\/2025\/06\/favicon-1.png","width":512,"height":512,"caption":"KPIT"},"image":{"@id":"https:\/\/www.kpit.com\/#\/schema\/logo\/image\/"}}]}},"_links":{"self":[{"href":"https:\/\/www.kpit.com\/de\/wp-json\/wp\/v2\/pages\/9129","targetHints":{"allow":["GET"]}}],"collection":[{"href":"https:\/\/www.kpit.com\/de\/wp-json\/wp\/v2\/pages"}],"about":[{"href":"https:\/\/www.kpit.com\/de\/wp-json\/wp\/v2\/types\/page"}],"author":[{"embeddable":true,"href":"https:\/\/www.kpit.com\/de\/wp-json\/wp\/v2\/users\/13"}],"replies":[{"embeddable":true,"href":"https:\/\/www.kpit.com\/de\/wp-json\/wp\/v2\/comments?post=9129"}],"version-history":[{"count":7,"href":"https:\/\/www.kpit.com\/de\/wp-json\/wp\/v2\/pages\/9129\/revisions"}],"predecessor-version":[{"id":18476,"href":"https:\/\/www.kpit.com\/de\/wp-json\/wp\/v2\/pages\/9129\/revisions\/18476"}],"wp:attachment":[{"href":"https:\/\/www.kpit.com\/de\/wp-json\/wp\/v2\/media?parent=9129"}],"curies":[{"name":"wp","href":"https:\/\/api.w.org\/{rel}","templated":true}]}}