

{"id":9126,"date":"2021-03-23T16:56:15","date_gmt":"2021-03-23T11:26:15","guid":{"rendered":"https:\/\/developmentuat.kpit.com\/?page_id=9126"},"modified":"2023-07-18T15:38:20","modified_gmt":"2023-07-18T10:08:20","slug":"wissensbasiertes-engineering","status":"publish","type":"page","link":"https:\/\/www.kpit.com\/de\/knowledge-based-engineering\/","title":{"rendered":"Wissensbasiertes Engineering"},"content":{"rendered":"<style>\nbody {<br \/>    background-color: #fff;<br \/>}<br \/>.kpit-banner-title40 {<br \/>    color: #000;<br \/>}<br \/>.news-inner-main p{<br \/>color:#000;<br \/>}<br \/>.kpit-banner-box{<br \/>max-width: 1000px;<br \/>}<br \/>.white_max_width {<br \/>    max-width: 1000px;<br \/>}<br \/>.container750 {<br \/>    max-width: 1000px;<br \/>}<br \/><\/style>\n<p>Wissensbasiertes Engineering hilft allen Produktentwicklungsprogrammen der Branche, ihre Ziele zu erreichen, indem der Designprozess automatisiert und eine zertifizierte Plattform f\u00fcr die Erfassung von Wissen bereitgestellt wird. Einige der Best Practices der erfahrenen Designer sind:<\/p>\n<p><img decoding=\"async\" src=\"https:\/\/www.kpit.com\/wp-content\/uploads\/2021\/03\/Picture2.png\" alt=\"Wissensbasiertes Engineering\" \/><\/p>\n<p>Durch KBE bietet KPIT Kunden einen Vorteil bei der Erkennung ihrer Strategien\/Ziele und der Erfassung von Wissen. Diese L\u00f6sung tr\u00e4gt zur Erh\u00f6hung der Skalierbarkeit bei, indem sie die Regeln, Richtlinien und CAD-Anwendungen automatisiert und die Iterationsarbeit reduziert, was zu einer erweiterten Bandbreite f\u00fcr die Designer f\u00fchrt, um mehr Produktinnovationen zu erzielen.<\/p>","protected":false},"excerpt":{"rendered":"<p>Knowledge based engineering helps all the industries product development program meet their goals by automating the design process and providing certified platform for capturing knowledge, some of the best practices from the expert designers are: Through KBE, KPIT offers advantage to customers in recognizing their strategies\/goals and Knowledge capture. This solution helps increase in scalability [&hellip;]<\/p>\n","protected":false},"author":13,"featured_media":0,"parent":0,"menu_order":0,"comment_status":"closed","ping_status":"closed","template":"redesign-page-new-design.php","meta":{"_acf_changed":false,"footnotes":""},"class_list":["post-9126","page","type-page","status-publish","hentry"],"acf":[],"yoast_head":"<!-- This site is optimized with the Yoast SEO plugin v27.4 - https:\/\/yoast.com\/product\/yoast-seo-wordpress\/ -->\n<title>Knowledge Based Engineering (KBE) - KPIT<\/title>\n<meta name=\"description\" content=\"Knowledge based engineering (KBE) helps all the industries product development programmers meet their goals by automating the design process and providing certified\" \/>\n<meta name=\"robots\" content=\"index, follow, max-snippet:-1, max-image-preview:large, max-video-preview:-1\" \/>\n<link rel=\"canonical\" href=\"https:\/\/www.kpit.com\/de\/wissensbasiertes-engineering\/\" \/>\n<meta property=\"og:locale\" content=\"de_DE\" \/>\n<meta property=\"og:type\" content=\"article\" \/>\n<meta property=\"og:title\" content=\"Knowledge Based Engineering (KBE) - KPIT\" \/>\n<meta property=\"og:description\" content=\"Knowledge based engineering (KBE) helps all the industries product development programmers meet their goals by automating the design process and providing certified\" \/>\n<meta property=\"og:url\" content=\"https:\/\/www.kpit.com\/de\/wissensbasiertes-engineering\/\" \/>\n<meta property=\"og:site_name\" content=\"KPIT\" \/>\n<meta property=\"article:modified_time\" content=\"2023-07-18T10:08:20+00:00\" \/>\n<meta property=\"og:image\" content=\"https:\/\/www.kpit.com\/wp-content\/uploads\/2021\/03\/Picture2.png\" \/>\n<meta name=\"twitter:card\" content=\"summary_large_image\" \/>\n<meta name=\"twitter:label1\" content=\"Gesch\u00e4tzte Lesezeit\" \/>\n\t<meta name=\"twitter:data1\" content=\"1\u00a0Minute\" \/>\n<script type=\"application\/ld+json\" class=\"yoast-schema-graph\">{\"@context\":\"https:\\\/\\\/schema.org\",\"@graph\":[{\"@type\":\"WebPage\",\"@id\":\"https:\\\/\\\/www.kpit.com\\\/knowledge-based-engineering\\\/\",\"url\":\"https:\\\/\\\/www.kpit.com\\\/knowledge-based-engineering\\\/\",\"name\":\"Knowledge Based Engineering (KBE) - KPIT\",\"isPartOf\":{\"@id\":\"https:\\\/\\\/www.kpit.com\\\/#website\"},\"primaryImageOfPage\":{\"@id\":\"https:\\\/\\\/www.kpit.com\\\/knowledge-based-engineering\\\/#primaryimage\"},\"image\":{\"@id\":\"https:\\\/\\\/www.kpit.com\\\/knowledge-based-engineering\\\/#primaryimage\"},\"thumbnailUrl\":\"https:\\\/\\\/www.kpit.com\\\/wp-content\\\/uploads\\\/2021\\\/03\\\/Picture2.png\",\"datePublished\":\"2021-03-23T11:26:15+00:00\",\"dateModified\":\"2023-07-18T10:08:20+00:00\",\"description\":\"Knowledge based engineering (KBE) helps all the industries product development programmers meet their goals by automating the design process and providing certified\",\"breadcrumb\":{\"@id\":\"https:\\\/\\\/www.kpit.com\\\/knowledge-based-engineering\\\/#breadcrumb\"},\"inLanguage\":\"de\",\"potentialAction\":[{\"@type\":\"ReadAction\",\"target\":[\"https:\\\/\\\/www.kpit.com\\\/knowledge-based-engineering\\\/\"]}]},{\"@type\":\"ImageObject\",\"inLanguage\":\"de\",\"@id\":\"https:\\\/\\\/www.kpit.com\\\/knowledge-based-engineering\\\/#primaryimage\",\"url\":\"https:\\\/\\\/www.kpit.com\\\/wp-content\\\/uploads\\\/2021\\\/03\\\/Picture2.png\",\"contentUrl\":\"https:\\\/\\\/www.kpit.com\\\/wp-content\\\/uploads\\\/2021\\\/03\\\/Picture2.png\"},{\"@type\":\"BreadcrumbList\",\"@id\":\"https:\\\/\\\/www.kpit.com\\\/knowledge-based-engineering\\\/#breadcrumb\",\"itemListElement\":[{\"@type\":\"ListItem\",\"position\":1,\"name\":\"Home\",\"item\":\"https:\\\/\\\/www.kpit.com\\\/\"},{\"@type\":\"ListItem\",\"position\":2,\"name\":\"Knowledge Based Engineering\"}]},{\"@type\":\"WebSite\",\"@id\":\"https:\\\/\\\/www.kpit.com\\\/#website\",\"url\":\"https:\\\/\\\/www.kpit.com\\\/\",\"name\":\"KPIT\",\"description\":\"Technology, Mobility, Software, Automotive\",\"publisher\":{\"@id\":\"https:\\\/\\\/www.kpit.com\\\/#organization\"},\"potentialAction\":[{\"@type\":\"SearchAction\",\"target\":{\"@type\":\"EntryPoint\",\"urlTemplate\":\"https:\\\/\\\/www.kpit.com\\\/?s={search_term_string}\"},\"query-input\":{\"@type\":\"PropertyValueSpecification\",\"valueRequired\":true,\"valueName\":\"search_term_string\"}}],\"inLanguage\":\"de\"},{\"@type\":\"Organization\",\"@id\":\"https:\\\/\\\/www.kpit.com\\\/#organization\",\"name\":\"KPIT\",\"url\":\"https:\\\/\\\/www.kpit.com\\\/\",\"logo\":{\"@type\":\"ImageObject\",\"inLanguage\":\"de\",\"@id\":\"https:\\\/\\\/www.kpit.com\\\/#\\\/schema\\\/logo\\\/image\\\/\",\"url\":\"https:\\\/\\\/www.kpit.com\\\/wp-content\\\/uploads\\\/2025\\\/06\\\/favicon-1.png\",\"contentUrl\":\"https:\\\/\\\/www.kpit.com\\\/wp-content\\\/uploads\\\/2025\\\/06\\\/favicon-1.png\",\"width\":512,\"height\":512,\"caption\":\"KPIT\"},\"image\":{\"@id\":\"https:\\\/\\\/www.kpit.com\\\/#\\\/schema\\\/logo\\\/image\\\/\"}}]}<\/script>\n<!-- \/ Yoast SEO plugin. -->","yoast_head_json":{"title":"Wissensbasiertes Engineering (KBE) \u2013 KPIT","description":"Knowledge Based Engineering (KBE) hilft Produktentwicklungsprogrammierern aller Branchen, ihre Ziele zu erreichen, indem es den Designprozess automatisiert und zertifizierte Produkte bereitstellt","robots":{"index":"index","follow":"follow","max-snippet":"max-snippet:-1","max-image-preview":"max-image-preview:large","max-video-preview":"max-video-preview:-1"},"canonical":"https:\/\/www.kpit.com\/de\/wissensbasiertes-engineering\/","og_locale":"de_DE","og_type":"article","og_title":"Knowledge Based Engineering (KBE) - KPIT","og_description":"Knowledge based engineering (KBE) helps all the industries product development programmers meet their goals by automating the design process and providing certified","og_url":"https:\/\/www.kpit.com\/de\/wissensbasiertes-engineering\/","og_site_name":"KPIT","article_modified_time":"2023-07-18T10:08:20+00:00","og_image":[{"url":"https:\/\/www.kpit.com\/wp-content\/uploads\/2021\/03\/Picture2.png","type":"","width":"","height":""}],"twitter_card":"summary_large_image","twitter_misc":{"Gesch\u00e4tzte Lesezeit":"1\u00a0Minute"},"schema":{"@context":"https:\/\/schema.org","@graph":[{"@type":"WebPage","@id":"https:\/\/www.kpit.com\/knowledge-based-engineering\/","url":"https:\/\/www.kpit.com\/knowledge-based-engineering\/","name":"Wissensbasiertes Engineering (KBE) \u2013 KPIT","isPartOf":{"@id":"https:\/\/www.kpit.com\/#website"},"primaryImageOfPage":{"@id":"https:\/\/www.kpit.com\/knowledge-based-engineering\/#primaryimage"},"image":{"@id":"https:\/\/www.kpit.com\/knowledge-based-engineering\/#primaryimage"},"thumbnailUrl":"https:\/\/www.kpit.com\/wp-content\/uploads\/2021\/03\/Picture2.png","datePublished":"2021-03-23T11:26:15+00:00","dateModified":"2023-07-18T10:08:20+00:00","description":"Knowledge Based Engineering (KBE) hilft Produktentwicklungsprogrammierern aller Branchen, ihre Ziele zu erreichen, indem es den Designprozess automatisiert und zertifizierte Produkte bereitstellt","breadcrumb":{"@id":"https:\/\/www.kpit.com\/knowledge-based-engineering\/#breadcrumb"},"inLanguage":"de","potentialAction":[{"@type":"ReadAction","target":["https:\/\/www.kpit.com\/knowledge-based-engineering\/"]}]},{"@type":"ImageObject","inLanguage":"de","@id":"https:\/\/www.kpit.com\/knowledge-based-engineering\/#primaryimage","url":"https:\/\/www.kpit.com\/wp-content\/uploads\/2021\/03\/Picture2.png","contentUrl":"https:\/\/www.kpit.com\/wp-content\/uploads\/2021\/03\/Picture2.png"},{"@type":"BreadcrumbList","@id":"https:\/\/www.kpit.com\/knowledge-based-engineering\/#breadcrumb","itemListElement":[{"@type":"ListItem","position":1,"name":"Home","item":"https:\/\/www.kpit.com\/"},{"@type":"ListItem","position":2,"name":"Knowledge Based Engineering"}]},{"@type":"WebSite","@id":"https:\/\/www.kpit.com\/#website","url":"https:\/\/www.kpit.com\/","name":"KPIT","description":"Technologie, Mobilit\u00e4t, Software, Automotive","publisher":{"@id":"https:\/\/www.kpit.com\/#organization"},"potentialAction":[{"@type":"SearchAction","target":{"@type":"EntryPoint","urlTemplate":"https:\/\/www.kpit.com\/?s={search_term_string}"},"query-input":{"@type":"PropertyValueSpecification","valueRequired":true,"valueName":"search_term_string"}}],"inLanguage":"de"},{"@type":"Organization","@id":"https:\/\/www.kpit.com\/#organization","name":"KPIT","url":"https:\/\/www.kpit.com\/","logo":{"@type":"ImageObject","inLanguage":"de","@id":"https:\/\/www.kpit.com\/#\/schema\/logo\/image\/","url":"https:\/\/www.kpit.com\/wp-content\/uploads\/2025\/06\/favicon-1.png","contentUrl":"https:\/\/www.kpit.com\/wp-content\/uploads\/2025\/06\/favicon-1.png","width":512,"height":512,"caption":"KPIT"},"image":{"@id":"https:\/\/www.kpit.com\/#\/schema\/logo\/image\/"}}]}},"_links":{"self":[{"href":"https:\/\/www.kpit.com\/de\/wp-json\/wp\/v2\/pages\/9126","targetHints":{"allow":["GET"]}}],"collection":[{"href":"https:\/\/www.kpit.com\/de\/wp-json\/wp\/v2\/pages"}],"about":[{"href":"https:\/\/www.kpit.com\/de\/wp-json\/wp\/v2\/types\/page"}],"author":[{"embeddable":true,"href":"https:\/\/www.kpit.com\/de\/wp-json\/wp\/v2\/users\/13"}],"replies":[{"embeddable":true,"href":"https:\/\/www.kpit.com\/de\/wp-json\/wp\/v2\/comments?post=9126"}],"version-history":[{"count":4,"href":"https:\/\/www.kpit.com\/de\/wp-json\/wp\/v2\/pages\/9126\/revisions"}],"predecessor-version":[{"id":18475,"href":"https:\/\/www.kpit.com\/de\/wp-json\/wp\/v2\/pages\/9126\/revisions\/18475"}],"wp:attachment":[{"href":"https:\/\/www.kpit.com\/de\/wp-json\/wp\/v2\/media?parent=9126"}],"curies":[{"name":"wp","href":"https:\/\/api.w.org\/{rel}","templated":true}]}}