

{"id":9113,"date":"2021-03-23T16:47:48","date_gmt":"2021-03-23T11:17:48","guid":{"rendered":"https:\/\/developmentuat.kpit.com\/?page_id=9113"},"modified":"2023-07-18T15:24:10","modified_gmt":"2023-07-18T09:54:10","slug":"value-engineering","status":"publish","type":"page","link":"https:\/\/www.kpit.com\/de\/value-engineering\/","title":{"rendered":"Value-Engineering"},"content":{"rendered":"<style>\nbody {<br \/>    background-color: #fff;<br \/>}<br \/>.kpit-banner-title40 {<br \/>    color: #000;<br \/>}<br \/>.news-inner-main p{<br \/>color:#000;<br \/>}<br \/>.kpit-banner-box{<br \/>max-width: 1000px;<br \/>}<br \/>.white_max_width {<br \/>    max-width: 1000px;<br \/>}<br \/>.container750 {<br \/>    max-width: 1000px;<br \/>}<br \/>.news-inner-main ul li, strong, .news-inner-main ul li::before {<br \/>    color: #000!important;<br \/>}<br \/><\/style>\n<p>Produktorganisationen greifen auf Value Engineering and Value Analysis (VA-VE) zur\u00fcck, wenn es notwendig ist, \u00e4ltere Produkte erneut zu untersuchen oder ihre Produkte mit der Konkurrenz zu vergleichen. Durch die Zusammenarbeit mit einer Reihe von Kunden an mehreren VA-VE-Programmen hat KPIT umfangreiches Fachwissen entwickelt, gest\u00fctzt auf ein gr\u00fcndliches Verst\u00e4ndnis der Methoden und Techniken zur Maximierung des Produktwerts. VA-VE-Methoden k\u00f6nnen in jeder Phase der Produktentwicklung angewendet werden Zyklus, obwohl die gr\u00f6\u00dften Vorteile und Ressourceneinsparungen normalerweise fr\u00fch, w\u00e4hrend der Konzeptphase des Prozesses, erzielt werden. Die einzigartigen VA-VE-L\u00f6sungen von KPIT basieren auf einem ganzheitlichen Ansatz des Value Engineering und k\u00f6nnen auf ein breites Spektrum von Produktlinien angewendet werden.<\/p>\n<p><img decoding=\"async\" src=\"https:\/\/www.kpit.com\/wp-content\/uploads\/2021\/03\/Picture5.png\" alt=\"Value-Engineering\" \/><\/p>\n<h4>Wichtige Highlights f\u00fcr Hochleistungsdieselmotoren<\/h4>\n<ul>\n<li>Umgesetzte Ideen f\u00fchrten zu j\u00e4hrlichen Kosteneinsparungen <strong>\u00fcber $11 Millionen<\/strong><\/li>\n<li><strong>40,000+<\/strong> Teile f\u00fcr komplexe Baugruppen analysiert<\/li>\n<li><strong>1500+ einzigartig<\/strong> Ideen f\u00fcr mechanische und elektrische Subsysteme generiert<\/li>\n<li>Kostenanalyse v <strong>\u00dcber 800 Teile<\/strong><\/li>\n<\/ul>","protected":false},"excerpt":{"rendered":"<p>Product organizations resort to Value Engineering and Value Analysis (VA-VE) when there is a need to re-examine legacy products or benchmark their products against the competition. Having worked with a number of customers on several VA-VE programs, KPIT has developed extensive expertise, backed by a thorough understanding of the methodologies and techniques involved in maximizing [&hellip;]<\/p>\n","protected":false},"author":13,"featured_media":0,"parent":0,"menu_order":0,"comment_status":"closed","ping_status":"closed","template":"redesign-page-new-design.php","meta":{"_acf_changed":false,"footnotes":""},"class_list":["post-9113","page","type-page","status-publish","hentry"],"acf":[],"yoast_head":"<!-- This site is optimized with the Yoast SEO plugin v27.3 - https:\/\/yoast.com\/product\/yoast-seo-wordpress\/ -->\n<title>Value Engineering and Value Analysis (VA-VE)<\/title>\n<meta name=\"description\" content=\"Product organizations resort to Value Engineering and Value Analysis (VA-VE) when there is a need to re-examine legacy products or benchmark their products\" \/>\n<meta name=\"robots\" content=\"index, follow, max-snippet:-1, max-image-preview:large, max-video-preview:-1\" \/>\n<link rel=\"canonical\" href=\"https:\/\/www.kpit.com\/de\/value-engineering\/\" \/>\n<meta property=\"og:locale\" content=\"de_DE\" \/>\n<meta property=\"og:type\" content=\"article\" \/>\n<meta property=\"og:title\" content=\"Value Engineering and Value Analysis (VA-VE)\" \/>\n<meta property=\"og:description\" content=\"Product organizations resort to Value Engineering and Value Analysis (VA-VE) when there is a need to re-examine legacy products or benchmark their products\" \/>\n<meta property=\"og:url\" content=\"https:\/\/www.kpit.com\/de\/value-engineering\/\" \/>\n<meta property=\"og:site_name\" content=\"KPIT\" \/>\n<meta property=\"article:modified_time\" content=\"2023-07-18T09:54:10+00:00\" \/>\n<meta property=\"og:image\" content=\"https:\/\/www.kpit.com\/wp-content\/uploads\/2021\/03\/Picture5.png\" \/>\n<meta name=\"twitter:card\" content=\"summary_large_image\" \/>\n<meta name=\"twitter:label1\" content=\"Gesch\u00e4tzte Lesezeit\" \/>\n\t<meta name=\"twitter:data1\" content=\"2\u00a0Minuten\" \/>\n<script type=\"application\/ld+json\" class=\"yoast-schema-graph\">{\"@context\":\"https:\\\/\\\/schema.org\",\"@graph\":[{\"@type\":\"WebPage\",\"@id\":\"https:\\\/\\\/www.kpit.com\\\/value-engineering\\\/\",\"url\":\"https:\\\/\\\/www.kpit.com\\\/value-engineering\\\/\",\"name\":\"Value Engineering and Value Analysis (VA-VE)\",\"isPartOf\":{\"@id\":\"https:\\\/\\\/www.kpit.com\\\/#website\"},\"primaryImageOfPage\":{\"@id\":\"https:\\\/\\\/www.kpit.com\\\/value-engineering\\\/#primaryimage\"},\"image\":{\"@id\":\"https:\\\/\\\/www.kpit.com\\\/value-engineering\\\/#primaryimage\"},\"thumbnailUrl\":\"https:\\\/\\\/www.kpit.com\\\/wp-content\\\/uploads\\\/2021\\\/03\\\/Picture5.png\",\"datePublished\":\"2021-03-23T11:17:48+00:00\",\"dateModified\":\"2023-07-18T09:54:10+00:00\",\"description\":\"Product organizations resort to Value Engineering and Value Analysis (VA-VE) when there is a need to re-examine legacy products or benchmark their products\",\"breadcrumb\":{\"@id\":\"https:\\\/\\\/www.kpit.com\\\/value-engineering\\\/#breadcrumb\"},\"inLanguage\":\"de\",\"potentialAction\":[{\"@type\":\"ReadAction\",\"target\":[\"https:\\\/\\\/www.kpit.com\\\/value-engineering\\\/\"]}]},{\"@type\":\"ImageObject\",\"inLanguage\":\"de\",\"@id\":\"https:\\\/\\\/www.kpit.com\\\/value-engineering\\\/#primaryimage\",\"url\":\"https:\\\/\\\/www.kpit.com\\\/wp-content\\\/uploads\\\/2021\\\/03\\\/Picture5.png\",\"contentUrl\":\"https:\\\/\\\/www.kpit.com\\\/wp-content\\\/uploads\\\/2021\\\/03\\\/Picture5.png\"},{\"@type\":\"BreadcrumbList\",\"@id\":\"https:\\\/\\\/www.kpit.com\\\/value-engineering\\\/#breadcrumb\",\"itemListElement\":[{\"@type\":\"ListItem\",\"position\":1,\"name\":\"Home\",\"item\":\"https:\\\/\\\/www.kpit.com\\\/\"},{\"@type\":\"ListItem\",\"position\":2,\"name\":\"Value Engineering\"}]},{\"@type\":\"WebSite\",\"@id\":\"https:\\\/\\\/www.kpit.com\\\/#website\",\"url\":\"https:\\\/\\\/www.kpit.com\\\/\",\"name\":\"KPIT\",\"description\":\"Technology, Mobility, Software, Automotive\",\"publisher\":{\"@id\":\"https:\\\/\\\/www.kpit.com\\\/#organization\"},\"potentialAction\":[{\"@type\":\"SearchAction\",\"target\":{\"@type\":\"EntryPoint\",\"urlTemplate\":\"https:\\\/\\\/www.kpit.com\\\/?s={search_term_string}\"},\"query-input\":{\"@type\":\"PropertyValueSpecification\",\"valueRequired\":true,\"valueName\":\"search_term_string\"}}],\"inLanguage\":\"de\"},{\"@type\":\"Organization\",\"@id\":\"https:\\\/\\\/www.kpit.com\\\/#organization\",\"name\":\"KPIT\",\"url\":\"https:\\\/\\\/www.kpit.com\\\/\",\"logo\":{\"@type\":\"ImageObject\",\"inLanguage\":\"de\",\"@id\":\"https:\\\/\\\/www.kpit.com\\\/#\\\/schema\\\/logo\\\/image\\\/\",\"url\":\"https:\\\/\\\/www.kpit.com\\\/wp-content\\\/uploads\\\/2025\\\/06\\\/favicon-1.png\",\"contentUrl\":\"https:\\\/\\\/www.kpit.com\\\/wp-content\\\/uploads\\\/2025\\\/06\\\/favicon-1.png\",\"width\":512,\"height\":512,\"caption\":\"KPIT\"},\"image\":{\"@id\":\"https:\\\/\\\/www.kpit.com\\\/#\\\/schema\\\/logo\\\/image\\\/\"}}]}<\/script>\n<!-- \/ Yoast SEO plugin. -->","yoast_head_json":{"title":"Value Engineering und Wertanalyse (VA-VE)","description":"Produktorganisationen greifen auf Value Engineering und Value Analysis (VA-VE) zur\u00fcck, wenn die Notwendigkeit besteht, \u00e4ltere Produkte erneut zu untersuchen oder ihre Produkte einem Benchmarking zu unterziehen","robots":{"index":"index","follow":"follow","max-snippet":"max-snippet:-1","max-image-preview":"max-image-preview:large","max-video-preview":"max-video-preview:-1"},"canonical":"https:\/\/www.kpit.com\/de\/value-engineering\/","og_locale":"de_DE","og_type":"article","og_title":"Value Engineering and Value Analysis (VA-VE)","og_description":"Product organizations resort to Value Engineering and Value Analysis (VA-VE) when there is a need to re-examine legacy products or benchmark their products","og_url":"https:\/\/www.kpit.com\/de\/value-engineering\/","og_site_name":"KPIT","article_modified_time":"2023-07-18T09:54:10+00:00","og_image":[{"url":"https:\/\/www.kpit.com\/wp-content\/uploads\/2021\/03\/Picture5.png","type":"","width":"","height":""}],"twitter_card":"summary_large_image","twitter_misc":{"Gesch\u00e4tzte Lesezeit":"2\u00a0Minuten"},"schema":{"@context":"https:\/\/schema.org","@graph":[{"@type":"WebPage","@id":"https:\/\/www.kpit.com\/value-engineering\/","url":"https:\/\/www.kpit.com\/value-engineering\/","name":"Value Engineering und Wertanalyse (VA-VE)","isPartOf":{"@id":"https:\/\/www.kpit.com\/#website"},"primaryImageOfPage":{"@id":"https:\/\/www.kpit.com\/value-engineering\/#primaryimage"},"image":{"@id":"https:\/\/www.kpit.com\/value-engineering\/#primaryimage"},"thumbnailUrl":"https:\/\/www.kpit.com\/wp-content\/uploads\/2021\/03\/Picture5.png","datePublished":"2021-03-23T11:17:48+00:00","dateModified":"2023-07-18T09:54:10+00:00","description":"Produktorganisationen greifen auf Value Engineering und Value Analysis (VA-VE) zur\u00fcck, wenn die Notwendigkeit besteht, \u00e4ltere Produkte erneut zu untersuchen oder ihre Produkte einem Benchmarking zu unterziehen","breadcrumb":{"@id":"https:\/\/www.kpit.com\/value-engineering\/#breadcrumb"},"inLanguage":"de","potentialAction":[{"@type":"ReadAction","target":["https:\/\/www.kpit.com\/value-engineering\/"]}]},{"@type":"ImageObject","inLanguage":"de","@id":"https:\/\/www.kpit.com\/value-engineering\/#primaryimage","url":"https:\/\/www.kpit.com\/wp-content\/uploads\/2021\/03\/Picture5.png","contentUrl":"https:\/\/www.kpit.com\/wp-content\/uploads\/2021\/03\/Picture5.png"},{"@type":"BreadcrumbList","@id":"https:\/\/www.kpit.com\/value-engineering\/#breadcrumb","itemListElement":[{"@type":"ListItem","position":1,"name":"Home","item":"https:\/\/www.kpit.com\/"},{"@type":"ListItem","position":2,"name":"Value Engineering"}]},{"@type":"WebSite","@id":"https:\/\/www.kpit.com\/#website","url":"https:\/\/www.kpit.com\/","name":"KPIT","description":"Technologie, Mobilit\u00e4t, Software, Automotive","publisher":{"@id":"https:\/\/www.kpit.com\/#organization"},"potentialAction":[{"@type":"SearchAction","target":{"@type":"EntryPoint","urlTemplate":"https:\/\/www.kpit.com\/?s={search_term_string}"},"query-input":{"@type":"PropertyValueSpecification","valueRequired":true,"valueName":"search_term_string"}}],"inLanguage":"de"},{"@type":"Organization","@id":"https:\/\/www.kpit.com\/#organization","name":"KPIT","url":"https:\/\/www.kpit.com\/","logo":{"@type":"ImageObject","inLanguage":"de","@id":"https:\/\/www.kpit.com\/#\/schema\/logo\/image\/","url":"https:\/\/www.kpit.com\/wp-content\/uploads\/2025\/06\/favicon-1.png","contentUrl":"https:\/\/www.kpit.com\/wp-content\/uploads\/2025\/06\/favicon-1.png","width":512,"height":512,"caption":"KPIT"},"image":{"@id":"https:\/\/www.kpit.com\/#\/schema\/logo\/image\/"}}]}},"_links":{"self":[{"href":"https:\/\/www.kpit.com\/de\/wp-json\/wp\/v2\/pages\/9113","targetHints":{"allow":["GET"]}}],"collection":[{"href":"https:\/\/www.kpit.com\/de\/wp-json\/wp\/v2\/pages"}],"about":[{"href":"https:\/\/www.kpit.com\/de\/wp-json\/wp\/v2\/types\/page"}],"author":[{"embeddable":true,"href":"https:\/\/www.kpit.com\/de\/wp-json\/wp\/v2\/users\/13"}],"replies":[{"embeddable":true,"href":"https:\/\/www.kpit.com\/de\/wp-json\/wp\/v2\/comments?post=9113"}],"version-history":[{"count":5,"href":"https:\/\/www.kpit.com\/de\/wp-json\/wp\/v2\/pages\/9113\/revisions"}],"predecessor-version":[{"id":18472,"href":"https:\/\/www.kpit.com\/de\/wp-json\/wp\/v2\/pages\/9113\/revisions\/18472"}],"wp:attachment":[{"href":"https:\/\/www.kpit.com\/de\/wp-json\/wp\/v2\/media?parent=9113"}],"curies":[{"name":"wp","href":"https:\/\/api.w.org\/{rel}","templated":true}]}}