

{"id":9110,"date":"2021-03-23T16:45:07","date_gmt":"2021-03-23T11:15:07","guid":{"rendered":"https:\/\/developmentuat.kpit.com\/?page_id=9110"},"modified":"2024-05-24T15:49:39","modified_gmt":"2024-05-24T10:19:39","slug":"produktdesign-entwicklung","status":"publish","type":"page","link":"https:\/\/www.kpit.com\/de\/kpit-product-design-development\/","title":{"rendered":"Produktdesign &amp; -entwicklung"},"content":{"rendered":"<p>Wir helfen Ihnen, Ihr Konzept zu validieren und in reale Produkte umzusetzen. Unser grundlegender Fokus auf das Design umfasst die \u00c4sthetik und die Funktionalit\u00e4t des Produkts. Wir sorgen daf\u00fcr, dass Ihr Produkt funktional \u00fcberlegen funktioniert &amp; optisch ansprechend zu anderen Marktbegleitern aussieht.<\/p>\n<p>Unsere Erfahrung in der Produktgestaltung und -entwicklung erm\u00f6glicht es uns, Ihnen auf Ihrer Produktentwicklungsreise reichhaltige und wunderbare Erfahrungen zu bieten. Unser Produktentwicklungsteam hat Weltklasse-Produkte f\u00fcr unsere Kunden entwickelt, die rigorose Forschung, Designstudien, Detail-Engineering, Prototyping und Tests umfassen.<\/p>\n<p><img decoding=\"async\" src=\"https:\/\/www.kpit.com\/wp-content\/uploads\/2021\/03\/Picture3.png\" alt=\"Product Design &amp; Development\" \/><\/p>\n<p>&nbsp;<\/p>","protected":false},"excerpt":{"rendered":"<p>We help you validate your concept and convert it into real products. Our fundamental focus on designing includes aesthetics &amp; the functionality of the product. We make sure that your product works functionally superior &amp; looks visually appealing to other opponents in the market. Our experience in product designing and development allows us to provide [&hellip;]<\/p>\n","protected":false},"author":13,"featured_media":0,"parent":0,"menu_order":0,"comment_status":"closed","ping_status":"closed","template":"redesign-page-new-design.php","meta":{"_acf_changed":false,"footnotes":""},"class_list":["post-9110","page","type-page","status-publish","hentry"],"acf":[],"yoast_head":"<!-- This site is optimized with the Yoast SEO plugin v27.4 - https:\/\/yoast.com\/product\/yoast-seo-wordpress\/ -->\n<title>Product Design and Development - KPIT<\/title>\n<meta name=\"description\" content=\"We help you to validate your concept &amp; convert it into real products. Our experience in product designing &amp; development allows us to provide rich &amp; wonderful experience\" \/>\n<meta name=\"robots\" content=\"index, follow, max-snippet:-1, max-image-preview:large, max-video-preview:-1\" \/>\n<link rel=\"canonical\" href=\"https:\/\/www.kpit.com\/de\/produktdesign-entwicklung\/\" \/>\n<meta property=\"og:locale\" content=\"de_DE\" \/>\n<meta property=\"og:type\" content=\"article\" \/>\n<meta property=\"og:title\" content=\"Product Design and Development - KPIT\" \/>\n<meta property=\"og:description\" content=\"We help you to validate your concept &amp; convert it into real products. Our experience in product designing &amp; development allows us to provide rich &amp; wonderful experience\" \/>\n<meta property=\"og:url\" content=\"https:\/\/www.kpit.com\/de\/produktdesign-entwicklung\/\" \/>\n<meta property=\"og:site_name\" content=\"KPIT\" \/>\n<meta property=\"article:modified_time\" content=\"2024-05-24T10:19:39+00:00\" \/>\n<meta property=\"og:image\" content=\"https:\/\/www.kpit.com\/wp-content\/uploads\/2021\/03\/Picture3.png\" \/>\n<meta name=\"twitter:card\" content=\"summary_large_image\" \/>\n<meta name=\"twitter:label1\" content=\"Gesch\u00e4tzte Lesezeit\" \/>\n\t<meta name=\"twitter:data1\" content=\"1\u00a0Minute\" \/>\n<script type=\"application\/ld+json\" class=\"yoast-schema-graph\">{\"@context\":\"https:\\\/\\\/schema.org\",\"@graph\":[{\"@type\":\"WebPage\",\"@id\":\"https:\\\/\\\/www.kpit.com\\\/kpit-product-design-development\\\/\",\"url\":\"https:\\\/\\\/www.kpit.com\\\/kpit-product-design-development\\\/\",\"name\":\"Product Design and Development - KPIT\",\"isPartOf\":{\"@id\":\"https:\\\/\\\/www.kpit.com\\\/#website\"},\"primaryImageOfPage\":{\"@id\":\"https:\\\/\\\/www.kpit.com\\\/kpit-product-design-development\\\/#primaryimage\"},\"image\":{\"@id\":\"https:\\\/\\\/www.kpit.com\\\/kpit-product-design-development\\\/#primaryimage\"},\"thumbnailUrl\":\"https:\\\/\\\/www.kpit.com\\\/wp-content\\\/uploads\\\/2021\\\/03\\\/Picture3.png\",\"datePublished\":\"2021-03-23T11:15:07+00:00\",\"dateModified\":\"2024-05-24T10:19:39+00:00\",\"description\":\"We help you to validate your concept & convert it into real products. Our experience in product designing & development allows us to provide rich & wonderful experience\",\"breadcrumb\":{\"@id\":\"https:\\\/\\\/www.kpit.com\\\/kpit-product-design-development\\\/#breadcrumb\"},\"inLanguage\":\"de\",\"potentialAction\":[{\"@type\":\"ReadAction\",\"target\":[\"https:\\\/\\\/www.kpit.com\\\/kpit-product-design-development\\\/\"]}]},{\"@type\":\"ImageObject\",\"inLanguage\":\"de\",\"@id\":\"https:\\\/\\\/www.kpit.com\\\/kpit-product-design-development\\\/#primaryimage\",\"url\":\"https:\\\/\\\/www.kpit.com\\\/wp-content\\\/uploads\\\/2021\\\/03\\\/Picture3.png\",\"contentUrl\":\"https:\\\/\\\/www.kpit.com\\\/wp-content\\\/uploads\\\/2021\\\/03\\\/Picture3.png\"},{\"@type\":\"BreadcrumbList\",\"@id\":\"https:\\\/\\\/www.kpit.com\\\/kpit-product-design-development\\\/#breadcrumb\",\"itemListElement\":[{\"@type\":\"ListItem\",\"position\":1,\"name\":\"Home\",\"item\":\"https:\\\/\\\/www.kpit.com\\\/\"},{\"@type\":\"ListItem\",\"position\":2,\"name\":\"Product Design &#038; Development\"}]},{\"@type\":\"WebSite\",\"@id\":\"https:\\\/\\\/www.kpit.com\\\/#website\",\"url\":\"https:\\\/\\\/www.kpit.com\\\/\",\"name\":\"KPIT\",\"description\":\"Technology, Mobility, Software, Automotive\",\"publisher\":{\"@id\":\"https:\\\/\\\/www.kpit.com\\\/#organization\"},\"potentialAction\":[{\"@type\":\"SearchAction\",\"target\":{\"@type\":\"EntryPoint\",\"urlTemplate\":\"https:\\\/\\\/www.kpit.com\\\/?s={search_term_string}\"},\"query-input\":{\"@type\":\"PropertyValueSpecification\",\"valueRequired\":true,\"valueName\":\"search_term_string\"}}],\"inLanguage\":\"de\"},{\"@type\":\"Organization\",\"@id\":\"https:\\\/\\\/www.kpit.com\\\/#organization\",\"name\":\"KPIT\",\"url\":\"https:\\\/\\\/www.kpit.com\\\/\",\"logo\":{\"@type\":\"ImageObject\",\"inLanguage\":\"de\",\"@id\":\"https:\\\/\\\/www.kpit.com\\\/#\\\/schema\\\/logo\\\/image\\\/\",\"url\":\"https:\\\/\\\/www.kpit.com\\\/wp-content\\\/uploads\\\/2025\\\/06\\\/favicon-1.png\",\"contentUrl\":\"https:\\\/\\\/www.kpit.com\\\/wp-content\\\/uploads\\\/2025\\\/06\\\/favicon-1.png\",\"width\":512,\"height\":512,\"caption\":\"KPIT\"},\"image\":{\"@id\":\"https:\\\/\\\/www.kpit.com\\\/#\\\/schema\\\/logo\\\/image\\\/\"}}]}<\/script>\n<!-- \/ Yoast SEO plugin. -->","yoast_head_json":{"title":"Produktdesign und -entwicklung \u2013 KPIT","description":"Wir helfen Ihnen, Ihr Konzept zu validieren und in reale Produkte umzusetzen. Unsere Erfahrung in der Produktgestaltung und -entwicklung erm\u00f6glicht es uns, reichhaltige und wunderbare Erfahrungen zu bieten","robots":{"index":"index","follow":"follow","max-snippet":"max-snippet:-1","max-image-preview":"max-image-preview:large","max-video-preview":"max-video-preview:-1"},"canonical":"https:\/\/www.kpit.com\/de\/produktdesign-entwicklung\/","og_locale":"de_DE","og_type":"article","og_title":"Product Design and Development - KPIT","og_description":"We help you to validate your concept & convert it into real products. Our experience in product designing & development allows us to provide rich & wonderful experience","og_url":"https:\/\/www.kpit.com\/de\/produktdesign-entwicklung\/","og_site_name":"KPIT","article_modified_time":"2024-05-24T10:19:39+00:00","og_image":[{"url":"https:\/\/www.kpit.com\/wp-content\/uploads\/2021\/03\/Picture3.png","type":"","width":"","height":""}],"twitter_card":"summary_large_image","twitter_misc":{"Gesch\u00e4tzte Lesezeit":"1\u00a0Minute"},"schema":{"@context":"https:\/\/schema.org","@graph":[{"@type":"WebPage","@id":"https:\/\/www.kpit.com\/kpit-product-design-development\/","url":"https:\/\/www.kpit.com\/kpit-product-design-development\/","name":"Produktdesign und -entwicklung \u2013 KPIT","isPartOf":{"@id":"https:\/\/www.kpit.com\/#website"},"primaryImageOfPage":{"@id":"https:\/\/www.kpit.com\/kpit-product-design-development\/#primaryimage"},"image":{"@id":"https:\/\/www.kpit.com\/kpit-product-design-development\/#primaryimage"},"thumbnailUrl":"https:\/\/www.kpit.com\/wp-content\/uploads\/2021\/03\/Picture3.png","datePublished":"2021-03-23T11:15:07+00:00","dateModified":"2024-05-24T10:19:39+00:00","description":"Wir helfen Ihnen, Ihr Konzept zu validieren und in reale Produkte umzusetzen. Unsere Erfahrung in der Produktgestaltung und -entwicklung erm\u00f6glicht es uns, reichhaltige und wunderbare Erfahrungen zu bieten","breadcrumb":{"@id":"https:\/\/www.kpit.com\/kpit-product-design-development\/#breadcrumb"},"inLanguage":"de","potentialAction":[{"@type":"ReadAction","target":["https:\/\/www.kpit.com\/kpit-product-design-development\/"]}]},{"@type":"ImageObject","inLanguage":"de","@id":"https:\/\/www.kpit.com\/kpit-product-design-development\/#primaryimage","url":"https:\/\/www.kpit.com\/wp-content\/uploads\/2021\/03\/Picture3.png","contentUrl":"https:\/\/www.kpit.com\/wp-content\/uploads\/2021\/03\/Picture3.png"},{"@type":"BreadcrumbList","@id":"https:\/\/www.kpit.com\/kpit-product-design-development\/#breadcrumb","itemListElement":[{"@type":"ListItem","position":1,"name":"Home","item":"https:\/\/www.kpit.com\/"},{"@type":"ListItem","position":2,"name":"Product Design &#038; Development"}]},{"@type":"WebSite","@id":"https:\/\/www.kpit.com\/#website","url":"https:\/\/www.kpit.com\/","name":"KPIT","description":"Technologie, Mobilit\u00e4t, Software, Automotive","publisher":{"@id":"https:\/\/www.kpit.com\/#organization"},"potentialAction":[{"@type":"SearchAction","target":{"@type":"EntryPoint","urlTemplate":"https:\/\/www.kpit.com\/?s={search_term_string}"},"query-input":{"@type":"PropertyValueSpecification","valueRequired":true,"valueName":"search_term_string"}}],"inLanguage":"de"},{"@type":"Organization","@id":"https:\/\/www.kpit.com\/#organization","name":"KPIT","url":"https:\/\/www.kpit.com\/","logo":{"@type":"ImageObject","inLanguage":"de","@id":"https:\/\/www.kpit.com\/#\/schema\/logo\/image\/","url":"https:\/\/www.kpit.com\/wp-content\/uploads\/2025\/06\/favicon-1.png","contentUrl":"https:\/\/www.kpit.com\/wp-content\/uploads\/2025\/06\/favicon-1.png","width":512,"height":512,"caption":"KPIT"},"image":{"@id":"https:\/\/www.kpit.com\/#\/schema\/logo\/image\/"}}]}},"_links":{"self":[{"href":"https:\/\/www.kpit.com\/de\/wp-json\/wp\/v2\/pages\/9110","targetHints":{"allow":["GET"]}}],"collection":[{"href":"https:\/\/www.kpit.com\/de\/wp-json\/wp\/v2\/pages"}],"about":[{"href":"https:\/\/www.kpit.com\/de\/wp-json\/wp\/v2\/types\/page"}],"author":[{"embeddable":true,"href":"https:\/\/www.kpit.com\/de\/wp-json\/wp\/v2\/users\/13"}],"replies":[{"embeddable":true,"href":"https:\/\/www.kpit.com\/de\/wp-json\/wp\/v2\/comments?post=9110"}],"version-history":[{"count":5,"href":"https:\/\/www.kpit.com\/de\/wp-json\/wp\/v2\/pages\/9110\/revisions"}],"predecessor-version":[{"id":21416,"href":"https:\/\/www.kpit.com\/de\/wp-json\/wp\/v2\/pages\/9110\/revisions\/21416"}],"wp:attachment":[{"href":"https:\/\/www.kpit.com\/de\/wp-json\/wp\/v2\/media?parent=9110"}],"curies":[{"name":"wp","href":"https:\/\/api.w.org\/{rel}","templated":true}]}}