

{"id":7743,"date":"2020-10-09T17:33:22","date_gmt":"2020-10-09T12:03:22","guid":{"rendered":"https:\/\/developmentuat.kpit.com\/?page_id=7743"},"modified":"2024-11-21T19:05:01","modified_gmt":"2024-11-21T13:35:01","slug":"public-lcas-for-kpit-technologies-inc","status":"publish","type":"page","link":"https:\/\/www.kpit.com\/de\/public-lcas-for-kpit-technologies-inc\/","title":{"rendered":"\u00d6ffentliche \u00d6kobilanzen f\u00fcr KPIT Technologies Inc."},"content":{"rendered":"","protected":false},"excerpt":{"rendered":"","protected":false},"author":13,"featured_media":0,"parent":0,"menu_order":0,"comment_status":"closed","ping_status":"closed","template":"page-api.php","meta":{"_acf_changed":false,"footnotes":""},"class_list":["post-7743","page","type-page","status-publish","hentry"],"acf":[],"yoast_head":"<!-- This site is optimized with the Yoast SEO plugin v27.3 - https:\/\/yoast.com\/product\/yoast-seo-wordpress\/ -->\n<title>Public LCAs for KPIT Technologies Inc. - KPIT<\/title>\n<meta name=\"robots\" content=\"noindex, nofollow\" \/>\n<meta property=\"og:locale\" content=\"de_DE\" \/>\n<meta property=\"og:type\" content=\"article\" \/>\n<meta property=\"og:title\" content=\"Public LCAs for KPIT Technologies Inc. - KPIT\" \/>\n<meta property=\"og:url\" content=\"https:\/\/www.kpit.com\/de\/public-lcas-for-kpit-technologies-inc\/\" \/>\n<meta property=\"og:site_name\" content=\"KPIT\" \/>\n<meta property=\"article:modified_time\" content=\"2024-11-21T13:35:01+00:00\" \/>\n<meta name=\"twitter:card\" content=\"summary_large_image\" \/>\n<script type=\"application\/ld+json\" class=\"yoast-schema-graph\">{\"@context\":\"https:\\\/\\\/schema.org\",\"@graph\":[{\"@type\":\"WebPage\",\"@id\":\"https:\\\/\\\/www.kpit.com\\\/public-lcas-for-kpit-technologies-inc\\\/\",\"url\":\"https:\\\/\\\/www.kpit.com\\\/public-lcas-for-kpit-technologies-inc\\\/\",\"name\":\"Public LCAs for KPIT Technologies Inc. - KPIT\",\"isPartOf\":{\"@id\":\"https:\\\/\\\/www.kpit.com\\\/#website\"},\"datePublished\":\"2020-10-09T12:03:22+00:00\",\"dateModified\":\"2024-11-21T13:35:01+00:00\",\"breadcrumb\":{\"@id\":\"https:\\\/\\\/www.kpit.com\\\/public-lcas-for-kpit-technologies-inc\\\/#breadcrumb\"},\"inLanguage\":\"de\",\"potentialAction\":[{\"@type\":\"ReadAction\",\"target\":[\"https:\\\/\\\/www.kpit.com\\\/public-lcas-for-kpit-technologies-inc\\\/\"]}]},{\"@type\":\"BreadcrumbList\",\"@id\":\"https:\\\/\\\/www.kpit.com\\\/public-lcas-for-kpit-technologies-inc\\\/#breadcrumb\",\"itemListElement\":[{\"@type\":\"ListItem\",\"position\":1,\"name\":\"Home\",\"item\":\"https:\\\/\\\/www.kpit.com\\\/\"},{\"@type\":\"ListItem\",\"position\":2,\"name\":\"Public LCAs for KPIT Technologies Inc.\"}]},{\"@type\":\"WebSite\",\"@id\":\"https:\\\/\\\/www.kpit.com\\\/#website\",\"url\":\"https:\\\/\\\/www.kpit.com\\\/\",\"name\":\"KPIT\",\"description\":\"Technology, Mobility, Software, Automotive\",\"publisher\":{\"@id\":\"https:\\\/\\\/www.kpit.com\\\/#organization\"},\"potentialAction\":[{\"@type\":\"SearchAction\",\"target\":{\"@type\":\"EntryPoint\",\"urlTemplate\":\"https:\\\/\\\/www.kpit.com\\\/?s={search_term_string}\"},\"query-input\":{\"@type\":\"PropertyValueSpecification\",\"valueRequired\":true,\"valueName\":\"search_term_string\"}}],\"inLanguage\":\"de\"},{\"@type\":\"Organization\",\"@id\":\"https:\\\/\\\/www.kpit.com\\\/#organization\",\"name\":\"KPIT\",\"url\":\"https:\\\/\\\/www.kpit.com\\\/\",\"logo\":{\"@type\":\"ImageObject\",\"inLanguage\":\"de\",\"@id\":\"https:\\\/\\\/www.kpit.com\\\/#\\\/schema\\\/logo\\\/image\\\/\",\"url\":\"https:\\\/\\\/www.kpit.com\\\/wp-content\\\/uploads\\\/2025\\\/06\\\/favicon-1.png\",\"contentUrl\":\"https:\\\/\\\/www.kpit.com\\\/wp-content\\\/uploads\\\/2025\\\/06\\\/favicon-1.png\",\"width\":512,\"height\":512,\"caption\":\"KPIT\"},\"image\":{\"@id\":\"https:\\\/\\\/www.kpit.com\\\/#\\\/schema\\\/logo\\\/image\\\/\"}}]}<\/script>\n<!-- \/ Yoast SEO plugin. -->","yoast_head_json":{"title":"\u00d6ffentliche \u00d6kobilanzen f\u00fcr KPIT Technologies Inc. - KPIT","robots":{"index":"noindex","follow":"nofollow"},"og_locale":"de_DE","og_type":"article","og_title":"Public LCAs for KPIT Technologies Inc. - KPIT","og_url":"https:\/\/www.kpit.com\/de\/public-lcas-for-kpit-technologies-inc\/","og_site_name":"KPIT","article_modified_time":"2024-11-21T13:35:01+00:00","twitter_card":"summary_large_image","schema":{"@context":"https:\/\/schema.org","@graph":[{"@type":"WebPage","@id":"https:\/\/www.kpit.com\/public-lcas-for-kpit-technologies-inc\/","url":"https:\/\/www.kpit.com\/public-lcas-for-kpit-technologies-inc\/","name":"\u00d6ffentliche \u00d6kobilanzen f\u00fcr KPIT Technologies Inc. - KPIT","isPartOf":{"@id":"https:\/\/www.kpit.com\/#website"},"datePublished":"2020-10-09T12:03:22+00:00","dateModified":"2024-11-21T13:35:01+00:00","breadcrumb":{"@id":"https:\/\/www.kpit.com\/public-lcas-for-kpit-technologies-inc\/#breadcrumb"},"inLanguage":"de","potentialAction":[{"@type":"ReadAction","target":["https:\/\/www.kpit.com\/public-lcas-for-kpit-technologies-inc\/"]}]},{"@type":"BreadcrumbList","@id":"https:\/\/www.kpit.com\/public-lcas-for-kpit-technologies-inc\/#breadcrumb","itemListElement":[{"@type":"ListItem","position":1,"name":"Home","item":"https:\/\/www.kpit.com\/"},{"@type":"ListItem","position":2,"name":"Public LCAs for KPIT Technologies Inc."}]},{"@type":"WebSite","@id":"https:\/\/www.kpit.com\/#website","url":"https:\/\/www.kpit.com\/","name":"KPIT","description":"Technologie, Mobilit\u00e4t, Software, Automotive","publisher":{"@id":"https:\/\/www.kpit.com\/#organization"},"potentialAction":[{"@type":"SearchAction","target":{"@type":"EntryPoint","urlTemplate":"https:\/\/www.kpit.com\/?s={search_term_string}"},"query-input":{"@type":"PropertyValueSpecification","valueRequired":true,"valueName":"search_term_string"}}],"inLanguage":"de"},{"@type":"Organization","@id":"https:\/\/www.kpit.com\/#organization","name":"KPIT","url":"https:\/\/www.kpit.com\/","logo":{"@type":"ImageObject","inLanguage":"de","@id":"https:\/\/www.kpit.com\/#\/schema\/logo\/image\/","url":"https:\/\/www.kpit.com\/wp-content\/uploads\/2025\/06\/favicon-1.png","contentUrl":"https:\/\/www.kpit.com\/wp-content\/uploads\/2025\/06\/favicon-1.png","width":512,"height":512,"caption":"KPIT"},"image":{"@id":"https:\/\/www.kpit.com\/#\/schema\/logo\/image\/"}}]}},"_links":{"self":[{"href":"https:\/\/www.kpit.com\/de\/wp-json\/wp\/v2\/pages\/7743","targetHints":{"allow":["GET"]}}],"collection":[{"href":"https:\/\/www.kpit.com\/de\/wp-json\/wp\/v2\/pages"}],"about":[{"href":"https:\/\/www.kpit.com\/de\/wp-json\/wp\/v2\/types\/page"}],"author":[{"embeddable":true,"href":"https:\/\/www.kpit.com\/de\/wp-json\/wp\/v2\/users\/13"}],"replies":[{"embeddable":true,"href":"https:\/\/www.kpit.com\/de\/wp-json\/wp\/v2\/comments?post=7743"}],"version-history":[{"count":1,"href":"https:\/\/www.kpit.com\/de\/wp-json\/wp\/v2\/pages\/7743\/revisions"}],"predecessor-version":[{"id":7744,"href":"https:\/\/www.kpit.com\/de\/wp-json\/wp\/v2\/pages\/7743\/revisions\/7744"}],"wp:attachment":[{"href":"https:\/\/www.kpit.com\/de\/wp-json\/wp\/v2\/media?parent=7743"}],"curies":[{"name":"wp","href":"https:\/\/api.w.org\/{rel}","templated":true}]}}