

{"id":6670,"date":"2020-05-29T13:24:52","date_gmt":"2020-05-29T07:54:52","guid":{"rendered":"https:\/\/developmentuat.kpit.com\/?page_id=6670"},"modified":"2025-04-28T18:22:36","modified_gmt":"2025-04-28T12:52:36","slug":"briefwahl-2020-21","status":"publish","type":"page","link":"https:\/\/www.kpit.com\/de\/postal-ballot-2020-21\/","title":{"rendered":"Briefwahl 2020-21"},"content":{"rendered":"<h3 class=\"sec-heading\" style=\"text-align: center;\">YEAR 2020-21<\/h3>\n<p>&nbsp;<\/p>\n<p>For temporary registration of e-mail address [on or before, June 30, 2020, 05 P.M. (IST)] for the purpose of remote e-voting on the special resolution as set out in the Postal Ballot Notice dated May 27, 2020 <a href=\"https:\/\/karisma.kfintech.com\/emailreg\" target=\"_blank\" rel=\"noopener noreferrer\">Please Click here<\/a><\/p>\n<p>&nbsp;<\/p>\n<p><img decoding=\"async\" src=\"https:\/\/www.kpit.com\/wp-content\/uploads\/2020\/05\/pdf_icon_01copy.jpg\" alt=\"pdf\" \/>\u00a0<a href=\"https:\/\/www.kpit.com\/wp-content\/uploads\/2020\/05\/Postal-Ballot-Notice-Final.pdf\" target=\"_blank\" rel=\"noopener noreferrer\">Postal Ballot Notice<\/a><\/p>\n<p><img decoding=\"async\" src=\"https:\/\/www.kpit.com\/wp-content\/uploads\/2020\/05\/pdf_icon_01copy.jpg\" alt=\"pdf\" \/>\u00a0<a href=\"https:\/\/www.kpit.com\/wp-content\/uploads\/2020\/05\/Newspaper-Publication.pdf\" target=\"_blank\" rel=\"noopener noreferrer\">Newspaper Publication<\/a><\/p>\n<p><img decoding=\"async\" src=\"https:\/\/www.kpit.com\/wp-content\/uploads\/2020\/05\/pdf_icon_01copy.jpg\" alt=\"pdf\" \/>\u00a0<a href=\"https:\/\/www.kpit.com\/wp-content\/uploads\/2020\/07\/Voting-Results-along-with-Scrutinizer\u2019s-Report-of-Postal-Ballot.pdf\" target=\"_blank\" rel=\"noopener noreferrer\">Voting Results along with Scrutinizer\u2019s Report of Postal Ballot<\/a><\/p>\n<p><img decoding=\"async\" src=\"https:\/\/www.kpit.com\/wp-content\/uploads\/2020\/05\/pdf_icon_01copy.jpg\" alt=\"pdf\" \/>\u00a0<a href=\"https:\/\/www.kpit.com\/wp-content\/uploads\/2020\/08\/4.-New-Stock-Option-Proposal-Postal-Ballot-June-2020.pdf\" target=\"_blank\" rel=\"noopener noreferrer\">New Stock Option Proposal &#8211; Postal Ballot June 2020<\/a><\/p>\n<p><img decoding=\"async\" src=\"https:\/\/www.kpit.com\/wp-content\/uploads\/2020\/05\/pdf_icon_01copy.jpg\" alt=\"pdf\" \/>\u00a0<a href=\"https:\/\/www.kpit.com\/wp-content\/uploads\/2020\/08\/5.-New-Stock-Option-Proposal-Postal-Ballot-June-2020-Updated-11th-June-2020.pdf\" target=\"_blank\" rel=\"noopener noreferrer\">New Stock Option Proposal &#8211; Postal Ballot June 2020 &#8211; Updated 11th June 2020<\/a><\/p>\n","protected":false},"excerpt":{"rendered":"<p>YEAR 2020-21 &nbsp; For temporary registration of e-mail address [on or before, June 30, 2020, 05 P.M. (IST)] for the purpose of remote e-voting on the special resolution as set out in the Postal Ballot Notice dated May 27, 2020 Please Click here &nbsp; \u00a0Postal Ballot Notice \u00a0Newspaper Publication \u00a0Voting Results along with Scrutinizer\u2019s Report [&hellip;]<\/p>\n","protected":false},"author":13,"featured_media":0,"parent":0,"menu_order":0,"comment_status":"closed","ping_status":"closed","template":"investor\/investor-report.php","meta":{"_acf_changed":false,"footnotes":""},"class_list":["post-6670","page","type-page","status-publish","hentry"],"acf":[],"yoast_head":"<!-- This site is optimized with the Yoast SEO plugin v27.3 - https:\/\/yoast.com\/product\/yoast-seo-wordpress\/ -->\n<title>KPIT Postal Ballot 2020-21 - KPIT<\/title>\n<meta name=\"description\" content=\"KPIT announces Postal Ballot for FY2020-21. Learn more about the important details related to the Postal Ballot process. Get the latest updates on KPIT\" \/>\n<meta name=\"robots\" content=\"index, follow, max-snippet:-1, max-image-preview:large, max-video-preview:-1\" \/>\n<link rel=\"canonical\" href=\"https:\/\/www.kpit.com\/de\/briefwahl-2020-21\/\" \/>\n<meta property=\"og:locale\" content=\"de_DE\" \/>\n<meta property=\"og:type\" content=\"article\" \/>\n<meta property=\"og:title\" content=\"KPIT Postal Ballot 2020-21 - KPIT\" \/>\n<meta property=\"og:description\" content=\"KPIT announces Postal Ballot for FY2020-21. Learn more about the important details related to the Postal Ballot process. Get the latest updates on KPIT\" \/>\n<meta property=\"og:url\" content=\"https:\/\/www.kpit.com\/de\/briefwahl-2020-21\/\" \/>\n<meta property=\"og:site_name\" content=\"KPIT\" \/>\n<meta property=\"article:modified_time\" content=\"2025-04-28T12:52:36+00:00\" \/>\n<meta property=\"og:image\" content=\"https:\/\/www.kpit.com\/wp-content\/uploads\/2020\/05\/pdf_icon_01copy.jpg\" \/>\n<meta name=\"twitter:card\" content=\"summary_large_image\" \/>\n<meta name=\"twitter:label1\" content=\"Gesch\u00e4tzte Lesezeit\" \/>\n\t<meta name=\"twitter:data1\" content=\"2\u00a0Minuten\" \/>\n<script type=\"application\/ld+json\" class=\"yoast-schema-graph\">{\"@context\":\"https:\\\/\\\/schema.org\",\"@graph\":[{\"@type\":\"WebPage\",\"@id\":\"https:\\\/\\\/www.kpit.com\\\/postal-ballot-2020-21\\\/\",\"url\":\"https:\\\/\\\/www.kpit.com\\\/postal-ballot-2020-21\\\/\",\"name\":\"KPIT Postal Ballot 2020-21 - KPIT\",\"isPartOf\":{\"@id\":\"https:\\\/\\\/www.kpit.com\\\/#website\"},\"primaryImageOfPage\":{\"@id\":\"https:\\\/\\\/www.kpit.com\\\/postal-ballot-2020-21\\\/#primaryimage\"},\"image\":{\"@id\":\"https:\\\/\\\/www.kpit.com\\\/postal-ballot-2020-21\\\/#primaryimage\"},\"thumbnailUrl\":\"https:\\\/\\\/www.kpit.com\\\/wp-content\\\/uploads\\\/2020\\\/05\\\/pdf_icon_01copy.jpg\",\"datePublished\":\"2020-05-29T07:54:52+00:00\",\"dateModified\":\"2025-04-28T12:52:36+00:00\",\"description\":\"KPIT announces Postal Ballot for FY2020-21. Learn more about the important details related to the Postal Ballot process. Get the latest updates on KPIT\",\"breadcrumb\":{\"@id\":\"https:\\\/\\\/www.kpit.com\\\/postal-ballot-2020-21\\\/#breadcrumb\"},\"inLanguage\":\"de\",\"potentialAction\":[{\"@type\":\"ReadAction\",\"target\":[\"https:\\\/\\\/www.kpit.com\\\/postal-ballot-2020-21\\\/\"]}]},{\"@type\":\"ImageObject\",\"inLanguage\":\"de\",\"@id\":\"https:\\\/\\\/www.kpit.com\\\/postal-ballot-2020-21\\\/#primaryimage\",\"url\":\"https:\\\/\\\/www.kpit.com\\\/wp-content\\\/uploads\\\/2020\\\/05\\\/pdf_icon_01copy.jpg\",\"contentUrl\":\"https:\\\/\\\/www.kpit.com\\\/wp-content\\\/uploads\\\/2020\\\/05\\\/pdf_icon_01copy.jpg\"},{\"@type\":\"BreadcrumbList\",\"@id\":\"https:\\\/\\\/www.kpit.com\\\/postal-ballot-2020-21\\\/#breadcrumb\",\"itemListElement\":[{\"@type\":\"ListItem\",\"position\":1,\"name\":\"Home\",\"item\":\"https:\\\/\\\/www.kpit.com\\\/\"},{\"@type\":\"ListItem\",\"position\":2,\"name\":\"Postal Ballot 2020-21\"}]},{\"@type\":\"WebSite\",\"@id\":\"https:\\\/\\\/www.kpit.com\\\/#website\",\"url\":\"https:\\\/\\\/www.kpit.com\\\/\",\"name\":\"KPIT\",\"description\":\"Technology, Mobility, Software, Automotive\",\"publisher\":{\"@id\":\"https:\\\/\\\/www.kpit.com\\\/#organization\"},\"potentialAction\":[{\"@type\":\"SearchAction\",\"target\":{\"@type\":\"EntryPoint\",\"urlTemplate\":\"https:\\\/\\\/www.kpit.com\\\/?s={search_term_string}\"},\"query-input\":{\"@type\":\"PropertyValueSpecification\",\"valueRequired\":true,\"valueName\":\"search_term_string\"}}],\"inLanguage\":\"de\"},{\"@type\":\"Organization\",\"@id\":\"https:\\\/\\\/www.kpit.com\\\/#organization\",\"name\":\"KPIT\",\"url\":\"https:\\\/\\\/www.kpit.com\\\/\",\"logo\":{\"@type\":\"ImageObject\",\"inLanguage\":\"de\",\"@id\":\"https:\\\/\\\/www.kpit.com\\\/#\\\/schema\\\/logo\\\/image\\\/\",\"url\":\"https:\\\/\\\/www.kpit.com\\\/wp-content\\\/uploads\\\/2025\\\/06\\\/favicon-1.png\",\"contentUrl\":\"https:\\\/\\\/www.kpit.com\\\/wp-content\\\/uploads\\\/2025\\\/06\\\/favicon-1.png\",\"width\":512,\"height\":512,\"caption\":\"KPIT\"},\"image\":{\"@id\":\"https:\\\/\\\/www.kpit.com\\\/#\\\/schema\\\/logo\\\/image\\\/\"}}]}<\/script>\n<!-- \/ Yoast SEO plugin. -->","yoast_head_json":{"title":"KPIT-Briefwahlzettel 2020-21 - KPIT","description":"KPIT k\u00fcndigt Briefwahl f\u00fcr das Gesch\u00e4ftsjahr 2020-21 an. Erfahren Sie mehr \u00fcber die wichtigen Details im Zusammenhang mit dem Briefwahlverfahren. Erhalten Sie die neuesten Updates zu KPIT","robots":{"index":"index","follow":"follow","max-snippet":"max-snippet:-1","max-image-preview":"max-image-preview:large","max-video-preview":"max-video-preview:-1"},"canonical":"https:\/\/www.kpit.com\/de\/briefwahl-2020-21\/","og_locale":"de_DE","og_type":"article","og_title":"KPIT Postal Ballot 2020-21 - KPIT","og_description":"KPIT announces Postal Ballot for FY2020-21. Learn more about the important details related to the Postal Ballot process. Get the latest updates on KPIT","og_url":"https:\/\/www.kpit.com\/de\/briefwahl-2020-21\/","og_site_name":"KPIT","article_modified_time":"2025-04-28T12:52:36+00:00","og_image":[{"url":"https:\/\/www.kpit.com\/wp-content\/uploads\/2020\/05\/pdf_icon_01copy.jpg","type":"","width":"","height":""}],"twitter_card":"summary_large_image","twitter_misc":{"Gesch\u00e4tzte Lesezeit":"2\u00a0Minuten"},"schema":{"@context":"https:\/\/schema.org","@graph":[{"@type":"WebPage","@id":"https:\/\/www.kpit.com\/postal-ballot-2020-21\/","url":"https:\/\/www.kpit.com\/postal-ballot-2020-21\/","name":"KPIT-Briefwahlzettel 2020-21 - KPIT","isPartOf":{"@id":"https:\/\/www.kpit.com\/#website"},"primaryImageOfPage":{"@id":"https:\/\/www.kpit.com\/postal-ballot-2020-21\/#primaryimage"},"image":{"@id":"https:\/\/www.kpit.com\/postal-ballot-2020-21\/#primaryimage"},"thumbnailUrl":"https:\/\/www.kpit.com\/wp-content\/uploads\/2020\/05\/pdf_icon_01copy.jpg","datePublished":"2020-05-29T07:54:52+00:00","dateModified":"2025-04-28T12:52:36+00:00","description":"KPIT k\u00fcndigt Briefwahl f\u00fcr das Gesch\u00e4ftsjahr 2020-21 an. Erfahren Sie mehr \u00fcber die wichtigen Details im Zusammenhang mit dem Briefwahlverfahren. Erhalten Sie die neuesten Updates zu KPIT","breadcrumb":{"@id":"https:\/\/www.kpit.com\/postal-ballot-2020-21\/#breadcrumb"},"inLanguage":"de","potentialAction":[{"@type":"ReadAction","target":["https:\/\/www.kpit.com\/postal-ballot-2020-21\/"]}]},{"@type":"ImageObject","inLanguage":"de","@id":"https:\/\/www.kpit.com\/postal-ballot-2020-21\/#primaryimage","url":"https:\/\/www.kpit.com\/wp-content\/uploads\/2020\/05\/pdf_icon_01copy.jpg","contentUrl":"https:\/\/www.kpit.com\/wp-content\/uploads\/2020\/05\/pdf_icon_01copy.jpg"},{"@type":"BreadcrumbList","@id":"https:\/\/www.kpit.com\/postal-ballot-2020-21\/#breadcrumb","itemListElement":[{"@type":"ListItem","position":1,"name":"Home","item":"https:\/\/www.kpit.com\/"},{"@type":"ListItem","position":2,"name":"Postal Ballot 2020-21"}]},{"@type":"WebSite","@id":"https:\/\/www.kpit.com\/#website","url":"https:\/\/www.kpit.com\/","name":"KPIT","description":"Technologie, Mobilit\u00e4t, Software, Automotive","publisher":{"@id":"https:\/\/www.kpit.com\/#organization"},"potentialAction":[{"@type":"SearchAction","target":{"@type":"EntryPoint","urlTemplate":"https:\/\/www.kpit.com\/?s={search_term_string}"},"query-input":{"@type":"PropertyValueSpecification","valueRequired":true,"valueName":"search_term_string"}}],"inLanguage":"de"},{"@type":"Organization","@id":"https:\/\/www.kpit.com\/#organization","name":"KPIT","url":"https:\/\/www.kpit.com\/","logo":{"@type":"ImageObject","inLanguage":"de","@id":"https:\/\/www.kpit.com\/#\/schema\/logo\/image\/","url":"https:\/\/www.kpit.com\/wp-content\/uploads\/2025\/06\/favicon-1.png","contentUrl":"https:\/\/www.kpit.com\/wp-content\/uploads\/2025\/06\/favicon-1.png","width":512,"height":512,"caption":"KPIT"},"image":{"@id":"https:\/\/www.kpit.com\/#\/schema\/logo\/image\/"}}]}},"_links":{"self":[{"href":"https:\/\/www.kpit.com\/de\/wp-json\/wp\/v2\/pages\/6670","targetHints":{"allow":["GET"]}}],"collection":[{"href":"https:\/\/www.kpit.com\/de\/wp-json\/wp\/v2\/pages"}],"about":[{"href":"https:\/\/www.kpit.com\/de\/wp-json\/wp\/v2\/types\/page"}],"author":[{"embeddable":true,"href":"https:\/\/www.kpit.com\/de\/wp-json\/wp\/v2\/users\/13"}],"replies":[{"embeddable":true,"href":"https:\/\/www.kpit.com\/de\/wp-json\/wp\/v2\/comments?post=6670"}],"version-history":[{"count":10,"href":"https:\/\/www.kpit.com\/de\/wp-json\/wp\/v2\/pages\/6670\/revisions"}],"predecessor-version":[{"id":26807,"href":"https:\/\/www.kpit.com\/de\/wp-json\/wp\/v2\/pages\/6670\/revisions\/26807"}],"wp:attachment":[{"href":"https:\/\/www.kpit.com\/de\/wp-json\/wp\/v2\/media?parent=6670"}],"curies":[{"name":"wp","href":"https:\/\/api.w.org\/{rel}","templated":true}]}}