

{"id":5285,"date":"2019-09-06T16:30:26","date_gmt":"2019-09-06T11:00:26","guid":{"rendered":"https:\/\/developmentuat.kpit.com\/?page_id=5285"},"modified":"2025-05-27T17:13:47","modified_gmt":"2025-05-27T11:43:47","slug":"informationspflichten","status":"publish","type":"page","link":"https:\/\/www.kpit.com\/de\/information-requirements\/","title":{"rendered":"Informationspflichten"},"content":{"rendered":"<p><strong>Informationspflichten gem. 13 DSGVO<\/strong><\/p>\n<p>Der Schutz Ihrer pers\u00f6nlichen Daten ist uns sehr wichtig. Wir verarbeiten daher Ihre personenbezogenen Daten<br \/>\nDaten (kurz \u201cDaten\u201d) ausschlie\u00dflich auf Grundlage der gesetzlichen Bestimmungen. Mit dieser Datenschutzerkl\u00e4rung<br \/>\nErkl\u00e4rung m\u00f6chten wir Sie umfassend \u00fcber die Verarbeitung Ihrer Daten in unserer informieren<br \/>\nUnternehmen und die Ihnen zustehenden datenschutzrechtlichen Anspr\u00fcche und Rechte gem\u00e4\u00df Art.<br \/>\n13 der Europ\u00e4ischen Datenschutz-Grundverordnung (EU-DSGVO).<\/p>\n<p><strong>1. Wer ist f\u00fcr die Datenverarbeitung verantwortlich und an wen k\u00f6nnen Sie sich wenden?<\/strong><\/p>\n<p>Verantwortlich f\u00fcr die Datenverarbeitung:<br \/>\nKPIT Technologies GmbH<br \/>\nFrankfurter Ring 105b<br \/>\n80807 M\u00fcnchen<br \/>\nDeutschland<br \/>\nE-mail:\u00a0DataPrivacy@www.kpit.com<br \/>\nTelefon: +49 89 322 99 66<\/p>\n<p>Deutscher Datenschutzbeauftragter gem\u00e4\u00df Artikel 37 Datenschutz-Grundverordnung (DSGVO) ist:<br \/>\nMatthias Ha\u00dfler (LL.M.)<br \/>\nProjekt 29 GmbH &amp; Co. KG<br \/>\nOstengasse 14<br \/>\n93047 Regensburg<br \/>\nTel.: +49 941 2986930<br \/>\nTelefax: +49 941 29869316<br \/>\nE-Mail: m.hassler@projekt29.de<br \/>\nInternet: www.projekt29.de<\/p>\n<p><strong>2. Welche Daten werden verarbeitet und aus welchen Quellen stammen diese Daten?<\/strong><br \/>\nDie Verarbeitung der Daten, die wir von Ihnen im Rahmen der Vertragsanbahnung oder Vertragsabwicklung erhalten haben, erfolgt auf Grundlage einer Einwilligung oder im Rahmen Ihrer Bewerbung bzw. Ihres Besch\u00e4ftigungsverh\u00e4ltnisses bei uns.<\/p>\n<p><strong>Personenbezogene Daten umfassen Folgendes:<\/strong><br \/>\nIhre Stamm-\/Kontaktdaten ggf <strong>Kunden;<\/strong> dazu geh\u00f6ren beispielsweise Vor- und Nachname, Adresse, Kontaktdaten (E-Mail-Adresse, Telefonnummer, Fax), Bankdaten.<\/p>\n<p>Im Falle von <strong>Bewerber und Mitarbeiter,<\/strong> dazu geh\u00f6ren beispielsweise Vor- und Nachname, Adresse, Kontaktdaten (E-Mail-Adresse, Telefonnummer, Fax), Geburtsdatum, Daten aus Lebenslauf und Arbeitszeugnissen, Bankdaten, Religionszugeh\u00f6rigkeit, Lichtbilder.<\/p>\n<p>Im Falle von <strong>Gesch\u00e4ftspartner,<\/strong> dazu geh\u00f6ren beispielsweise Name des gesetzlichen Vertreters, Firma, Handelsregisternummer, Umsatzsteuer-Identifikationsnummer, Firmennummer, Anschrift, Ansprechpartner Kontaktdaten (E-Mail-Adresse, Telefonnummer, Fax), Bankverbindung.<\/p>\n<p>Im Falle von <strong>Besucher<\/strong> gegen\u00fcber unserem Unternehmen sind dies Vorname, Nachname, Kfz-Kennzeichen und Unterschrift.<\/p>\n<p>Im Falle von <strong>Journalisten,<\/strong> dazu geh\u00f6ren Vor- und Nachname, E-Mail-Adresse, Faxnummer.<\/p>\n<p>Im Falle von <strong>Wettbewerbsteilnehmer<\/strong> dazu geh\u00f6ren Vorname, Nachname und E-Mail-Adresse.<\/p>\n<p>Dar\u00fcber hinaus verarbeiten wir auch die folgenden weiteren personenbezogenen Daten:<br \/>\n\u2013 Informationen \u00fcber Art und Inhalt von Vertragsdaten, Auftragsdaten, Verkaufs- und Belegdaten, Kunden- und Lieferantenhistorie sowie Beratungsdokumenten<br \/>\n\u2013 Werbe- und Verkaufsdaten<br \/>\n\u2013 Informationen aus Ihrer elektronischen Kommunikation mit uns (z. B. IP-Adresse, Anmeldedaten)<br \/>\n\u2013 Sonstige Daten, die wir im Rahmen unserer Gesch\u00e4ftsbeziehung von Ihnen erhalten haben (z. B. in Gespr\u00e4chen mit Kunden)<br \/>\n\u2013 Daten, die wir selbst aus Stammdaten\/Kontaktdaten und anderen Daten wie Kundenbedarfs- und Kundenpotenzialanalysen generieren<br \/>\n\u2013 Ihre Einwilligungserkl\u00e4rung zum Erhalt von z. B. Newslettern<br \/>\n\u2013 Fotografie w\u00e4hrend Veranstaltungen<\/p>\n<p><strong>3. F\u00fcr welche Zwecke und auf welcher Rechtsgrundlage werden die Daten verarbeitet?<\/strong><br \/>\nWir verarbeiten Ihre Daten im Einklang mit den Bestimmungen der Datenschutz-Grundverordnung (DSGVO) und dem Bundesdatenschutzgesetz 2018 in der jeweils g\u00fcltigen Fassung:<\/p>\n<ul>\n<li><strong>zur Erf\u00fcllung (vor)vertraglicher Pflichten (Art. 6 Abs. 1 lit. b DSGVO):<\/strong><\/li>\n<\/ul>\n<p>Die Verarbeitung Ihrer Daten zur Vertragsabwicklung erfolgt online oder in einer unserer Filialen, zur Vertragsabwicklung Ihrer Mitarbeiter in unserem Unternehmen. Die Daten werden insbesondere im Rahmen der Gesch\u00e4ftsanbahnung und Durchf\u00fchrung von Vertr\u00e4gen mit Ihnen verarbeitet.<\/p>\n<ul>\n<li><strong>zur Erf\u00fcllung rechtlicher Verpflichtungen (Art. 6 Abs. 1 lit. c DSGVO):<\/strong><\/li>\n<\/ul>\n<p>Eine Verarbeitung Ihrer Daten ist zur Erf\u00fcllung verschiedener gesetzlicher Verpflichtungen erforderlich, die sich beispielsweise aus dem Handelsgesetzbuch oder der Abgabenordnung ergeben.<\/p>\n<ul>\n<li><strong>zur Wahrung berechtigter Interessen (Art. 6 Abs. 1 lit. f DSGVO):<\/strong><\/li>\n<\/ul>\n<p>Aufgrund der Interessenabw\u00e4gung kann eine Datenverarbeitung auch nach der eigentlichen Vertragserf\u00fcllung zur Wahrung berechtigter Interessen von uns oder Dritten erfolgen. Eine Datenverarbeitung zur Wahrung berechtigter Interessen erfolgt beispielsweise in folgenden F\u00e4llen:<br \/>\n\u2013 Werbung oder Marketing (siehe Punkt 4)<br \/>\n\u2013 Ma\u00dfnahmen zur Gesch\u00e4ftsf\u00fchrung und Weiterentwicklung von Dienstleistungen und Produkten<br \/>\n\u2013 Pflege einer gruppenweiten Kundendatenbank zur Verbesserung des Kundenservice<br \/>\n\u2013 Im Zusammenhang mit Gerichtsverfahren<br \/>\n\u2013 Versand von nicht werblichen Informationen und Pressemitteilungen.<\/p>\n<ul>\n<li><strong>vorbehaltlich Ihrer Einwilligung (Art. 6 Abs. 1 lit. a DSGVO):<\/strong><\/li>\n<\/ul>\n<p>Wenn Sie uns eine Einwilligung zur Verarbeitung Ihrer Daten erteilt haben, zB durch Zusendung unseres Newsletters, Ver\u00f6ffentlichung von Fotos, Gewinnspielen etc., verwenden wir Ihre Daten nicht f\u00fcr andere Zwecke.<\/p>\n<p><strong>4. Verarbeitung personenbezogener Daten zu Werbezwecken<\/strong><br \/>\nDer Verwendung Ihrer personenbezogenen Daten f\u00fcr Werbezwecke k\u00f6nnen Sie jederzeit insgesamt oder f\u00fcr einzelne Ma\u00dfnahmen widersprechen, ohne dass hierf\u00fcr andere als die \u00dcbermittlungskosten nach den Basistarifen entstehen.<\/p>\n<p>Wir sind unter den gesetzlichen Voraussetzungen des \u00a7 7 Abs.3 UWG berechtigt, die von Ihnen bei Vertragsschluss angegebene E-Mail-Adresse zur Direktwerbung f\u00fcr eigene \u00e4hnliche Waren oder Dienstleistungen zu nutzen. Diese Produktempfehlungen erhalten Sie von uns unabh\u00e4ngig davon, ob Sie einen Newsletter abonniert haben oder nicht.<\/p>\n<p>Wenn Sie solche Empfehlungen von uns nicht per E-Mail erhalten m\u00f6chten, k\u00f6nnen Sie der Verwendung Ihrer Adresse zu diesem Zweck jederzeit widersprechen, ohne dass hierf\u00fcr andere als die \u00dcbermittlungskosten nach den Basistarifen entstehen. Eine SMS reicht hierf\u00fcr aus. Selbstverst\u00e4ndlich enth\u00e4lt jede E-Mail immer einen Abmeldelink.<\/p>\n<p><strong>5. Wer erh\u00e4lt meine Daten?<\/strong><br \/>\nAuch wenn wir uns zur Auftragsabwicklung eines Dienstleisters bedienen, bleiben wir dennoch f\u00fcr den Schutz Ihrer Daten verantwortlich. Alle Auftragsverarbeiter sind vertraglich dazu verpflichtet, Ihre Daten vertraulich zu behandeln und nur im Rahmen der Leistungserbringung zu verarbeiten. Die von uns beauftragten Auftragsverarbeiter erhalten Ihre Daten, soweit diese die Daten zur Erf\u00fcllung ihrer jeweiligen Leistung ben\u00f6tigen. Dies sind beispielsweise IT-Dienstleister, die wir f\u00fcr den Betrieb und die Sicherheit unseres IT-Systems ben\u00f6tigen, sowie Werbe- und Adressverlage f\u00fcr unsere eigenen Werbema\u00dfnahmen.<\/p>\n<p>Diese Daten werden den Konzernunternehmen ggf. zur Vertragsabwicklung zur Verf\u00fcgung gestellt. Die Kundendaten werden f\u00fcr jedes Unternehmen separat gespeichert, wobei unsere Muttergesellschaft als Dienstleister f\u00fcr die einzelnen teilnehmenden Unternehmen fungiert.<\/p>\n<p>Bei Vorliegen einer gesetzlichen Verpflichtung und im Rahmen einer Rechtsverfolgung k\u00f6nnen Beh\u00f6rden und Gerichte sowie Wirtschaftspr\u00fcfer Empf\u00e4nger Ihrer Daten sein.<\/p>\n<p>Auch Versicherungen, Banken, Auskunfteien und Dienstleister k\u00f6nnen zum Zweck der Vertragsanbahnung und Vertragserf\u00fcllung Empf\u00e4nger Ihrer Daten sein.<\/p>\n<p><strong>6. Wie lange werden meine Daten gespeichert?<\/strong><\/p>\n<p>Wir verarbeiten Ihre Daten bis zur Beendigung der Gesch\u00e4ftsbeziehung oder bis zum Ablauf der geltenden gesetzlichen Aufbewahrungsfristen (z. B. nach HGB, Abgabenordnung oder Arbeitszeitgesetz); dar\u00fcber hinaus bis zur Beendigung etwaiger Rechtsstreitigkeiten, bei denen die Daten als Beweis ben\u00f6tigt werden.<\/p>\n<p><strong>7. Werden personenbezogene Daten in ein Drittland \u00fcbermittelt?<\/strong><br \/>\nWir \u00fcbermitteln grunds\u00e4tzlich keine Daten an Drittl\u00e4nder. In diesem Fall werden Daten ggf. zur Vertragsabwicklung an die Konzernunternehmen weitergegeben. Eine solche \u00dcbermittlung erfolgt nur auf Grundlage von Standardvertragsklauseln und\/oder angemessener Garantien.<\/p>\n<p><strong>8. Welche Datenschutzrechte habe ich?<\/strong><\/p>\n<p>Sie haben jederzeit das Recht auf Auskunft, Berichtigung, L\u00f6schung oder Einschr\u00e4nkung der Verarbeitung Ihrer gespeicherten Daten; ein Widerspruchsrecht gegen die Verarbeitung sowie ein Recht auf Daten\u00fcbertragbarkeit und Beschwerde nach dem Datenschutzrecht.<\/p>\n<p><strong>Recht auf Information:<\/strong><br \/>\nSie k\u00f6nnen von uns Auskunft dar\u00fcber verlangen, ob und in welchem Umfang wir Ihre Daten verarbeiten.<\/p>\n<p><strong>Recht auf Berichtigung:<\/strong><br \/>\nSollten wir unvollst\u00e4ndige oder ungenaue Daten verarbeiten, k\u00f6nnen Sie jederzeit deren Berichtigung oder Vervollst\u00e4ndigung verlangen.<\/p>\n<p><strong>Recht auf L\u00f6schung:<\/strong><br \/>\nSie k\u00f6nnen verlangen, dass wir Ihre Daten l\u00f6schen, wenn wir diese unrechtm\u00e4\u00dfig verarbeiten oder die Verarbeitung unverh\u00e4ltnism\u00e4\u00dfig in Ihre berechtigten Schutzinteressen eingreift. Bitte beachten Sie, dass es Gr\u00fcnde geben kann, die einer sofortigen L\u00f6schung entgegenstehen, zB bei gesetzlich geregelten Aufbewahrungspflichten.<br \/>\nUnabh\u00e4ngig von der Aus\u00fcbung Ihres Rechts auf L\u00f6schung werden wir Ihre Daten unverz\u00fcglich und vollst\u00e4ndig l\u00f6schen, soweit dem keine gesetzlichen oder satzungsm\u00e4\u00dfigen Aufbewahrungspflichten entgegenstehen.<\/p>\n<p><strong>Recht auf eingeschr\u00e4nkte Verarbeitung:<\/strong><br \/>\nSie k\u00f6nnen von uns verlangen, die Verarbeitung Ihrer Daten einzuschr\u00e4nken, wenn<br \/>\n\u2013 Sie bestreiten die Richtigkeit der Daten f\u00fcr einen Zeitraum, der es uns erm\u00f6glicht, die Richtigkeit der Daten zu \u00fcberpr\u00fcfen.<br \/>\n\u2013 Die Verarbeitung der Daten ist rechtswidrig, aber Sie weigern sich, sie zu l\u00f6schen, und fordern stattdessen eine Einschr\u00e4nkung der Nutzung der Daten.<br \/>\n\u2013 Wir ben\u00f6tigen die Daten nicht mehr f\u00fcr den urspr\u00fcnglich vorgesehenen Zweck, aber Sie ben\u00f6tigen diese Daten weiterhin zur Geltendmachung oder Verteidigung von Rechtsanspr\u00fcchen, oder<br \/>\n\u2013 Sie haben der Verarbeitung der Daten widersprochen.<\/p>\n<p><strong>Recht auf Daten\u00fcbertragbarkeit:<\/strong><br \/>\nSie k\u00f6nnen verlangen, dass wir die von Ihnen bereitgestellten Daten in einem strukturierten, g\u00e4ngigen und maschinenlesbaren Format bereitstellen und diese Daten ohne unser Zutun einem anderen Verantwortlichen \u00fcbermitteln, sofern dies der Fall ist<br \/>\n\u2013 Wir verarbeiten diese Daten auf Grundlage Ihrer erteilten und widerruflichen Einwilligung oder zur Erf\u00fcllung eines Vertrags zwischen uns und<br \/>\n\u2013 dass diese Verarbeitung mithilfe automatisierter Verfahren erfolgt.<br \/>\nBei technischer Machbarkeit k\u00f6nnen Sie von uns verlangen, Ihre Daten direkt an einen anderen Verantwortlichen zu \u00fcbermitteln.<\/p>\n<p><strong>Widerspruchsrecht:<\/strong><br \/>\nWenn wir Ihre Daten aus berechtigten Gr\u00fcnden verarbeiten, k\u00f6nnen Sie dieser Verarbeitung jederzeit widersprechen; dies w\u00fcrde auch f\u00fcr ein auf diese Bestimmungen gest\u00fctztes Profiling gelten. Wir verarbeiten Ihre Daten dann nicht mehr, es sei denn, wir k\u00f6nnen zwingende schutzw\u00fcrdige Gr\u00fcnde f\u00fcr die Verarbeitung nachweisen, die Ihre Interessen, Rechte und Freiheiten \u00fcberwiegen, oder die Verarbeitung dient der Geltendmachung, Aus\u00fcbung oder Verteidigung von Rechtsanspr\u00fcchen. Der Verarbeitung Ihrer Daten zum Zwecke der Direktwerbung k\u00f6nnen Sie jederzeit ohne Angabe von Gr\u00fcnden widersprechen.<\/p>\n<p><strong>Beschwerderecht:<\/strong><br \/>\nWenn Sie glauben, dass wir bei der Verarbeitung Ihrer Daten gegen deutsches oder europ\u00e4isches Datenschutzrecht versto\u00dfen, kontaktieren Sie uns bitte, damit wir Ihre Fragen kl\u00e4ren k\u00f6nnen. Selbstverst\u00e4ndlich haben Sie auch das Recht, sich an die f\u00fcr Sie zust\u00e4ndige Aufsichtsbeh\u00f6rde, das jeweilige Landesamt f\u00fcr Datenschutzaufsicht, zu wenden.<br \/>\nWenn Sie eines der vorstehenden Rechte uns gegen\u00fcber geltend machen m\u00f6chten, wenden Sie sich bitte an unseren Datenschutzbeauftragten. Im Zweifelsfall k\u00f6nnen wir zus\u00e4tzliche Informationen anfordern, um Ihre Identit\u00e4t zu best\u00e4tigen.<\/p>\n<p><strong>9. Bin ich verpflichtet, Daten bereitzustellen?<\/strong><\/p>\n<p>Die Verarbeitung Ihrer Daten ist f\u00fcr den Abschluss oder die Erf\u00fcllung Ihres Vertrages mit uns erforderlich. Stellen Sie uns diese Daten nicht zur Verf\u00fcgung, m\u00fcssen wir den Vertragsschluss in der Regel ablehnen oder einen bestehenden Vertrag nicht mehr erf\u00fcllen und somit k\u00fcndigen. Sie sind jedoch nicht verpflichtet, Ihre Einwilligung zur Datenverarbeitung in Bezug auf Daten zu erteilen, die nicht f\u00fcr die Vertragserf\u00fcllung relevant oder gesetzlich vorgeschrieben sind.<\/p>","protected":false},"excerpt":{"rendered":"<p>Information requirements in accordance with Art. 13 GDPR The protection of your personal data is very important to us. We therefore process your personal data (in short &#8220;data&#8221;) exclusively on the basis of the statutory provisions. With this data privacy statement, we want to inform you comprehensively about the processing of your data in our [&hellip;]<\/p>\n","protected":false},"author":13,"featured_media":0,"parent":0,"menu_order":0,"comment_status":"closed","ping_status":"closed","template":"landing-pages\/landing-content.php","meta":{"_acf_changed":false,"footnotes":""},"class_list":["post-5285","page","type-page","status-publish","hentry"],"acf":[],"yoast_head":"<!-- This site is optimized with the Yoast SEO plugin v27.3 - https:\/\/yoast.com\/product\/yoast-seo-wordpress\/ -->\n<title>Information requirements - KPIT<\/title>\n<meta name=\"robots\" content=\"index, follow, max-snippet:-1, max-image-preview:large, max-video-preview:-1\" \/>\n<link rel=\"canonical\" href=\"https:\/\/www.kpit.com\/de\/informationspflichten\/\" \/>\n<meta property=\"og:locale\" content=\"de_DE\" \/>\n<meta property=\"og:type\" content=\"article\" \/>\n<meta property=\"og:title\" content=\"Information requirements - KPIT\" \/>\n<meta property=\"og:description\" content=\"Information requirements in accordance with Art. 13 GDPR The protection of your personal data is very important to us. We therefore process your personal data (in short &#8220;data&#8221;) exclusively on the basis of the statutory provisions. With this data privacy statement, we want to inform you comprehensively about the processing of your data in our [&hellip;]\" \/>\n<meta property=\"og:url\" content=\"https:\/\/www.kpit.com\/de\/informationspflichten\/\" \/>\n<meta property=\"og:site_name\" content=\"KPIT\" \/>\n<meta property=\"article:modified_time\" content=\"2025-05-27T11:43:47+00:00\" \/>\n<meta name=\"twitter:card\" content=\"summary_large_image\" \/>\n<meta name=\"twitter:label1\" content=\"Gesch\u00e4tzte Lesezeit\" \/>\n\t<meta name=\"twitter:data1\" content=\"8\u00a0Minuten\" \/>\n<script type=\"application\/ld+json\" class=\"yoast-schema-graph\">{\"@context\":\"https:\\\/\\\/schema.org\",\"@graph\":[{\"@type\":\"WebPage\",\"@id\":\"https:\\\/\\\/www.kpit.com\\\/information-requirements\\\/\",\"url\":\"https:\\\/\\\/www.kpit.com\\\/information-requirements\\\/\",\"name\":\"Information requirements - KPIT\",\"isPartOf\":{\"@id\":\"https:\\\/\\\/www.kpit.com\\\/#website\"},\"datePublished\":\"2019-09-06T11:00:26+00:00\",\"dateModified\":\"2025-05-27T11:43:47+00:00\",\"breadcrumb\":{\"@id\":\"https:\\\/\\\/www.kpit.com\\\/information-requirements\\\/#breadcrumb\"},\"inLanguage\":\"de\",\"potentialAction\":[{\"@type\":\"ReadAction\",\"target\":[\"https:\\\/\\\/www.kpit.com\\\/information-requirements\\\/\"]}]},{\"@type\":\"BreadcrumbList\",\"@id\":\"https:\\\/\\\/www.kpit.com\\\/information-requirements\\\/#breadcrumb\",\"itemListElement\":[{\"@type\":\"ListItem\",\"position\":1,\"name\":\"Home\",\"item\":\"https:\\\/\\\/www.kpit.com\\\/\"},{\"@type\":\"ListItem\",\"position\":2,\"name\":\"Information requirements\"}]},{\"@type\":\"WebSite\",\"@id\":\"https:\\\/\\\/www.kpit.com\\\/#website\",\"url\":\"https:\\\/\\\/www.kpit.com\\\/\",\"name\":\"KPIT\",\"description\":\"Technology, Mobility, Software, Automotive\",\"publisher\":{\"@id\":\"https:\\\/\\\/www.kpit.com\\\/#organization\"},\"potentialAction\":[{\"@type\":\"SearchAction\",\"target\":{\"@type\":\"EntryPoint\",\"urlTemplate\":\"https:\\\/\\\/www.kpit.com\\\/?s={search_term_string}\"},\"query-input\":{\"@type\":\"PropertyValueSpecification\",\"valueRequired\":true,\"valueName\":\"search_term_string\"}}],\"inLanguage\":\"de\"},{\"@type\":\"Organization\",\"@id\":\"https:\\\/\\\/www.kpit.com\\\/#organization\",\"name\":\"KPIT\",\"url\":\"https:\\\/\\\/www.kpit.com\\\/\",\"logo\":{\"@type\":\"ImageObject\",\"inLanguage\":\"de\",\"@id\":\"https:\\\/\\\/www.kpit.com\\\/#\\\/schema\\\/logo\\\/image\\\/\",\"url\":\"https:\\\/\\\/www.kpit.com\\\/wp-content\\\/uploads\\\/2025\\\/06\\\/favicon-1.png\",\"contentUrl\":\"https:\\\/\\\/www.kpit.com\\\/wp-content\\\/uploads\\\/2025\\\/06\\\/favicon-1.png\",\"width\":512,\"height\":512,\"caption\":\"KPIT\"},\"image\":{\"@id\":\"https:\\\/\\\/www.kpit.com\\\/#\\\/schema\\\/logo\\\/image\\\/\"}}]}<\/script>\n<!-- \/ Yoast SEO plugin. -->","yoast_head_json":{"title":"Informationsanforderungen - KPIT","robots":{"index":"index","follow":"follow","max-snippet":"max-snippet:-1","max-image-preview":"max-image-preview:large","max-video-preview":"max-video-preview:-1"},"canonical":"https:\/\/www.kpit.com\/de\/informationspflichten\/","og_locale":"de_DE","og_type":"article","og_title":"Information requirements - KPIT","og_description":"Information requirements in accordance with Art. 13 GDPR The protection of your personal data is very important to us. We therefore process your personal data (in short &#8220;data&#8221;) exclusively on the basis of the statutory provisions. With this data privacy statement, we want to inform you comprehensively about the processing of your data in our [&hellip;]","og_url":"https:\/\/www.kpit.com\/de\/informationspflichten\/","og_site_name":"KPIT","article_modified_time":"2025-05-27T11:43:47+00:00","twitter_card":"summary_large_image","twitter_misc":{"Gesch\u00e4tzte Lesezeit":"8\u00a0Minuten"},"schema":{"@context":"https:\/\/schema.org","@graph":[{"@type":"WebPage","@id":"https:\/\/www.kpit.com\/information-requirements\/","url":"https:\/\/www.kpit.com\/information-requirements\/","name":"Informationsanforderungen - KPIT","isPartOf":{"@id":"https:\/\/www.kpit.com\/#website"},"datePublished":"2019-09-06T11:00:26+00:00","dateModified":"2025-05-27T11:43:47+00:00","breadcrumb":{"@id":"https:\/\/www.kpit.com\/information-requirements\/#breadcrumb"},"inLanguage":"de","potentialAction":[{"@type":"ReadAction","target":["https:\/\/www.kpit.com\/information-requirements\/"]}]},{"@type":"BreadcrumbList","@id":"https:\/\/www.kpit.com\/information-requirements\/#breadcrumb","itemListElement":[{"@type":"ListItem","position":1,"name":"Home","item":"https:\/\/www.kpit.com\/"},{"@type":"ListItem","position":2,"name":"Information requirements"}]},{"@type":"WebSite","@id":"https:\/\/www.kpit.com\/#website","url":"https:\/\/www.kpit.com\/","name":"KPIT","description":"Technologie, Mobilit\u00e4t, Software, Automotive","publisher":{"@id":"https:\/\/www.kpit.com\/#organization"},"potentialAction":[{"@type":"SearchAction","target":{"@type":"EntryPoint","urlTemplate":"https:\/\/www.kpit.com\/?s={search_term_string}"},"query-input":{"@type":"PropertyValueSpecification","valueRequired":true,"valueName":"search_term_string"}}],"inLanguage":"de"},{"@type":"Organization","@id":"https:\/\/www.kpit.com\/#organization","name":"KPIT","url":"https:\/\/www.kpit.com\/","logo":{"@type":"ImageObject","inLanguage":"de","@id":"https:\/\/www.kpit.com\/#\/schema\/logo\/image\/","url":"https:\/\/www.kpit.com\/wp-content\/uploads\/2025\/06\/favicon-1.png","contentUrl":"https:\/\/www.kpit.com\/wp-content\/uploads\/2025\/06\/favicon-1.png","width":512,"height":512,"caption":"KPIT"},"image":{"@id":"https:\/\/www.kpit.com\/#\/schema\/logo\/image\/"}}]}},"_links":{"self":[{"href":"https:\/\/www.kpit.com\/de\/wp-json\/wp\/v2\/pages\/5285","targetHints":{"allow":["GET"]}}],"collection":[{"href":"https:\/\/www.kpit.com\/de\/wp-json\/wp\/v2\/pages"}],"about":[{"href":"https:\/\/www.kpit.com\/de\/wp-json\/wp\/v2\/types\/page"}],"author":[{"embeddable":true,"href":"https:\/\/www.kpit.com\/de\/wp-json\/wp\/v2\/users\/13"}],"replies":[{"embeddable":true,"href":"https:\/\/www.kpit.com\/de\/wp-json\/wp\/v2\/comments?post=5285"}],"version-history":[{"count":40,"href":"https:\/\/www.kpit.com\/de\/wp-json\/wp\/v2\/pages\/5285\/revisions"}],"predecessor-version":[{"id":5287,"href":"https:\/\/www.kpit.com\/de\/wp-json\/wp\/v2\/pages\/5285\/revisions\/5287"}],"wp:attachment":[{"href":"https:\/\/www.kpit.com\/de\/wp-json\/wp\/v2\/media?parent=5285"}],"curies":[{"name":"wp","href":"https:\/\/api.w.org\/{rel}","templated":true}]}}