

{"id":5247,"date":"2019-08-13T19:55:13","date_gmt":"2019-08-13T14:25:13","guid":{"rendered":"https:\/\/developmentuat.kpit.com\/?page_id=5247"},"modified":"2019-08-13T20:00:36","modified_gmt":"2019-08-13T14:30:36","slug":"essen-mit-kpit","status":"publish","type":"page","link":"https:\/\/www.kpit.com\/de\/eaton-with-kpit\/","title":{"rendered":"Eaton mit kpit"},"content":{"rendered":"<p style=\"font-size: 21px;\"><strong>Eaton hat am 13. August 2019 eine strategische Partnerschaft mit KPIT zur Entwicklung von Technologien der n\u00e4chsten Generation f\u00fcr die E-Mobilit\u00e4t bekannt gegeben. Lesen Sie dazu die vollst\u00e4ndige Pressemitteilung von Eaton <a href=\"https:\/\/www.eaton.com\/us\/en-us\/company\/news-insights\/news-releases\/2019\/eaton-forms-strategic-alliance-with-kpit-to-develop-next-generat.html\" target=\"_blank\" style=\"color: #b0ff44 !important;\">klicken Sie hier<\/a><\/strong> <\/p>\n<p><strong>S\u00fcdfeld, Michigan:<\/strong> Das Energiemanagementunternehmen Eaton gab heute bekannt, dass es das globale Technologieunternehmen KPIT ausgew\u00e4hlt hat, um die Entwicklung von elektrifizierten Mobilit\u00e4tstechnologien der n\u00e4chsten Generation f\u00fcr seinen Gesch\u00e4ftsbereich eMobility zu unterst\u00fctzen.<\/p>\n<p>Die Zusammenarbeit von Eaton mit KPIT wird sich zun\u00e4chst auf die Entwicklung und den Einsatz von Technologien, Softwarel\u00f6sungen und Plattformen f\u00fcr mehrere Komponenten konzentrieren, darunter Wechselrichter, integrierte Ladeger\u00e4te, DC\/DC-Wandler und Stromverteilungsmodule.  <\/p>\n<p>\u201eEaton baut weiterhin Kompetenzen zur L\u00f6sung komplexer Probleme in der eMobilit\u00e4t auf, die OEMs als entscheidend und transformativ ansehen\u201c, sagte Jeff Lowinger, President, eMobility, Eaton. \u201eKPIT ist unser erweitertes Team in diesem Ansatz, mit seinem starken Fokus auf Mobilit\u00e4t und jahrelanger Erfahrung mit elektrischen Antriebstechnologien. Unsere strategische Allianz mit KPIT bringt wertvolle F\u00e4higkeiten und Technologien mit sich, die es Herstellern erm\u00f6glichen, Fahrzeuge zu entwickeln, die sauberer und sicherer sind und einen Mehrwert bieten.\u201c <\/p>\n<p>\u201eDie strategische Allianz mit Eaton entspricht der Vision von KPIT, Mobilit\u00e4t mit seinen Kunden, Partnern und Mitarbeitern neu zu denken. Wir sch\u00e4tzen unsere Beziehung zu Eaton als strategisch und z\u00e4hlen sie zu unseren Top-Kunden\u201c, sagte Kishor Patil, CEO, KPIT. \u201eMit unseren komplement\u00e4ren St\u00e4rken im Automobilbereich und bei Elektrifizierungstechnologien sind wir darauf ausgerichtet, einige der komplexesten Herausforderungen bei der Entwicklung von Elektrofahrzeugen anzugehen und Eaton den Weg zu ebnen, die Konkurrenz im Bereich der Elektromobilit\u00e4t zu \u00fcberholen.\u201c<\/p>\n<p>Im M\u00e4rz 2018 gab Eaton die Gr\u00fcndung seiner Gesch\u00e4ftseinheit eMobility f\u00fcr elektrifizierte Fahrzeuge bekannt. Das eMobility-Gesch\u00e4ft konzentriert sich auf drei Hauptbereiche f\u00fcr Automobil- und Nutzfahrzeugkunden: intelligente Leistungselektronik, Stromversorgungssysteme sowie fortschrittliche Stromverteilung und Schaltungsschutz. Das eMobility-Gesch\u00e4ft ist bereit, von einem globalen Fahrzeugelektrifizierungsmarkt zu profitieren, der bis 2030 auf 15 Millionen rein batterieelektrische Fahrzeuge wachsen soll.<\/p>\n<p>Eaton verf\u00fcgt \u00fcber mehr als 15 Jahre Erfahrung in der Entwicklung von Hybridsystemen \u2013 mit hybridelektrischen und Plug-in-Hybridsystemen auf der Stra\u00dfe in den USA, Europa, China und anderen asiatisch-pazifischen M\u00e4rkten. <\/p>\n<p>KPIT verf\u00fcgt \u00fcber ausgewiesene Expertise in eingebetteter Software, Beschleunigern und Stacks wie AUTomotive Open System ARchitecture (AUTOSAR) und V2G, die eine schnellere Implementierung von Technologien erm\u00f6glichen. KPIT hat seinen Hauptsitz in Indien und verf\u00fcgt \u00fcber eine globale Pr\u00e4senz mit Kompetenzzentren in den USA, Europa, Indien und im asiatisch-pazifischen Raum. <\/p>\n<p>Eaton ist ein Power-Management-Unternehmen mit einem Umsatz von $21,6 Milliarden im Jahr 2018. Wir bieten energieeffiziente L\u00f6sungen, die unseren Kunden helfen, elektrische, hydraulische und mechanische Energie effizienter, sicherer und nachhaltiger zu verwalten. Eaton engagiert sich f\u00fcr die Verbesserung der Lebensqualit\u00e4t und der Umwelt durch den Einsatz von Power-Management-Technologien und -Services. Eaton besch\u00e4ftigt rund 100.000 Mitarbeiter und verkauft Produkte an Kunden in mehr als 175 L\u00e4ndern. F\u00fcr weitere Informationen besuchen Sie <a style=\"color: #b0ff44 !important;\" href=\"https:\/\/www.eaton.com\/us\/en-us.html\" target=\"_blank\">Eaton.com<\/a><\/p>","protected":false},"excerpt":{"rendered":"<p>Eaton has announced on August 13, 2019 strategic partnership with KPIT to develop next-generation technologies for e-mobility. To read about the complete press release by Eaton Click here SOUTHFIELD, Michigan: Power management company Eaton announced today it has chosen global technology company KPIT to support the development of next-generation electrified mobility technologies for its eMobility [&hellip;]<\/p>\n","protected":false},"author":13,"featured_media":0,"parent":0,"menu_order":0,"comment_status":"closed","ping_status":"closed","template":"new-banner-pages.php","meta":{"_acf_changed":false,"footnotes":""},"class_list":["post-5247","page","type-page","status-publish","hentry"],"acf":[],"yoast_head":"<!-- This site is optimized with the Yoast SEO plugin v27.4 - https:\/\/yoast.com\/product\/yoast-seo-wordpress\/ -->\n<title>Eaton with kpit - KPIT<\/title>\n<meta name=\"robots\" content=\"index, follow, max-snippet:-1, max-image-preview:large, max-video-preview:-1\" \/>\n<link rel=\"canonical\" href=\"https:\/\/www.kpit.com\/de\/essen-mit-kpit\/\" \/>\n<meta property=\"og:locale\" content=\"de_DE\" \/>\n<meta property=\"og:type\" content=\"article\" \/>\n<meta property=\"og:title\" content=\"Eaton with kpit - KPIT\" \/>\n<meta property=\"og:description\" content=\"Eaton has announced on August 13, 2019 strategic partnership with KPIT to develop next-generation technologies for e-mobility. To read about the complete press release by Eaton Click here SOUTHFIELD, Michigan: Power management company Eaton announced today it has chosen global technology company KPIT to support the development of next-generation electrified mobility technologies for its eMobility [&hellip;]\" \/>\n<meta property=\"og:url\" content=\"https:\/\/www.kpit.com\/de\/essen-mit-kpit\/\" \/>\n<meta property=\"og:site_name\" content=\"KPIT\" \/>\n<meta property=\"article:modified_time\" content=\"2019-08-13T14:30:36+00:00\" \/>\n<meta name=\"twitter:card\" content=\"summary_large_image\" \/>\n<meta name=\"twitter:label1\" content=\"Gesch\u00e4tzte Lesezeit\" \/>\n\t<meta name=\"twitter:data1\" content=\"2\u00a0Minuten\" \/>\n<script type=\"application\/ld+json\" class=\"yoast-schema-graph\">{\"@context\":\"https:\\\/\\\/schema.org\",\"@graph\":[{\"@type\":\"WebPage\",\"@id\":\"https:\\\/\\\/www.kpit.com\\\/eaton-with-kpit\\\/\",\"url\":\"https:\\\/\\\/www.kpit.com\\\/eaton-with-kpit\\\/\",\"name\":\"Eaton with kpit - KPIT\",\"isPartOf\":{\"@id\":\"https:\\\/\\\/www.kpit.com\\\/#website\"},\"datePublished\":\"2019-08-13T14:25:13+00:00\",\"dateModified\":\"2019-08-13T14:30:36+00:00\",\"breadcrumb\":{\"@id\":\"https:\\\/\\\/www.kpit.com\\\/eaton-with-kpit\\\/#breadcrumb\"},\"inLanguage\":\"de\",\"potentialAction\":[{\"@type\":\"ReadAction\",\"target\":[\"https:\\\/\\\/www.kpit.com\\\/eaton-with-kpit\\\/\"]}]},{\"@type\":\"BreadcrumbList\",\"@id\":\"https:\\\/\\\/www.kpit.com\\\/eaton-with-kpit\\\/#breadcrumb\",\"itemListElement\":[{\"@type\":\"ListItem\",\"position\":1,\"name\":\"Home\",\"item\":\"https:\\\/\\\/www.kpit.com\\\/\"},{\"@type\":\"ListItem\",\"position\":2,\"name\":\"Eaton with kpit\"}]},{\"@type\":\"WebSite\",\"@id\":\"https:\\\/\\\/www.kpit.com\\\/#website\",\"url\":\"https:\\\/\\\/www.kpit.com\\\/\",\"name\":\"KPIT\",\"description\":\"Technology, Mobility, Software, Automotive\",\"publisher\":{\"@id\":\"https:\\\/\\\/www.kpit.com\\\/#organization\"},\"potentialAction\":[{\"@type\":\"SearchAction\",\"target\":{\"@type\":\"EntryPoint\",\"urlTemplate\":\"https:\\\/\\\/www.kpit.com\\\/?s={search_term_string}\"},\"query-input\":{\"@type\":\"PropertyValueSpecification\",\"valueRequired\":true,\"valueName\":\"search_term_string\"}}],\"inLanguage\":\"de\"},{\"@type\":\"Organization\",\"@id\":\"https:\\\/\\\/www.kpit.com\\\/#organization\",\"name\":\"KPIT\",\"url\":\"https:\\\/\\\/www.kpit.com\\\/\",\"logo\":{\"@type\":\"ImageObject\",\"inLanguage\":\"de\",\"@id\":\"https:\\\/\\\/www.kpit.com\\\/#\\\/schema\\\/logo\\\/image\\\/\",\"url\":\"https:\\\/\\\/www.kpit.com\\\/wp-content\\\/uploads\\\/2025\\\/06\\\/favicon-1.png\",\"contentUrl\":\"https:\\\/\\\/www.kpit.com\\\/wp-content\\\/uploads\\\/2025\\\/06\\\/favicon-1.png\",\"width\":512,\"height\":512,\"caption\":\"KPIT\"},\"image\":{\"@id\":\"https:\\\/\\\/www.kpit.com\\\/#\\\/schema\\\/logo\\\/image\\\/\"}}]}<\/script>\n<!-- \/ Yoast SEO plugin. -->","yoast_head_json":{"title":"Eaton mit kpit - KPIT","robots":{"index":"index","follow":"follow","max-snippet":"max-snippet:-1","max-image-preview":"max-image-preview:large","max-video-preview":"max-video-preview:-1"},"canonical":"https:\/\/www.kpit.com\/de\/essen-mit-kpit\/","og_locale":"de_DE","og_type":"article","og_title":"Eaton with kpit - KPIT","og_description":"Eaton has announced on August 13, 2019 strategic partnership with KPIT to develop next-generation technologies for e-mobility. To read about the complete press release by Eaton Click here SOUTHFIELD, Michigan: Power management company Eaton announced today it has chosen global technology company KPIT to support the development of next-generation electrified mobility technologies for its eMobility [&hellip;]","og_url":"https:\/\/www.kpit.com\/de\/essen-mit-kpit\/","og_site_name":"KPIT","article_modified_time":"2019-08-13T14:30:36+00:00","twitter_card":"summary_large_image","twitter_misc":{"Gesch\u00e4tzte Lesezeit":"2\u00a0Minuten"},"schema":{"@context":"https:\/\/schema.org","@graph":[{"@type":"WebPage","@id":"https:\/\/www.kpit.com\/eaton-with-kpit\/","url":"https:\/\/www.kpit.com\/eaton-with-kpit\/","name":"Eaton mit kpit - KPIT","isPartOf":{"@id":"https:\/\/www.kpit.com\/#website"},"datePublished":"2019-08-13T14:25:13+00:00","dateModified":"2019-08-13T14:30:36+00:00","breadcrumb":{"@id":"https:\/\/www.kpit.com\/eaton-with-kpit\/#breadcrumb"},"inLanguage":"de","potentialAction":[{"@type":"ReadAction","target":["https:\/\/www.kpit.com\/eaton-with-kpit\/"]}]},{"@type":"BreadcrumbList","@id":"https:\/\/www.kpit.com\/eaton-with-kpit\/#breadcrumb","itemListElement":[{"@type":"ListItem","position":1,"name":"Home","item":"https:\/\/www.kpit.com\/"},{"@type":"ListItem","position":2,"name":"Eaton with kpit"}]},{"@type":"WebSite","@id":"https:\/\/www.kpit.com\/#website","url":"https:\/\/www.kpit.com\/","name":"KPIT","description":"Technologie, Mobilit\u00e4t, Software, Automotive","publisher":{"@id":"https:\/\/www.kpit.com\/#organization"},"potentialAction":[{"@type":"SearchAction","target":{"@type":"EntryPoint","urlTemplate":"https:\/\/www.kpit.com\/?s={search_term_string}"},"query-input":{"@type":"PropertyValueSpecification","valueRequired":true,"valueName":"search_term_string"}}],"inLanguage":"de"},{"@type":"Organization","@id":"https:\/\/www.kpit.com\/#organization","name":"KPIT","url":"https:\/\/www.kpit.com\/","logo":{"@type":"ImageObject","inLanguage":"de","@id":"https:\/\/www.kpit.com\/#\/schema\/logo\/image\/","url":"https:\/\/www.kpit.com\/wp-content\/uploads\/2025\/06\/favicon-1.png","contentUrl":"https:\/\/www.kpit.com\/wp-content\/uploads\/2025\/06\/favicon-1.png","width":512,"height":512,"caption":"KPIT"},"image":{"@id":"https:\/\/www.kpit.com\/#\/schema\/logo\/image\/"}}]}},"_links":{"self":[{"href":"https:\/\/www.kpit.com\/de\/wp-json\/wp\/v2\/pages\/5247","targetHints":{"allow":["GET"]}}],"collection":[{"href":"https:\/\/www.kpit.com\/de\/wp-json\/wp\/v2\/pages"}],"about":[{"href":"https:\/\/www.kpit.com\/de\/wp-json\/wp\/v2\/types\/page"}],"author":[{"embeddable":true,"href":"https:\/\/www.kpit.com\/de\/wp-json\/wp\/v2\/users\/13"}],"replies":[{"embeddable":true,"href":"https:\/\/www.kpit.com\/de\/wp-json\/wp\/v2\/comments?post=5247"}],"version-history":[{"count":5,"href":"https:\/\/www.kpit.com\/de\/wp-json\/wp\/v2\/pages\/5247\/revisions"}],"predecessor-version":[{"id":5253,"href":"https:\/\/www.kpit.com\/de\/wp-json\/wp\/v2\/pages\/5247\/revisions\/5253"}],"wp:attachment":[{"href":"https:\/\/www.kpit.com\/de\/wp-json\/wp\/v2\/media?parent=5247"}],"curies":[{"name":"wp","href":"https:\/\/api.w.org\/{rel}","templated":true}]}}