

{"id":4727,"date":"2019-06-05T19:49:04","date_gmt":"2019-06-05T14:19:04","guid":{"rendered":"https:\/\/developmentuat.kpit.com\/?page_id=4727"},"modified":"2019-06-06T08:58:12","modified_gmt":"2019-06-06T03:28:12","slug":"kpit-enthullt-seine-neue-visuelle-markenidentitat","status":"publish","type":"page","link":"https:\/\/www.kpit.com\/de\/kpit-unveils-its-new-visual-brand-identity\/","title":{"rendered":"KPIT stellt seine neue visuelle Markenidentit\u00e4t vor"},"content":{"rendered":"<p>Die neue visuelle Identit\u00e4t ist von den Technologiel\u00f6sungen von KPITs inspiriert, die in Millionen von Fahrzeugen auf der ganzen Welt eingesetzt werden. Es spiegelt auch die Leidenschaft der Menschen bei KPIT wider, die danach streben, die Mobilit\u00e4t sauberer, intelligenter und sicherer zu machen.<\/p>\n<p>&nbsp;<br \/>\n<img decoding=\"async\" src=\"https:\/\/ddxpeyb9bmybt.cloudfront.net\/wp-content\/uploads\/2019\/06\/05141115\/Picture1-1.png\" style=\"width: 100%\"><br \/>\n&nbsp;<br \/>\n<i>Pune, 6. Juni 2019: <\/i><br \/>\nKPIT Technologies, ein globaler Technologief\u00fchrer f\u00fcr Automobiltechnik und Mobilit\u00e4tsl\u00f6sungen, enth\u00fcllte seine neue visuelle Markenidentit\u00e4t. <\/p>\n<p>Die neue visuelle Identit\u00e4t ist von den Technologiel\u00f6sungen von KPITs inspiriert, die in Millionen von Fahrzeugen auf der ganzen Welt eingesetzt werden. Es spiegelt auch die Leidenschaft der Menschen bei KPIT wider, die danach streben, die Mobilit\u00e4t sauberer, intelligenter und sicherer zu machen.<\/p>\n<p>Das Herzst\u00fcck der neuen visuellen Identit\u00e4t ist ein vernetztes und ansprechendes Grafiksystem, das die allgegenw\u00e4rtigen Technologiel\u00f6sungen von KPIT repr\u00e4sentiert. In diesem grafischen System verankert ist das KPIT-Logo, das sich sowohl dynamisch als auch statisch manifestiert und ein Destillat des Designsystems ist. Es gibt andere Elemente im Rahmen der visuellen Identit\u00e4t, wie Fotografie im charakteristischen Stil, Typografie, Ton und Markenfarben. <\/p>\n<p><b>Kishor Patil, CEO &#038; MD of KPIT <\/b>said &#8211; \u201cThe new visual identity is a significant step towards establishing our leadership as a leading technology partner for the automotive and mobility ecosystem. It resonates with our vision, \u201cReimagining mobility with YOU for creation of a cleaner, smarter, safer world\u201d. It truly represents the work we do, talent and passion that our team brings to deliver the best of technologies to our customers, partners and the ecosystem.\u201d <\/p>\n<p>Das weltweit f\u00fchrende Designstudio Pentagram, seine Partner Jody Hudson-Powell und Luke Powell, konsultierten KPIT bei der Entwicklung dieser neuen visuellen Identit\u00e4t.<br \/>\n&nbsp;<br \/>\n<b>\u00dcber KPIT Technologies <\/b><br \/>\n\u00a0<br \/>\nKPIT is a global technology company with software solutions that will help mobility leapfrog towards autonomous, clean, smart and connected future. With 6000+ Automobelievers across the globe,  specializing in embedded software, AI &#038; Digital solutions, KPIT enables customers accelerate implementation of next generation mobility technologies . With development centers in Europe, USA, Japan, China, Thailand and India \u2013 KPIT works with leaders in mobility and is present where the ecosystem is transforming<br \/>\n\u00a0&nbsp;<br \/>\n<b>Medienkontakte<\/b><br \/>\n&nbsp;<br \/>\nMohit Kochar \u2013 Global Head , Marketing , KPIT &#8211; mohit.kochar@www.kpit.com<br \/>\nSunil Ravish \u2013 Senior Manager, Marketing, KPIT \u2013 sunil.r@www.kpit.com<br \/>\nNiva Mohanty \u2013 Team Gutenberg \u2013 niva@gutenberg.com | +91.9916398995<\/p>\n<p>&nbsp;&nbsp;<\/p>","protected":false},"excerpt":{"rendered":"<p>The new visual identity draws inspiration from KPITs\u2019 technology solutions that runs in millions of vehicles around the world. It also reflects passion of people at KPIT who are in the pursuit of making mobility cleaner, smarter and safer. &nbsp; &nbsp; Pune, 6th June 2019: KPIT Technologies, a global technology leader in automotive engineering and [&hellip;]<\/p>\n","protected":false},"author":13,"featured_media":0,"parent":0,"menu_order":0,"comment_status":"closed","ping_status":"closed","template":"page-new-design.php","meta":{"_acf_changed":false,"footnotes":""},"class_list":["post-4727","page","type-page","status-publish","hentry"],"acf":[],"yoast_head":"<!-- This site is optimized with the Yoast SEO plugin v27.4 - https:\/\/yoast.com\/product\/yoast-seo-wordpress\/ -->\n<title>KPIT Unveils its New Visual Brand Identity - KPIT<\/title>\n<meta name=\"robots\" content=\"index, follow, max-snippet:-1, max-image-preview:large, max-video-preview:-1\" \/>\n<link rel=\"canonical\" href=\"https:\/\/www.kpit.com\/de\/kpit-enthullt-seine-neue-visuelle-markenidentitat\/\" \/>\n<meta property=\"og:locale\" content=\"de_DE\" \/>\n<meta property=\"og:type\" content=\"article\" \/>\n<meta property=\"og:title\" content=\"KPIT Unveils its New Visual Brand Identity - KPIT\" \/>\n<meta property=\"og:description\" content=\"The new visual identity draws inspiration from KPITs\u2019 technology solutions that runs in millions of vehicles around the world. It also reflects passion of people at KPIT who are in the pursuit of making mobility cleaner, smarter and safer. &nbsp; &nbsp; Pune, 6th June 2019: KPIT Technologies, a global technology leader in automotive engineering and [&hellip;]\" \/>\n<meta property=\"og:url\" content=\"https:\/\/www.kpit.com\/de\/kpit-enthullt-seine-neue-visuelle-markenidentitat\/\" \/>\n<meta property=\"og:site_name\" content=\"KPIT\" \/>\n<meta property=\"article:modified_time\" content=\"2019-06-06T03:28:12+00:00\" \/>\n<meta property=\"og:image\" content=\"https:\/\/ddxpeyb9bmybt.cloudfront.net\/wp-content\/uploads\/2019\/06\/05141115\/Picture1-1.png\" \/>\n<meta name=\"twitter:card\" content=\"summary_large_image\" \/>\n<meta name=\"twitter:label1\" content=\"Gesch\u00e4tzte Lesezeit\" \/>\n\t<meta name=\"twitter:data1\" content=\"2\u00a0Minuten\" \/>\n<script type=\"application\/ld+json\" class=\"yoast-schema-graph\">{\"@context\":\"https:\\\/\\\/schema.org\",\"@graph\":[{\"@type\":\"WebPage\",\"@id\":\"https:\\\/\\\/www.kpit.com\\\/kpit-unveils-its-new-visual-brand-identity\\\/\",\"url\":\"https:\\\/\\\/www.kpit.com\\\/kpit-unveils-its-new-visual-brand-identity\\\/\",\"name\":\"KPIT Unveils its New Visual Brand Identity - KPIT\",\"isPartOf\":{\"@id\":\"https:\\\/\\\/www.kpit.com\\\/#website\"},\"primaryImageOfPage\":{\"@id\":\"https:\\\/\\\/www.kpit.com\\\/kpit-unveils-its-new-visual-brand-identity\\\/#primaryimage\"},\"image\":{\"@id\":\"https:\\\/\\\/www.kpit.com\\\/kpit-unveils-its-new-visual-brand-identity\\\/#primaryimage\"},\"thumbnailUrl\":\"https:\\\/\\\/ddxpeyb9bmybt.cloudfront.net\\\/wp-content\\\/uploads\\\/2019\\\/06\\\/05141115\\\/Picture1-1.png\",\"datePublished\":\"2019-06-05T14:19:04+00:00\",\"dateModified\":\"2019-06-06T03:28:12+00:00\",\"breadcrumb\":{\"@id\":\"https:\\\/\\\/www.kpit.com\\\/kpit-unveils-its-new-visual-brand-identity\\\/#breadcrumb\"},\"inLanguage\":\"de\",\"potentialAction\":[{\"@type\":\"ReadAction\",\"target\":[\"https:\\\/\\\/www.kpit.com\\\/kpit-unveils-its-new-visual-brand-identity\\\/\"]}]},{\"@type\":\"ImageObject\",\"inLanguage\":\"de\",\"@id\":\"https:\\\/\\\/www.kpit.com\\\/kpit-unveils-its-new-visual-brand-identity\\\/#primaryimage\",\"url\":\"https:\\\/\\\/ddxpeyb9bmybt.cloudfront.net\\\/wp-content\\\/uploads\\\/2019\\\/06\\\/05141115\\\/Picture1-1.png\",\"contentUrl\":\"https:\\\/\\\/ddxpeyb9bmybt.cloudfront.net\\\/wp-content\\\/uploads\\\/2019\\\/06\\\/05141115\\\/Picture1-1.png\"},{\"@type\":\"BreadcrumbList\",\"@id\":\"https:\\\/\\\/www.kpit.com\\\/kpit-unveils-its-new-visual-brand-identity\\\/#breadcrumb\",\"itemListElement\":[{\"@type\":\"ListItem\",\"position\":1,\"name\":\"Home\",\"item\":\"https:\\\/\\\/www.kpit.com\\\/\"},{\"@type\":\"ListItem\",\"position\":2,\"name\":\"KPIT Unveils its New Visual Brand Identity\"}]},{\"@type\":\"WebSite\",\"@id\":\"https:\\\/\\\/www.kpit.com\\\/#website\",\"url\":\"https:\\\/\\\/www.kpit.com\\\/\",\"name\":\"KPIT\",\"description\":\"Technology, Mobility, Software, Automotive\",\"publisher\":{\"@id\":\"https:\\\/\\\/www.kpit.com\\\/#organization\"},\"potentialAction\":[{\"@type\":\"SearchAction\",\"target\":{\"@type\":\"EntryPoint\",\"urlTemplate\":\"https:\\\/\\\/www.kpit.com\\\/?s={search_term_string}\"},\"query-input\":{\"@type\":\"PropertyValueSpecification\",\"valueRequired\":true,\"valueName\":\"search_term_string\"}}],\"inLanguage\":\"de\"},{\"@type\":\"Organization\",\"@id\":\"https:\\\/\\\/www.kpit.com\\\/#organization\",\"name\":\"KPIT\",\"url\":\"https:\\\/\\\/www.kpit.com\\\/\",\"logo\":{\"@type\":\"ImageObject\",\"inLanguage\":\"de\",\"@id\":\"https:\\\/\\\/www.kpit.com\\\/#\\\/schema\\\/logo\\\/image\\\/\",\"url\":\"https:\\\/\\\/www.kpit.com\\\/wp-content\\\/uploads\\\/2025\\\/06\\\/favicon-1.png\",\"contentUrl\":\"https:\\\/\\\/www.kpit.com\\\/wp-content\\\/uploads\\\/2025\\\/06\\\/favicon-1.png\",\"width\":512,\"height\":512,\"caption\":\"KPIT\"},\"image\":{\"@id\":\"https:\\\/\\\/www.kpit.com\\\/#\\\/schema\\\/logo\\\/image\\\/\"}}]}<\/script>\n<!-- \/ Yoast SEO plugin. -->","yoast_head_json":{"title":"KPIT enth\u00fcllt seine neue visuelle Markenidentit\u00e4t \u2013 KPIT","robots":{"index":"index","follow":"follow","max-snippet":"max-snippet:-1","max-image-preview":"max-image-preview:large","max-video-preview":"max-video-preview:-1"},"canonical":"https:\/\/www.kpit.com\/de\/kpit-enthullt-seine-neue-visuelle-markenidentitat\/","og_locale":"de_DE","og_type":"article","og_title":"KPIT Unveils its New Visual Brand Identity - KPIT","og_description":"The new visual identity draws inspiration from KPITs\u2019 technology solutions that runs in millions of vehicles around the world. It also reflects passion of people at KPIT who are in the pursuit of making mobility cleaner, smarter and safer. &nbsp; &nbsp; Pune, 6th June 2019: KPIT Technologies, a global technology leader in automotive engineering and [&hellip;]","og_url":"https:\/\/www.kpit.com\/de\/kpit-enthullt-seine-neue-visuelle-markenidentitat\/","og_site_name":"KPIT","article_modified_time":"2019-06-06T03:28:12+00:00","og_image":[{"url":"https:\/\/ddxpeyb9bmybt.cloudfront.net\/wp-content\/uploads\/2019\/06\/05141115\/Picture1-1.png","type":"","width":"","height":""}],"twitter_card":"summary_large_image","twitter_misc":{"Gesch\u00e4tzte Lesezeit":"2\u00a0Minuten"},"schema":{"@context":"https:\/\/schema.org","@graph":[{"@type":"WebPage","@id":"https:\/\/www.kpit.com\/kpit-unveils-its-new-visual-brand-identity\/","url":"https:\/\/www.kpit.com\/kpit-unveils-its-new-visual-brand-identity\/","name":"KPIT enth\u00fcllt seine neue visuelle Markenidentit\u00e4t \u2013 KPIT","isPartOf":{"@id":"https:\/\/www.kpit.com\/#website"},"primaryImageOfPage":{"@id":"https:\/\/www.kpit.com\/kpit-unveils-its-new-visual-brand-identity\/#primaryimage"},"image":{"@id":"https:\/\/www.kpit.com\/kpit-unveils-its-new-visual-brand-identity\/#primaryimage"},"thumbnailUrl":"https:\/\/ddxpeyb9bmybt.cloudfront.net\/wp-content\/uploads\/2019\/06\/05141115\/Picture1-1.png","datePublished":"2019-06-05T14:19:04+00:00","dateModified":"2019-06-06T03:28:12+00:00","breadcrumb":{"@id":"https:\/\/www.kpit.com\/kpit-unveils-its-new-visual-brand-identity\/#breadcrumb"},"inLanguage":"de","potentialAction":[{"@type":"ReadAction","target":["https:\/\/www.kpit.com\/kpit-unveils-its-new-visual-brand-identity\/"]}]},{"@type":"ImageObject","inLanguage":"de","@id":"https:\/\/www.kpit.com\/kpit-unveils-its-new-visual-brand-identity\/#primaryimage","url":"https:\/\/ddxpeyb9bmybt.cloudfront.net\/wp-content\/uploads\/2019\/06\/05141115\/Picture1-1.png","contentUrl":"https:\/\/ddxpeyb9bmybt.cloudfront.net\/wp-content\/uploads\/2019\/06\/05141115\/Picture1-1.png"},{"@type":"BreadcrumbList","@id":"https:\/\/www.kpit.com\/kpit-unveils-its-new-visual-brand-identity\/#breadcrumb","itemListElement":[{"@type":"ListItem","position":1,"name":"Home","item":"https:\/\/www.kpit.com\/"},{"@type":"ListItem","position":2,"name":"KPIT Unveils its New Visual Brand Identity"}]},{"@type":"WebSite","@id":"https:\/\/www.kpit.com\/#website","url":"https:\/\/www.kpit.com\/","name":"KPIT","description":"Technologie, Mobilit\u00e4t, Software, Automotive","publisher":{"@id":"https:\/\/www.kpit.com\/#organization"},"potentialAction":[{"@type":"SearchAction","target":{"@type":"EntryPoint","urlTemplate":"https:\/\/www.kpit.com\/?s={search_term_string}"},"query-input":{"@type":"PropertyValueSpecification","valueRequired":true,"valueName":"search_term_string"}}],"inLanguage":"de"},{"@type":"Organization","@id":"https:\/\/www.kpit.com\/#organization","name":"KPIT","url":"https:\/\/www.kpit.com\/","logo":{"@type":"ImageObject","inLanguage":"de","@id":"https:\/\/www.kpit.com\/#\/schema\/logo\/image\/","url":"https:\/\/www.kpit.com\/wp-content\/uploads\/2025\/06\/favicon-1.png","contentUrl":"https:\/\/www.kpit.com\/wp-content\/uploads\/2025\/06\/favicon-1.png","width":512,"height":512,"caption":"KPIT"},"image":{"@id":"https:\/\/www.kpit.com\/#\/schema\/logo\/image\/"}}]}},"_links":{"self":[{"href":"https:\/\/www.kpit.com\/de\/wp-json\/wp\/v2\/pages\/4727","targetHints":{"allow":["GET"]}}],"collection":[{"href":"https:\/\/www.kpit.com\/de\/wp-json\/wp\/v2\/pages"}],"about":[{"href":"https:\/\/www.kpit.com\/de\/wp-json\/wp\/v2\/types\/page"}],"author":[{"embeddable":true,"href":"https:\/\/www.kpit.com\/de\/wp-json\/wp\/v2\/users\/13"}],"replies":[{"embeddable":true,"href":"https:\/\/www.kpit.com\/de\/wp-json\/wp\/v2\/comments?post=4727"}],"version-history":[{"count":4,"href":"https:\/\/www.kpit.com\/de\/wp-json\/wp\/v2\/pages\/4727\/revisions"}],"predecessor-version":[{"id":4767,"href":"https:\/\/www.kpit.com\/de\/wp-json\/wp\/v2\/pages\/4727\/revisions\/4767"}],"wp:attachment":[{"href":"https:\/\/www.kpit.com\/de\/wp-json\/wp\/v2\/media?parent=4727"}],"curies":[{"name":"wp","href":"https:\/\/api.w.org\/{rel}","templated":true}]}}