

{"id":27695,"date":"2025-09-11T18:28:33","date_gmt":"2025-09-11T12:58:33","guid":{"rendered":"https:\/\/www.kpit.com\/?page_id=27695"},"modified":"2025-09-11T18:42:50","modified_gmt":"2025-09-11T13:12:50","slug":"kpits-exclusive-evening-event-at-iaa-mobility-2025-spotlighted-chip-to-cloud-innovation-ai-and-strategic-lessons-from-chinas-automotive-rise1","status":"publish","type":"page","link":"https:\/\/www.kpit.com\/de\/kpits-exclusive-evening-event-at-iaa-mobility-2025-spotlighted-chip-to-cloud-innovation-ai-and-strategic-lessons-from-chinas-automotive-rise1\/","title":{"rendered":"KPITs exklusive Abendveranstaltung auf der IAA Mobility 2025 beleuchtete Chip-to-Cloud-Innovationen, KI und strategische Lehren aus Chinas Aufstieg in der Automobilindustrie."},"content":{"rendered":"<ul>\n<li>Diskussionen \u00fcber Chip-to-Cloud-Architekturen, KI-gesteuerte Entwicklung und Chinas disruptive Dynamik<\/li>\n<li>Einblicke und Austausch zur Beschleunigung von Innovationen durch Zusammenarbeit<\/li>\n<li>Networking und Dialog in einem exklusiven Rahmen<\/li>\n<\/ul>\n<p><strong>M\u00fcnchen, Deutschland | 9. September 2025<\/strong><\/p>\n<p>Auf der IAA Mobility 2025 brachten KPIT Technologies und ihre Konzerngesellschaften hochrangige F\u00fchrungskr\u00e4fte globaler OEMs, Tier-1-Zulieferer und Technologiepartner zu einem exklusiven Abend des Wissensaustauschs zusammen. Die Veranstaltung fand im Yellow Forum auf dem Messegel\u00e4nde statt und bot Raum f\u00fcr einen offenen Dialog \u00fcber die dr\u00e4ngenden Herausforderungen und Chancen, die die Zukunft der Mobilit\u00e4t pr\u00e4gen werden.<\/p>\n<p>Die Diskussionen des Abends spiegelten die Komplexit\u00e4t des Transformationsprozesses wider \u2013 von der Weiterentwicklung von Chip- zu Cloud-Architekturen \u00fcber die strategischen Auswirkungen des rasanten Aufstiegs der chinesischen Automobilindustrie bis hin zur wachsenden Bedeutung von KI im gesamten Entwicklungszyklus. KPIT hob den Wandel hin zu plattformzentrierten Modellen und robusten Software-\u00d6kosystemen hervor, die unerl\u00e4sslich sind, um die Markteinf\u00fchrungszeit zu verk\u00fcrzen, Kosten zu senken und personalisierte, zuverl\u00e4ssige Nutzererlebnisse zu bieten.<\/p>\n<p>Sachin Tikekar, Joint Managing Director und Vorstandsmitglied von KPIT Technologies, kommentierte die Erfahrungen beim Yellow Forum auf der IAA wie folgt: \u201cWir verstehen uns als ganzheitlicher L\u00f6sungsanbieter und Wegbereiter, der unsere Partner dabei unterst\u00fctzt, Komplexit\u00e4t schnell, effizient und mit den richtigen technologischen Rahmenbedingungen zu bew\u00e4ltigen. Zusammenarbeit ist der Schl\u00fcssel zur L\u00f6sung der vielschichtigen Herausforderungen, denen sich das \u00d6kosystem heute gegen\u00fcbersieht. Die Gespr\u00e4che, die wir heute Abend gef\u00fchrt haben, spiegeln den Geist dieser Branche wider: Kooperationsbereitschaft, Ambitionen und die Bereitschaft, den Wandel gemeinsam anzugehen. Wir freuen uns darauf, diese Dialoge fortzusetzen und gemeinsam die Zukunft der Mobilit\u00e4t zu gestalten.\u201d<\/p>\n<p><strong>KPIT beim IAA Mobility- Yellow Forum \u2013 Highlights<\/strong><\/p>\n<p><strong>Podiumsdiskussion: SoC und Chip-to-Cloud \u2013 Werden zuk\u00fcnftige E\/E-Architekturen die Markteinf\u00fchrungszeit wirklich beschleunigen und die Kosten senken?<\/strong><\/p>\n<p>Experten von Qualcomm, Qorix, Cariad und KPIT untersuchten, wie dom\u00e4nengesteuerte Rechenplattformen OEMs dabei helfen k\u00f6nnen, schneller auf Marktanforderungen zu reagieren und gleichzeitig Komplexit\u00e4t und Kosten zu bew\u00e4ltigen.<\/p>\n<p><img loading=\"lazy\" decoding=\"async\" class=\"alignnone wp-image-27705 size-full\" src=\"https:\/\/www.kpit.com\/wp-content\/uploads\/2025\/09\/KPIT-IAA-SoC-and-Chip-to-Cloud-Option-1-scaled.jpg\" alt=\"\" width=\"2560\" height=\"1707\" srcset=\"https:\/\/www.kpit.com\/wp-content\/uploads\/2025\/09\/KPIT-IAA-SoC-and-Chip-to-Cloud-Option-1-scaled.jpg 2560w, https:\/\/www.kpit.com\/wp-content\/uploads\/2025\/09\/KPIT-IAA-SoC-and-Chip-to-Cloud-Option-1-300x200.jpg 300w, https:\/\/www.kpit.com\/wp-content\/uploads\/2025\/09\/KPIT-IAA-SoC-and-Chip-to-Cloud-Option-1-1024x683.jpg 1024w, https:\/\/www.kpit.com\/wp-content\/uploads\/2025\/09\/KPIT-IAA-SoC-and-Chip-to-Cloud-Option-1-768x512.jpg 768w, https:\/\/www.kpit.com\/wp-content\/uploads\/2025\/09\/KPIT-IAA-SoC-and-Chip-to-Cloud-Option-1-1536x1024.jpg 1536w, https:\/\/www.kpit.com\/wp-content\/uploads\/2025\/09\/KPIT-IAA-SoC-and-Chip-to-Cloud-Option-1-2048x1366.jpg 2048w\" sizes=\"auto, (max-width: 2560px) 100vw, 2560px\" \/><\/p>\n<p><strong>Expertenvortrag: Globale Lehren aus Chinas Aufstieg in der Automobilindustrie \u2013 Geschwindigkeit, Technologie und strategische Einblicke<\/strong><\/p>\n<p><span style=\"font-weight: 400;\">Jifeng Yang, CTO von Caresoft Global, pr\u00e4sentierte datenbasierte Erkenntnisse aus Benchmark-Studien und seine Erfahrungen bei Great Wall Motors. Die Session verdeutlichte, wie chinesische Automobilhersteller Entwicklungsgeschwindigkeit, vertikale Integration und intelligente Fahrzeugplattformen neu definieren \u2013 und bot damit wertvolle Lektionen f\u00fcr globale Akteure.<\/span><\/p>\n<p><img loading=\"lazy\" decoding=\"async\" class=\"alignnone wp-image-27704 size-full\" src=\"https:\/\/www.kpit.com\/wp-content\/uploads\/2025\/09\/KPIT-IAA-Sep-2025-scaled.jpg\" alt=\"\" width=\"2560\" height=\"1707\" srcset=\"https:\/\/www.kpit.com\/wp-content\/uploads\/2025\/09\/KPIT-IAA-Sep-2025-scaled.jpg 2560w, https:\/\/www.kpit.com\/wp-content\/uploads\/2025\/09\/KPIT-IAA-Sep-2025-300x200.jpg 300w, https:\/\/www.kpit.com\/wp-content\/uploads\/2025\/09\/KPIT-IAA-Sep-2025-1024x683.jpg 1024w, https:\/\/www.kpit.com\/wp-content\/uploads\/2025\/09\/KPIT-IAA-Sep-2025-768x512.jpg 768w, https:\/\/www.kpit.com\/wp-content\/uploads\/2025\/09\/KPIT-IAA-Sep-2025-1536x1024.jpg 1536w, https:\/\/www.kpit.com\/wp-content\/uploads\/2025\/09\/KPIT-IAA-Sep-2025-2048x1366.jpg 2048w\" sizes=\"auto, (max-width: 2560px) 100vw, 2560px\" \/><\/p>\n<p><strong>Expertenpr\u00e4sentation: Nutzung von KI f\u00fcr Fahrzeuginnovationen \u2013 Von der Entwicklung bis zum Nutzererlebnis<\/strong><\/p>\n<p><span style=\"font-weight: 400;\">Gaurav Kakati, CTO \u2013 AI, und Omkar Panse, SVP &amp; Chief Architect bei KPIT, er\u00f6rterten, wie KI Entwicklungsprozesse und das Fahrerlebnis im Fahrzeuginnenraum ver\u00e4ndert. Im Fokus standen skalierbare und sichere Frameworks, die OEMs bei der Implementierung von KI \u00fcber den gesamten Fahrzeuglebenszyklus hinweg unterst\u00fctzen.<\/span><\/p>\n<p><img loading=\"lazy\" decoding=\"async\" class=\"alignnone wp-image-27703 size-full\" src=\"https:\/\/www.kpit.com\/wp-content\/uploads\/2025\/09\/Harnessing-AI-for-Vehicle-Innovation-KPIT-scaled.jpg\" alt=\"\" width=\"2560\" height=\"1707\" srcset=\"https:\/\/www.kpit.com\/wp-content\/uploads\/2025\/09\/Harnessing-AI-for-Vehicle-Innovation-KPIT-scaled.jpg 2560w, https:\/\/www.kpit.com\/wp-content\/uploads\/2025\/09\/Harnessing-AI-for-Vehicle-Innovation-KPIT-300x200.jpg 300w, https:\/\/www.kpit.com\/wp-content\/uploads\/2025\/09\/Harnessing-AI-for-Vehicle-Innovation-KPIT-1024x683.jpg 1024w, https:\/\/www.kpit.com\/wp-content\/uploads\/2025\/09\/Harnessing-AI-for-Vehicle-Innovation-KPIT-768x512.jpg 768w, https:\/\/www.kpit.com\/wp-content\/uploads\/2025\/09\/Harnessing-AI-for-Vehicle-Innovation-KPIT-1536x1024.jpg 1536w, https:\/\/www.kpit.com\/wp-content\/uploads\/2025\/09\/Harnessing-AI-for-Vehicle-Innovation-KPIT-2048x1366.jpg 2048w\" sizes=\"auto, (max-width: 2560px) 100vw, 2560px\" \/><\/p>\n<p><strong>Netzwerk- und Technologie-Showcase<\/strong><\/p>\n<p><span style=\"font-weight: 400;\">Bei sorgf\u00e4ltig ausgew\u00e4hlten Speisen, Musik und Live-Demonstrationen f\u00fchrten die Teilnehmer anregende Gespr\u00e4che \u2013 sie tauschten Ideen aus, erkundeten die neuesten Innovationen von KPIT und kn\u00fcpften Kontakte, die zuk\u00fcnftige Kooperationen pr\u00e4gen werden.<\/span><\/p>\n<p><strong>\u00dcber KPIT<br \/>\n<\/strong><br \/>\nKPIT gestaltet die Zukunft der Mobilit\u00e4t neu und arbeitet gemeinsam mit Konzernunternehmen und Partnern an einer saubereren, intelligenteren und sichereren Welt.<\/p>\n<p><span style=\"font-weight: 400;\">Mit \u00fcber 25 Jahren spezialisierter Expertise im Bereich Mobilit\u00e4t beschleunigt KPIT die Transformation hin zu software- und KI-definierten Fahrzeugen durch seine fortschrittlichen L\u00f6sungen, Plattformen und Produkte \u2013 angetrieben von mobilit\u00e4tsorientierten KI-Frameworks, Software-Handwerkskunst und Systemintegrationskompetenz.<\/span><\/p>\n<p><span style=\"font-weight: 400;\">Vision in Bewegung<\/span><\/p>\n<p><span style=\"font-weight: 400;\">Mit \u00fcber 2000 erfolgreich abgeschlossenen Fahrzeugproduktionsprogrammen und mehr als 20 Millionen Fahrzeugen, die mit KPIT-Software ausgestattet sind, verf\u00fcgen wir \u00fcber eine un\u00fcbertroffene Erfahrung. Gleichzeitig gehen wir an die Grenzen des Machbaren und entwickeln L\u00f6sungen, die es Mobilit\u00e4tsherstellern erm\u00f6glichen, Innovationen schnell und in gro\u00dfem Umfang voranzutreiben.<\/span><\/p>\n<p><span style=\"font-weight: 400;\">Weitere Informationen finden Sie unter <\/span><a href=\"https:\/\/www.kpit.com\/de\/\"><span style=\"font-weight: 400;\">www.kpit.com<\/span><\/a><\/p>\n<p><strong>MEDIENKONTAKTE<\/strong><\/p>\n<p><span style=\"font-weight: 400;\">Mohit Kochar<br \/>\nChief Marketing Officer | <\/span><a href=\"mailto:mohit.kochar@kpit.com\"><span style=\"font-weight: 400;\">mohit.kochar@kpit.com<\/span><\/a><\/p>\n<p><span style=\"font-weight: 400;\">Stefanie K\u00f6hler<br \/>\nMarketingleitung Europa | <\/span><a href=\"mailto:Stefanie.Kohler@kpit.com\"><span style=\"font-weight: 400;\">Stefanie.Kohler@kpit.com<\/span><\/a><\/p>","protected":false},"excerpt":{"rendered":"<p>Discussions on chip-to-cloud architectures, AI-driven development, and China\u2019s disruptive momentum Insights and exchange on accelerating innovation through collaboration Networking and dialogue in an exclusive setting Munich, Germany | 9th September 2025 At IAA Mobility 2025, KPIT Technologies and its Group Companies brought together senior executives from global OEMs, Tier-1 suppliers, and technology partners for an [&hellip;]<\/p>\n","protected":false},"author":19,"featured_media":0,"parent":0,"menu_order":0,"comment_status":"closed","ping_status":"closed","template":"landing-pages\/landing-content.php","meta":{"_acf_changed":false,"footnotes":""},"class_list":["post-27695","page","type-page","status-publish","hentry"],"acf":[],"yoast_head":"<!-- This site is optimized with the Yoast SEO plugin v27.3 - https:\/\/yoast.com\/product\/yoast-seo-wordpress\/ -->\n<title>KPIT\u2019s Exclusive Evening Event at IAA Mobility 2025 Spotlighted Chip-to-Cloud Innovation, AI, and Strategic Lessons from China\u2019s Automotive Rise - KPIT<\/title>\n<meta name=\"robots\" content=\"index, follow, max-snippet:-1, max-image-preview:large, max-video-preview:-1\" \/>\n<link rel=\"canonical\" href=\"https:\/\/www.kpit.com\/de\/kpits-exclusive-evening-event-at-iaa-mobility-2025-spotlighted-chip-to-cloud-innovation-ai-and-strategic-lessons-from-chinas-automotive-rise1\/\" \/>\n<meta property=\"og:locale\" content=\"de_DE\" \/>\n<meta property=\"og:type\" content=\"article\" \/>\n<meta property=\"og:title\" content=\"KPIT\u2019s Exclusive Evening Event at IAA Mobility 2025 Spotlighted Chip-to-Cloud Innovation, AI, and Strategic Lessons from China\u2019s Automotive Rise - KPIT\" \/>\n<meta property=\"og:description\" content=\"Discussions on chip-to-cloud architectures, AI-driven development, and China\u2019s disruptive momentum Insights and exchange on accelerating innovation through collaboration Networking and dialogue in an exclusive setting Munich, Germany | 9th September 2025 At IAA Mobility 2025, KPIT Technologies and its Group Companies brought together senior executives from global OEMs, Tier-1 suppliers, and technology partners for an [&hellip;]\" \/>\n<meta property=\"og:url\" content=\"https:\/\/www.kpit.com\/de\/kpits-exclusive-evening-event-at-iaa-mobility-2025-spotlighted-chip-to-cloud-innovation-ai-and-strategic-lessons-from-chinas-automotive-rise1\/\" \/>\n<meta property=\"og:site_name\" content=\"KPIT\" \/>\n<meta property=\"article:modified_time\" content=\"2025-09-11T13:12:50+00:00\" \/>\n<meta property=\"og:image\" content=\"https:\/\/www.kpit.com\/wp-content\/uploads\/2025\/09\/KPIT-IAA-SoC-and-Chip-to-Cloud-Option-1-scaled.jpg\" \/>\n\t<meta property=\"og:image:width\" content=\"2560\" \/>\n\t<meta property=\"og:image:height\" content=\"1707\" \/>\n\t<meta property=\"og:image:type\" content=\"image\/jpeg\" \/>\n<meta name=\"twitter:card\" content=\"summary_large_image\" \/>\n<meta name=\"twitter:label1\" content=\"Gesch\u00e4tzte Lesezeit\" \/>\n\t<meta name=\"twitter:data1\" content=\"3\u00a0Minuten\" \/>\n<script type=\"application\/ld+json\" class=\"yoast-schema-graph\">{\"@context\":\"https:\\\/\\\/schema.org\",\"@graph\":[{\"@type\":\"WebPage\",\"@id\":\"https:\\\/\\\/www.kpit.com\\\/kpits-exclusive-evening-event-at-iaa-mobility-2025-spotlighted-chip-to-cloud-innovation-ai-and-strategic-lessons-from-chinas-automotive-rise1\\\/\",\"url\":\"https:\\\/\\\/www.kpit.com\\\/kpits-exclusive-evening-event-at-iaa-mobility-2025-spotlighted-chip-to-cloud-innovation-ai-and-strategic-lessons-from-chinas-automotive-rise1\\\/\",\"name\":\"KPIT\u2019s Exclusive Evening Event at IAA Mobility 2025 Spotlighted Chip-to-Cloud Innovation, AI, and Strategic Lessons from China\u2019s Automotive Rise - KPIT\",\"isPartOf\":{\"@id\":\"https:\\\/\\\/www.kpit.com\\\/#website\"},\"primaryImageOfPage\":{\"@id\":\"https:\\\/\\\/www.kpit.com\\\/kpits-exclusive-evening-event-at-iaa-mobility-2025-spotlighted-chip-to-cloud-innovation-ai-and-strategic-lessons-from-chinas-automotive-rise1\\\/#primaryimage\"},\"image\":{\"@id\":\"https:\\\/\\\/www.kpit.com\\\/kpits-exclusive-evening-event-at-iaa-mobility-2025-spotlighted-chip-to-cloud-innovation-ai-and-strategic-lessons-from-chinas-automotive-rise1\\\/#primaryimage\"},\"thumbnailUrl\":\"https:\\\/\\\/www.kpit.com\\\/wp-content\\\/uploads\\\/2025\\\/09\\\/KPIT-IAA-SoC-and-Chip-to-Cloud-Option-1-scaled.jpg\",\"datePublished\":\"2025-09-11T12:58:33+00:00\",\"dateModified\":\"2025-09-11T13:12:50+00:00\",\"breadcrumb\":{\"@id\":\"https:\\\/\\\/www.kpit.com\\\/kpits-exclusive-evening-event-at-iaa-mobility-2025-spotlighted-chip-to-cloud-innovation-ai-and-strategic-lessons-from-chinas-automotive-rise1\\\/#breadcrumb\"},\"inLanguage\":\"de\",\"potentialAction\":[{\"@type\":\"ReadAction\",\"target\":[\"https:\\\/\\\/www.kpit.com\\\/kpits-exclusive-evening-event-at-iaa-mobility-2025-spotlighted-chip-to-cloud-innovation-ai-and-strategic-lessons-from-chinas-automotive-rise1\\\/\"]}]},{\"@type\":\"ImageObject\",\"inLanguage\":\"de\",\"@id\":\"https:\\\/\\\/www.kpit.com\\\/kpits-exclusive-evening-event-at-iaa-mobility-2025-spotlighted-chip-to-cloud-innovation-ai-and-strategic-lessons-from-chinas-automotive-rise1\\\/#primaryimage\",\"url\":\"https:\\\/\\\/www.kpit.com\\\/wp-content\\\/uploads\\\/2025\\\/09\\\/KPIT-IAA-SoC-and-Chip-to-Cloud-Option-1-scaled.jpg\",\"contentUrl\":\"https:\\\/\\\/www.kpit.com\\\/wp-content\\\/uploads\\\/2025\\\/09\\\/KPIT-IAA-SoC-and-Chip-to-Cloud-Option-1-scaled.jpg\"},{\"@type\":\"BreadcrumbList\",\"@id\":\"https:\\\/\\\/www.kpit.com\\\/kpits-exclusive-evening-event-at-iaa-mobility-2025-spotlighted-chip-to-cloud-innovation-ai-and-strategic-lessons-from-chinas-automotive-rise1\\\/#breadcrumb\",\"itemListElement\":[{\"@type\":\"ListItem\",\"position\":1,\"name\":\"Home\",\"item\":\"https:\\\/\\\/www.kpit.com\\\/\"},{\"@type\":\"ListItem\",\"position\":2,\"name\":\"KPIT\u2019s Exclusive Evening Event at IAA Mobility 2025 Spotlighted Chip-to-Cloud Innovation, AI, and Strategic Lessons from China\u2019s Automotive Rise\"}]},{\"@type\":\"WebSite\",\"@id\":\"https:\\\/\\\/www.kpit.com\\\/#website\",\"url\":\"https:\\\/\\\/www.kpit.com\\\/\",\"name\":\"KPIT\",\"description\":\"Technology, Mobility, Software, Automotive\",\"publisher\":{\"@id\":\"https:\\\/\\\/www.kpit.com\\\/#organization\"},\"potentialAction\":[{\"@type\":\"SearchAction\",\"target\":{\"@type\":\"EntryPoint\",\"urlTemplate\":\"https:\\\/\\\/www.kpit.com\\\/?s={search_term_string}\"},\"query-input\":{\"@type\":\"PropertyValueSpecification\",\"valueRequired\":true,\"valueName\":\"search_term_string\"}}],\"inLanguage\":\"de\"},{\"@type\":\"Organization\",\"@id\":\"https:\\\/\\\/www.kpit.com\\\/#organization\",\"name\":\"KPIT\",\"url\":\"https:\\\/\\\/www.kpit.com\\\/\",\"logo\":{\"@type\":\"ImageObject\",\"inLanguage\":\"de\",\"@id\":\"https:\\\/\\\/www.kpit.com\\\/#\\\/schema\\\/logo\\\/image\\\/\",\"url\":\"https:\\\/\\\/www.kpit.com\\\/wp-content\\\/uploads\\\/2025\\\/06\\\/favicon-1.png\",\"contentUrl\":\"https:\\\/\\\/www.kpit.com\\\/wp-content\\\/uploads\\\/2025\\\/06\\\/favicon-1.png\",\"width\":512,\"height\":512,\"caption\":\"KPIT\"},\"image\":{\"@id\":\"https:\\\/\\\/www.kpit.com\\\/#\\\/schema\\\/logo\\\/image\\\/\"}}]}<\/script>\n<!-- \/ Yoast SEO plugin. -->","yoast_head_json":{"title":"KPITs exklusive Abendveranstaltung auf der IAA Mobility 2025 beleuchtete Chip-to-Cloud-Innovationen, KI und strategische Lehren aus Chinas Automobil-Aufstieg \u2013 KPIT","robots":{"index":"index","follow":"follow","max-snippet":"max-snippet:-1","max-image-preview":"max-image-preview:large","max-video-preview":"max-video-preview:-1"},"canonical":"https:\/\/www.kpit.com\/de\/kpits-exclusive-evening-event-at-iaa-mobility-2025-spotlighted-chip-to-cloud-innovation-ai-and-strategic-lessons-from-chinas-automotive-rise1\/","og_locale":"de_DE","og_type":"article","og_title":"KPIT\u2019s Exclusive Evening Event at IAA Mobility 2025 Spotlighted Chip-to-Cloud Innovation, AI, and Strategic Lessons from China\u2019s Automotive Rise - KPIT","og_description":"Discussions on chip-to-cloud architectures, AI-driven development, and China\u2019s disruptive momentum Insights and exchange on accelerating innovation through collaboration Networking and dialogue in an exclusive setting Munich, Germany | 9th September 2025 At IAA Mobility 2025, KPIT Technologies and its Group Companies brought together senior executives from global OEMs, Tier-1 suppliers, and technology partners for an [&hellip;]","og_url":"https:\/\/www.kpit.com\/de\/kpits-exclusive-evening-event-at-iaa-mobility-2025-spotlighted-chip-to-cloud-innovation-ai-and-strategic-lessons-from-chinas-automotive-rise1\/","og_site_name":"KPIT","article_modified_time":"2025-09-11T13:12:50+00:00","og_image":[{"width":2560,"height":1707,"url":"https:\/\/www.kpit.com\/wp-content\/uploads\/2025\/09\/KPIT-IAA-SoC-and-Chip-to-Cloud-Option-1-scaled.jpg","type":"image\/jpeg"}],"twitter_card":"summary_large_image","twitter_misc":{"Gesch\u00e4tzte Lesezeit":"3\u00a0Minuten"},"schema":{"@context":"https:\/\/schema.org","@graph":[{"@type":"WebPage","@id":"https:\/\/www.kpit.com\/kpits-exclusive-evening-event-at-iaa-mobility-2025-spotlighted-chip-to-cloud-innovation-ai-and-strategic-lessons-from-chinas-automotive-rise1\/","url":"https:\/\/www.kpit.com\/kpits-exclusive-evening-event-at-iaa-mobility-2025-spotlighted-chip-to-cloud-innovation-ai-and-strategic-lessons-from-chinas-automotive-rise1\/","name":"KPITs exklusive Abendveranstaltung auf der IAA Mobility 2025 beleuchtete Chip-to-Cloud-Innovationen, KI und strategische Lehren aus Chinas Automobil-Aufstieg \u2013 KPIT","isPartOf":{"@id":"https:\/\/www.kpit.com\/#website"},"primaryImageOfPage":{"@id":"https:\/\/www.kpit.com\/kpits-exclusive-evening-event-at-iaa-mobility-2025-spotlighted-chip-to-cloud-innovation-ai-and-strategic-lessons-from-chinas-automotive-rise1\/#primaryimage"},"image":{"@id":"https:\/\/www.kpit.com\/kpits-exclusive-evening-event-at-iaa-mobility-2025-spotlighted-chip-to-cloud-innovation-ai-and-strategic-lessons-from-chinas-automotive-rise1\/#primaryimage"},"thumbnailUrl":"https:\/\/www.kpit.com\/wp-content\/uploads\/2025\/09\/KPIT-IAA-SoC-and-Chip-to-Cloud-Option-1-scaled.jpg","datePublished":"2025-09-11T12:58:33+00:00","dateModified":"2025-09-11T13:12:50+00:00","breadcrumb":{"@id":"https:\/\/www.kpit.com\/kpits-exclusive-evening-event-at-iaa-mobility-2025-spotlighted-chip-to-cloud-innovation-ai-and-strategic-lessons-from-chinas-automotive-rise1\/#breadcrumb"},"inLanguage":"de","potentialAction":[{"@type":"ReadAction","target":["https:\/\/www.kpit.com\/kpits-exclusive-evening-event-at-iaa-mobility-2025-spotlighted-chip-to-cloud-innovation-ai-and-strategic-lessons-from-chinas-automotive-rise1\/"]}]},{"@type":"ImageObject","inLanguage":"de","@id":"https:\/\/www.kpit.com\/kpits-exclusive-evening-event-at-iaa-mobility-2025-spotlighted-chip-to-cloud-innovation-ai-and-strategic-lessons-from-chinas-automotive-rise1\/#primaryimage","url":"https:\/\/www.kpit.com\/wp-content\/uploads\/2025\/09\/KPIT-IAA-SoC-and-Chip-to-Cloud-Option-1-scaled.jpg","contentUrl":"https:\/\/www.kpit.com\/wp-content\/uploads\/2025\/09\/KPIT-IAA-SoC-and-Chip-to-Cloud-Option-1-scaled.jpg"},{"@type":"BreadcrumbList","@id":"https:\/\/www.kpit.com\/kpits-exclusive-evening-event-at-iaa-mobility-2025-spotlighted-chip-to-cloud-innovation-ai-and-strategic-lessons-from-chinas-automotive-rise1\/#breadcrumb","itemListElement":[{"@type":"ListItem","position":1,"name":"Home","item":"https:\/\/www.kpit.com\/"},{"@type":"ListItem","position":2,"name":"KPIT\u2019s Exclusive Evening Event at IAA Mobility 2025 Spotlighted Chip-to-Cloud Innovation, AI, and Strategic Lessons from China\u2019s Automotive Rise"}]},{"@type":"WebSite","@id":"https:\/\/www.kpit.com\/#website","url":"https:\/\/www.kpit.com\/","name":"KPIT","description":"Technologie, Mobilit\u00e4t, Software, Automotive","publisher":{"@id":"https:\/\/www.kpit.com\/#organization"},"potentialAction":[{"@type":"SearchAction","target":{"@type":"EntryPoint","urlTemplate":"https:\/\/www.kpit.com\/?s={search_term_string}"},"query-input":{"@type":"PropertyValueSpecification","valueRequired":true,"valueName":"search_term_string"}}],"inLanguage":"de"},{"@type":"Organization","@id":"https:\/\/www.kpit.com\/#organization","name":"KPIT","url":"https:\/\/www.kpit.com\/","logo":{"@type":"ImageObject","inLanguage":"de","@id":"https:\/\/www.kpit.com\/#\/schema\/logo\/image\/","url":"https:\/\/www.kpit.com\/wp-content\/uploads\/2025\/06\/favicon-1.png","contentUrl":"https:\/\/www.kpit.com\/wp-content\/uploads\/2025\/06\/favicon-1.png","width":512,"height":512,"caption":"KPIT"},"image":{"@id":"https:\/\/www.kpit.com\/#\/schema\/logo\/image\/"}}]}},"_links":{"self":[{"href":"https:\/\/www.kpit.com\/de\/wp-json\/wp\/v2\/pages\/27695","targetHints":{"allow":["GET"]}}],"collection":[{"href":"https:\/\/www.kpit.com\/de\/wp-json\/wp\/v2\/pages"}],"about":[{"href":"https:\/\/www.kpit.com\/de\/wp-json\/wp\/v2\/types\/page"}],"author":[{"embeddable":true,"href":"https:\/\/www.kpit.com\/de\/wp-json\/wp\/v2\/users\/19"}],"replies":[{"embeddable":true,"href":"https:\/\/www.kpit.com\/de\/wp-json\/wp\/v2\/comments?post=27695"}],"version-history":[{"count":4,"href":"https:\/\/www.kpit.com\/de\/wp-json\/wp\/v2\/pages\/27695\/revisions"}],"predecessor-version":[{"id":27707,"href":"https:\/\/www.kpit.com\/de\/wp-json\/wp\/v2\/pages\/27695\/revisions\/27707"}],"wp:attachment":[{"href":"https:\/\/www.kpit.com\/de\/wp-json\/wp\/v2\/media?parent=27695"}],"curies":[{"name":"wp","href":"https:\/\/api.w.org\/{rel}","templated":true}]}}