

{"id":261,"date":"2018-12-01T15:02:32","date_gmt":"2018-12-01T15:02:32","guid":{"rendered":"https:\/\/developmentuat.kpit.com\/?page_id=261"},"modified":"2024-11-15T17:20:43","modified_gmt":"2024-11-15T11:50:43","slug":"cookie-richtlinie","status":"publish","type":"page","link":"https:\/\/www.kpit.com\/de\/cookie-policy\/","title":{"rendered":"Cookie-Richtlinie"},"content":{"rendered":"<p>KPIT Technologies Limited verpflichtet sich nachdr\u00fccklich, Ihre Privatsph\u00e4re zu sch\u00fctzen. Wir haben diese Cookie-Richtlinie (\u201eRichtlinie\u201c) erstellt, damit Sie verstehen, welche Cookies wir auf unserer Website verwenden und warum wir sie verwenden. Indem Sie unsere Website weiterhin nutzen, stimmen Sie der Verwendung von Cookies zu.<\/p>\r\n<p><strong>Was ist ein Cookie<\/strong><\/p>\r\n<p>A &#8220;cookie&#8221; is a small piece of information that a website can send to your browser, which may then be stored on your computer (or other internet enabled devices, such as a smartphone or tablet). All cookies have an expiry date that determine how long they stay on your computer or device. We&#8217;ve included information below on how you can manage and delete cookies.<\/p>\r\n<p><strong>Welche Cookies verwenden wir<\/strong><\/p>\r\n<p>Wir verwenden Cookies, um sicherzustellen, dass jeder, der unsere Website nutzt, die bestm\u00f6gliche Erfahrung macht. Wir verwenden Google Analytics-Cookies auf unserer Website, damit wir das Besucherverhalten verfolgen und die Leistung der Website messen k\u00f6nnen. Dies hilft uns, die Funktionsweise unserer Website zu verbessern, indem wir beispielsweise sicherstellen, dass Besucher leicht finden k\u00f6nnen, wonach sie suchen.<\/p>\r\n\r\n<p>Alle in unseren Cookies enthaltenen Daten sind vollst\u00e4ndig anonym und enthalten keine personenbezogenen Daten. Weitere Informationen zu Google Analytics-Cookies finden Sie unter: \u00a0<a class=\"a-word-wrap\" href=\"https:\/\/support.google.com\/analytics\/answer\/6004245?hl=en\">https:\/\/support.google.com\/analytics\/answer\/6004245?hl=en<\/a><\/p>\r\n\r\n\r\n\r\n<p>Wir verwenden keine Flash-Cookies (manchmal auch als Local Shared Objects bezeichnet) und wir gestatten Werbenetzwerken von Drittanbietern nicht, Cookies auf unserer Website zu verwenden, um Werbung verhaltensorientiert auf unsere Besucher auszurichten.<\/p>\r\n\r\n\r\n\r\n<p>Weitere Informationen zu den einzelnen Cookies, die wir verwenden, und den Zwecken, f\u00fcr die wir sie verwenden, finden Sie unten.<\/p>\r\n\r\n\r\n\r\n<div class=\"table-responsive\">\r\n<table class=\"wp-block-table\">\r\n<tbody>\r\n<tr>\r\n<th>Cookie key<\/th>\r\n<th>Plattform<\/th>\r\n<th>Domain<\/th>\r\n<th>Path<\/th>\r\n<th>Cookie type<\/th>\r\n<th>Expiration<\/th>\r\n<th>Beschreibung<\/th>\r\n<\/tr>\r\n<tr>\r\n<td>li_gc<\/td>\r\n<td>LinkedIn<\/td>\r\n<td>.linkedin.com<\/td>\r\n<td>\/<\/td>\r\n<td>Third-party<\/td>\r\n<td>6 months<\/td>\r\n<td>Used to store guest consent to the use of cookies for non-essential purposes<\/td>\r\n<\/tr>\r\n<tr>\r\n<td>AnalyticsSyncHistory<\/td>\r\n<td>LinkedIn<\/td>\r\n<td>.linkedin.com<\/td>\r\n<td>\/<\/td>\r\n<td>Third-party<\/td>\r\n<td>1 month<\/td>\r\n<td>Used to store information about the time a sync with the lms_analytics cookie took place for users in the Designated Countries<\/td>\r\n<\/tr>\r\n<tr>\r\n<td>UserMatchHistory<\/td>\r\n<td>LinkedIn<\/td>\r\n<td>.linkedin.com<\/td>\r\n<td>\/<\/td>\r\n<td>Third-party<\/td>\r\n<td>1 month<\/td>\r\n<td>This cookie is used to track visitors so that more relevant ads can be presented based on the visitor&#8217;s preferences.<\/td>\r\n<\/tr>\r\n<tr>\r\n<td>bscookie<\/td>\r\n<td>LinkedIn<\/td>\r\n<td>.www.linkedin.com<\/td>\r\n<td>\/<\/td>\r\n<td>Third-party<\/td>\r\n<td>1 year<\/td>\r\n<td>Used by the social networking service, LinkedIn, for tracking the use of embedded services.<\/td>\r\n<\/tr>\r\n<tr>\r\n<td>bcookie<\/td>\r\n<td>LinkedIn<\/td>\r\n<td>.linkedin.com<\/td>\r\n<td>\/<\/td>\r\n<td>Third-party<\/td>\r\n<td>1 year<\/td>\r\n<td>This is a Microsoft MSN 1st party cookie for sharing the content of the website via social media.<\/td>\r\n<\/tr>\r\n<tr>\r\n<td>lidc<\/td>\r\n<td>LinkedIn<\/td>\r\n<td>.linkedin.com<\/td>\r\n<td>\/<\/td>\r\n<td>Third-party<\/td>\r\n<td>1 Tag<\/td>\r\n<td>This is a Microsoft MSN 1st party cookie that ensures the proper functioning of this website.<\/td>\r\n<\/tr>\r\n<tr>\r\n<td>li_sugr<\/td>\r\n<td>LinkedIn<\/td>\r\n<td>.linkedin.com<\/td>\r\n<td>\/<\/td>\r\n<td>Third-party<\/td>\r\n<td>3 months<\/td>\r\n<td>\u00a0<\/td>\r\n<\/tr>\r\n<tr>\r\n<td>ln_or<\/td>\r\n<td>LinkedIn<\/td>\r\n<td>www.kpit.com<\/td>\r\n<td>\/<\/td>\r\n<td>First-party<\/td>\r\n<td>1 Tag<\/td>\r\n<td>\u00a0<\/td>\r\n<\/tr>\r\n<tr>\r\n<td>_hjFirstSeen<\/td>\r\n<td>Hotjar<\/td>\r\n<td>.kpit.com<\/td>\r\n<td>\/<\/td>\r\n<td>First-party<\/td>\r\n<td>30 minutes<\/td>\r\n<td>The cookie is set so Hotjar can track the beginning of the user&#8217;s journey for a total session count. It does not contain any identifiable information.<\/td>\r\n<\/tr>\r\n<tr>\r\n<td>_hjAbsoluteSessionIn Progress<\/td>\r\n<td>Hotjar<\/td>\r\n<td>.kpit.com<\/td>\r\n<td>\/<\/td>\r\n<td>First-party<\/td>\r\n<td>30 minutes<\/td>\r\n<td>The cookie is set so Hotjar can track the beginning of the user&#8217;s journey for a total session count. It does not contain any identifiable information.<\/td>\r\n<\/tr>\r\n<tr>\r\n<td>_hjIncludedInSession Sample_2444113<\/td>\r\n<td>Hotjar<\/td>\r\n<td>.kpit.com<\/td>\r\n<td>\/<\/td>\r\n<td>First-party<\/td>\r\n<td>2 minutes<\/td>\r\n<td>\u00a0<\/td>\r\n<\/tr>\r\n<tr>\r\n<td>_hjSession_2444113<\/td>\r\n<td>Hotjar<\/td>\r\n<td>.kpit.com<\/td>\r\n<td>\/<\/td>\r\n<td>First-party<\/td>\r\n<td>30 minutes<\/td>\r\n<td>\u00a0<\/td>\r\n<\/tr>\r\n<tr>\r\n<td>_hjSessionUser_244 4113<\/td>\r\n<td>Hotjar<\/td>\r\n<td>.kpit.com<\/td>\r\n<td>\/<\/td>\r\n<td>First-party<\/td>\r\n<td>1 year<\/td>\r\n<td>\u00a0<\/td>\r\n<\/tr>\r\n<tr>\r\n<td>_ga<\/td>\r\n<td>Google Analytics<\/td>\r\n<td>.kpit.com<\/td>\r\n<td>\/<\/td>\r\n<td>First-party<\/td>\r\n<td>1 year 1 month<\/td>\r\n<td>This cookie name is associated with Google Universal Analytics &#8211; which is a significant update to Google&#8217;s more commonly used analytics service. This cookie is used to distinguish unique users by assigning a randomly generated number as a client identifier. It is included in each page request in a site and used to calculate visitor, session and campaign data for the sites analytics reports.<\/td>\r\n<\/tr>\r\n<tr>\r\n<td>_ga_KMX4WXMZV6<\/td>\r\n<td>Google Analytics<\/td>\r\n<td>.kpit.com<\/td>\r\n<td>\/<\/td>\r\n<td>First-party<\/td>\r\n<td>1 year 1 month<\/td>\r\n<td>This cookie is used by Google Analytics to persist session state.<\/td>\r\n<\/tr>\r\n<tr>\r\n<td>YSC<\/td>\r\n<td>Youtube<\/td>\r\n<td>.youtube.com<\/td>\r\n<td>\/<\/td>\r\n<td>Third-party<\/td>\r\n<td>Session<\/td>\r\n<td>This cookie is set by YouTube to track views of embedded videos.<\/td>\r\n<\/tr>\r\n<tr>\r\n<td>VISITOR_INFO1_LIV E<\/td>\r\n<td>Youtube<\/td>\r\n<td>.youtube.com<\/td>\r\n<td>\/<\/td>\r\n<td>Third-party<\/td>\r\n<td>6 months<\/td>\r\n<td>This cookie is set by Youtube to keep track of user preferences for Youtube videos embedded in sites;it can also determine whether the website visitor is using the new or old version of the Youtube interface.<\/td>\r\n<\/tr>\r\n<tr>\r\n<td>__cf_bm<\/td>\r\n<td>Taggbox<\/td>\r\n<td>.taggbox.com<\/td>\r\n<td>\/<\/td>\r\n<td>Third-party<\/td>\r\n<td>30 minutes<\/td>\r\n<td>This cookie is used to distinguish between humans and bots. This is beneficial for the website, in order to make valid reports on the use of their website.<\/td>\r\n<\/tr>\r\n<tr>\r\n<td>cf_clearance<\/td>\r\n<td>Taggbox<\/td>\r\n<td>.taggbox.com<\/td>\r\n<td>\/<\/td>\r\n<td>Third-party<\/td>\r\n<td>1 year<\/td>\r\n<td>\u00a0<\/td>\r\n<\/tr>\r\n<tr>\r\n<td>Cookielawinfo-checkbox-functional<\/td>\r\n<td>Andere<\/td>\r\n<td>www.kpit.com\/<\/td>\r\n<td>\/<\/td>\r\n<td>First-party<\/td>\r\n<td>1 year<\/td>\r\n<td>\u00a0<\/td>\r\n<\/tr>\r\n<tr>\r\n<td>Cookielawinfo-checkbox-analytics<\/td>\r\n<td>Andere<\/td>\r\n<td>www.kpit.com\/<\/td>\r\n<td>\/<\/td>\r\n<td>First-party<\/td>\r\n<td>1 year<\/td>\r\n<td>\u00a0<\/td>\r\n<\/tr>\r\n<tr>\r\n<td>Cookielawinfo-checkbox-others<\/td>\r\n<td>Andere<\/td>\r\n<td>www.kpit.com\/<\/td>\r\n<td>\/<\/td>\r\n<td>First-party<\/td>\r\n<td>1 year<\/td>\r\n<td>\u00a0<\/td>\r\n<\/tr>\r\n<tr>\r\n<td>Cookielawinfo-checkbox-performance<\/td>\r\n<td>Andere<\/td>\r\n<td>www.kpit.com\/<\/td>\r\n<td>\/<\/td>\r\n<td>First-party<\/td>\r\n<td>1 year<\/td>\r\n<td>\u00a0<\/td>\r\n<\/tr>\r\n<tr>\r\n<td>Cookielawinfo-checkbox-advertisement<\/td>\r\n<td>Andere<\/td>\r\n<td>www.kpit.com\/<\/td>\r\n<td>\/<\/td>\r\n<td>First-party<\/td>\r\n<td>1 year<\/td>\r\n<td>\u00a0<\/td>\r\n<\/tr>\r\n<tr>\r\n<td>Cookielawinfo-checkbox-necessary<\/td>\r\n<td>Andere<\/td>\r\n<td>www.kpit.com\/<\/td>\r\n<td>\/<\/td>\r\n<td>First-party<\/td>\r\n<td>1 year<\/td>\r\n<td>\u00a0<\/td>\r\n<\/tr>\r\n<\/tbody>\r\n<\/table>\r\n<\/div>\r\n\r\n<p>&nbsp;<\/p>\r\n\r\n\r\n\r\n<p><strong>So verwalten und l\u00f6schen Sie Cookies<\/strong><\/p>\r\n\r\n\r\n\r\n<p>Cookies sind einfach zu verwalten oder zu l\u00f6schen und k\u00f6nnen auf zwei Arten entfernt werden: automatisch, wenn sie ablaufen, oder durch manuelles L\u00f6schen. Sie k\u00f6nnen Ihre Cookies entweder manuell verwalten oder Tools von Drittanbietern wie das Browser-Add-on zur Deaktivierung von Google Analytics verwenden, um dies zu tun. Das Deaktivierungs-Add-on f\u00fcr Browser von Google Analytics kann heruntergeladen werden unter: \u00a0<a href=\"https:\/\/tools.google.com\/dlpage\/gaoptout\">https:\/\/tools.google.com\/dlpage\/gaoptout<\/a>.<\/p>\r\n\r\n\r\n\r\n<p><strong>So l\u00f6schen Sie Cookies manuell (Internet Explorer):<\/strong><\/p>\r\n\r\n\r\n\r\n<ol class=\"wp-block-list\">\r\n<li>Tippen oder klicken Sie auf dem Startbildschirm auf Internet Explorer, um Internet Explorer zu \u00f6ffnen<\/li>\r\n<li>Swipe in from the right edge of the screen and then tap Settings. (If you&#8217;re using a mouse, point to the lower-right corner of the screen, move the mouse pointer up and then click Settings)<\/li>\r\n<li>W\u00e4hlen Sie in Internet Explorer die Schaltfl\u00e4che Extras, zeigen Sie auf Sicherheit, und w\u00e4hlen Sie dann Browserverlauf l\u00f6schen aus.<\/li>\r\n<li>Aktivieren Sie das Kontrollk\u00e4stchen Cookies und Websitedaten und w\u00e4hlen Sie dann L\u00f6schen aus.<\/li>\r\n<\/ol>\r\n\r\n<p><img decoding=\"async\" class=\"img-fluid\" src=\"https:\/\/ddxpeyb9bmybt.cloudfront.net\/wp-content\/uploads\/2021\/09\/29075321\/Picture6.png\" alt=\"policy1\" \/><\/p>\r\n<p><img decoding=\"async\" class=\"img-fluid\" src=\"https:\/\/ddxpeyb9bmybt.cloudfront.net\/wp-content\/uploads\/2021\/09\/29051857\/Picture1.png\" alt=\"policy2\" \/><\/p>\r\n\r\n<p><strong>So blockieren Sie Cookies: (Internet Explorer)<\/strong><\/p>\r\n\r\n\r\n\r\n<ol class=\"wp-block-list\">\r\n<li>\u00d6ffnen Sie den Desktop und tippen oder klicken Sie dann auf das Internet Explorer-Symbol in der Taskleiste<\/li>\r\n<li>Tippen oder klicken Sie auf die Schaltfl\u00e4che Extras und tippen oder klicken Sie dann auf Internetoptionen<\/li>\r\n<li>Tippen oder klicken Sie auf die Registerkarte Datenschutz und unter Einstellungen.<\/li>\r\n<li>Blockieren Sie Cookies von Erstanbietern und Drittanbietern oder lassen Sie sich dazu auffordern.<\/li>\r\n<\/ol>\r\n\r\n<p><img decoding=\"async\" class=\"img-fluid\" src=\"https:\/\/ddxpeyb9bmybt.cloudfront.net\/wp-content\/uploads\/2021\/09\/29075345\/Picture10.png\" alt=\"policy3\" \/><\/p>\r\n<p><img decoding=\"async\" class=\"img-fluid\" src=\"https:\/\/ddxpeyb9bmybt.cloudfront.net\/wp-content\/uploads\/2021\/09\/29075350\/Picture11.png\" alt=\"policy4\" \/><\/p>\r\n<p><img decoding=\"async\" class=\"img-fluid\" src=\"https:\/\/ddxpeyb9bmybt.cloudfront.net\/wp-content\/uploads\/2021\/09\/29075357\/Picture12.png\" alt=\"policy5\" \/><\/p>\r\n\r\n<p><strong>So passen Sie die Cookie-Einstellungen an: (Internet Explorer)<\/strong><\/p>\r\n\r\n\r\n\r\n<ol class=\"wp-block-list\">\r\n<li>\u00d6ffnen Sie den Desktop und tippen oder klicken Sie dann auf das Internet Explorer-Symbol in der Taskleiste\r\n<ul>\r\n<li>Tippen oder klicken Sie auf die Schaltfl\u00e4che Extras und tippen oder klicken Sie dann auf Internetoptionen<\/li>\r\n<\/ul>\r\n<\/li>\r\n<li>F\u00fchren Sie auf der Registerkarte Datenschutz einen oder mehrere der folgenden Schritte aus:\r\n<ul>\r\n<li>Tippen oder klicken Sie auf die Registerkarte Datenschutz und unter Einstellungen. Blockieren Sie Erstanbieter- und Drittanbieter-Cookies oder lassen Sie sich dazu auffordern.<\/li>\r\n<li>Um bestimmte Websites zu blockieren oder zuzulassen, tippen oder klicken Sie auf Websites<\/li>\r\n<\/ul>\r\n<\/li>\r\n<li>Wenn Sie mit den \u00c4nderungen fertig sind, tippen oder klicken Sie auf OK<\/li>\r\n<\/ol>\r\n\r\n<p><img decoding=\"async\" class=\"img-fluid\" src=\"https:\/\/ddxpeyb9bmybt.cloudfront.net\/wp-content\/uploads\/2021\/09\/29075345\/Picture10.png\" alt=\"policy6\" \/><\/p>\r\n<p><img decoding=\"async\" class=\"img-fluid\" src=\"https:\/\/ddxpeyb9bmybt.cloudfront.net\/wp-content\/uploads\/2021\/09\/29075350\/Picture11.png\" alt=\"policy7\" \/><\/p>\r\n<p><img decoding=\"async\" class=\"img-fluid\" src=\"https:\/\/ddxpeyb9bmybt.cloudfront.net\/wp-content\/uploads\/2021\/09\/29075357\/Picture12.png\" alt=\"policy8\" \/><\/p>\r\n<p><img decoding=\"async\" class=\"img-fluid\" src=\"https:\/\/ddxpeyb9bmybt.cloudfront.net\/wp-content\/uploads\/2021\/09\/29075404\/Picture13.png\" alt=\"policy9\" \/><\/p>\r\n<p><img decoding=\"async\" class=\"img-fluid\" src=\"https:\/\/ddxpeyb9bmybt.cloudfront.net\/wp-content\/uploads\/2021\/09\/29075409\/Picture14.png\" alt=\"policy10\" \/><\/p>\r\n\r\n<p><strong>So passen Sie die Cookie-Einstellungen an: (Google Chrome)<\/strong><\/p>\r\n\r\n\r\n\r\n<ol class=\"wp-block-list\">\r\n<li>\u00d6ffnen Sie den Chrome und sobald Sie ihn besuchen <a href=\"https:\/\/www.kpit.com\/de\/\" target=\"_blank\" rel=\"noopener\">www.kpit.com<\/a> Sie w\u00fcrden unten auf der Seite ein Cookie-Banner erhalten. Klicken Sie auf Cookie-Einstellungen, um sie nach Ihren Bed\u00fcrfnissen anzupassen.<\/li>\r\n<li>Aktualisieren Sie die Cookie-Einstellungen \u00fcber das Cookie-Banner, speichern und akzeptieren Sie.<\/li>\r\n<\/ol>\r\n\r\n<p>Nachfolgend finden Sie einen Screenshot.<\/p>\r\n<p><img decoding=\"async\" class=\"img-fluid\" src=\"https:\/\/ddxpeyb9bmybt.cloudfront.net\/wp-content\/uploads\/2021\/09\/29075413\/Picture15.png\" alt=\"policy11\" \/><\/p>","protected":false},"excerpt":{"rendered":"<p>KPIT Technologies Limited is firmly committed to protecting your privacy. We have created this Cookie Policy (&#8220;Policy&#8221;) so that you can understand what cookies we use on our site and why we use them. By continuing to use our site, you are agreeing to our use of cookies. What is a Cookie A &#8220;cookie&#8221; is [&hellip;]<\/p>\n","protected":false},"author":13,"featured_media":0,"parent":0,"menu_order":0,"comment_status":"closed","ping_status":"closed","template":"content.php","meta":{"_acf_changed":false,"footnotes":""},"class_list":["post-261","page","type-page","status-publish","hentry"],"acf":[],"yoast_head":"<!-- This site is optimized with the Yoast SEO plugin v27.3 - https:\/\/yoast.com\/product\/yoast-seo-wordpress\/ -->\n<title>Our Guidelines for Cookie Privacy - KPIT<\/title>\n<meta name=\"description\" content=\"KPIT Technologies Limited is firmly committed to protecting your privacy. We comply with cookie policy and data contained is anonymous\" \/>\n<meta name=\"robots\" content=\"index, follow, max-snippet:-1, max-image-preview:large, max-video-preview:-1\" \/>\n<link rel=\"canonical\" href=\"https:\/\/www.kpit.com\/de\/cookie-richtlinie\/\" \/>\n<meta property=\"og:locale\" content=\"de_DE\" \/>\n<meta property=\"og:type\" content=\"article\" \/>\n<meta property=\"og:title\" content=\"Our Guidelines for Cookie Privacy - KPIT\" \/>\n<meta property=\"og:description\" content=\"KPIT Technologies Limited is firmly committed to protecting your privacy. We comply with cookie policy and data contained is anonymous\" \/>\n<meta property=\"og:url\" content=\"https:\/\/www.kpit.com\/de\/cookie-richtlinie\/\" \/>\n<meta property=\"og:site_name\" content=\"KPIT\" \/>\n<meta property=\"article:modified_time\" content=\"2024-11-15T11:50:43+00:00\" \/>\n<meta property=\"og:image\" content=\"https:\/\/ddxpeyb9bmybt.cloudfront.net\/wp-content\/uploads\/2021\/09\/29075321\/Picture6.png\" \/>\n<meta name=\"twitter:card\" content=\"summary_large_image\" \/>\n<meta name=\"twitter:label1\" content=\"Gesch\u00e4tzte Lesezeit\" \/>\n\t<meta name=\"twitter:data1\" content=\"7\u00a0Minuten\" \/>\n<script type=\"application\/ld+json\" class=\"yoast-schema-graph\">{\"@context\":\"https:\\\/\\\/schema.org\",\"@graph\":[{\"@type\":\"WebPage\",\"@id\":\"https:\\\/\\\/www.kpit.com\\\/cookie-policy\\\/\",\"url\":\"https:\\\/\\\/www.kpit.com\\\/cookie-policy\\\/\",\"name\":\"Our Guidelines for Cookie Privacy - KPIT\",\"isPartOf\":{\"@id\":\"https:\\\/\\\/www.kpit.com\\\/#website\"},\"primaryImageOfPage\":{\"@id\":\"https:\\\/\\\/www.kpit.com\\\/cookie-policy\\\/#primaryimage\"},\"image\":{\"@id\":\"https:\\\/\\\/www.kpit.com\\\/cookie-policy\\\/#primaryimage\"},\"thumbnailUrl\":\"https:\\\/\\\/ddxpeyb9bmybt.cloudfront.net\\\/wp-content\\\/uploads\\\/2021\\\/09\\\/29075321\\\/Picture6.png\",\"datePublished\":\"2018-12-01T15:02:32+00:00\",\"dateModified\":\"2024-11-15T11:50:43+00:00\",\"description\":\"KPIT Technologies Limited is firmly committed to protecting your privacy. We comply with cookie policy and data contained is anonymous\",\"breadcrumb\":{\"@id\":\"https:\\\/\\\/www.kpit.com\\\/cookie-policy\\\/#breadcrumb\"},\"inLanguage\":\"de\",\"potentialAction\":[{\"@type\":\"ReadAction\",\"target\":[\"https:\\\/\\\/www.kpit.com\\\/cookie-policy\\\/\"]}]},{\"@type\":\"ImageObject\",\"inLanguage\":\"de\",\"@id\":\"https:\\\/\\\/www.kpit.com\\\/cookie-policy\\\/#primaryimage\",\"url\":\"https:\\\/\\\/ddxpeyb9bmybt.cloudfront.net\\\/wp-content\\\/uploads\\\/2021\\\/09\\\/29075321\\\/Picture6.png\",\"contentUrl\":\"https:\\\/\\\/ddxpeyb9bmybt.cloudfront.net\\\/wp-content\\\/uploads\\\/2021\\\/09\\\/29075321\\\/Picture6.png\"},{\"@type\":\"BreadcrumbList\",\"@id\":\"https:\\\/\\\/www.kpit.com\\\/cookie-policy\\\/#breadcrumb\",\"itemListElement\":[{\"@type\":\"ListItem\",\"position\":1,\"name\":\"Home\",\"item\":\"https:\\\/\\\/www.kpit.com\\\/\"},{\"@type\":\"ListItem\",\"position\":2,\"name\":\"Cookie Policy\"}]},{\"@type\":\"WebSite\",\"@id\":\"https:\\\/\\\/www.kpit.com\\\/#website\",\"url\":\"https:\\\/\\\/www.kpit.com\\\/\",\"name\":\"KPIT\",\"description\":\"Technology, Mobility, Software, Automotive\",\"publisher\":{\"@id\":\"https:\\\/\\\/www.kpit.com\\\/#organization\"},\"potentialAction\":[{\"@type\":\"SearchAction\",\"target\":{\"@type\":\"EntryPoint\",\"urlTemplate\":\"https:\\\/\\\/www.kpit.com\\\/?s={search_term_string}\"},\"query-input\":{\"@type\":\"PropertyValueSpecification\",\"valueRequired\":true,\"valueName\":\"search_term_string\"}}],\"inLanguage\":\"de\"},{\"@type\":\"Organization\",\"@id\":\"https:\\\/\\\/www.kpit.com\\\/#organization\",\"name\":\"KPIT\",\"url\":\"https:\\\/\\\/www.kpit.com\\\/\",\"logo\":{\"@type\":\"ImageObject\",\"inLanguage\":\"de\",\"@id\":\"https:\\\/\\\/www.kpit.com\\\/#\\\/schema\\\/logo\\\/image\\\/\",\"url\":\"https:\\\/\\\/www.kpit.com\\\/wp-content\\\/uploads\\\/2025\\\/06\\\/favicon-1.png\",\"contentUrl\":\"https:\\\/\\\/www.kpit.com\\\/wp-content\\\/uploads\\\/2025\\\/06\\\/favicon-1.png\",\"width\":512,\"height\":512,\"caption\":\"KPIT\"},\"image\":{\"@id\":\"https:\\\/\\\/www.kpit.com\\\/#\\\/schema\\\/logo\\\/image\\\/\"}}]}<\/script>\n<!-- \/ Yoast SEO plugin. -->","yoast_head_json":{"title":"Unsere Richtlinien zum Cookie-Datenschutz \u2013 KPIT","description":"KPIT Technologies Limited ist dem Schutz Ihrer Privatsph\u00e4re verpflichtet. Wir halten uns an die Cookie-Richtlinie und die enthaltenen Daten sind anonym","robots":{"index":"index","follow":"follow","max-snippet":"max-snippet:-1","max-image-preview":"max-image-preview:large","max-video-preview":"max-video-preview:-1"},"canonical":"https:\/\/www.kpit.com\/de\/cookie-richtlinie\/","og_locale":"de_DE","og_type":"article","og_title":"Our Guidelines for Cookie Privacy - KPIT","og_description":"KPIT Technologies Limited is firmly committed to protecting your privacy. We comply with cookie policy and data contained is anonymous","og_url":"https:\/\/www.kpit.com\/de\/cookie-richtlinie\/","og_site_name":"KPIT","article_modified_time":"2024-11-15T11:50:43+00:00","og_image":[{"url":"https:\/\/ddxpeyb9bmybt.cloudfront.net\/wp-content\/uploads\/2021\/09\/29075321\/Picture6.png","type":"","width":"","height":""}],"twitter_card":"summary_large_image","twitter_misc":{"Gesch\u00e4tzte Lesezeit":"7\u00a0Minuten"},"schema":{"@context":"https:\/\/schema.org","@graph":[{"@type":"WebPage","@id":"https:\/\/www.kpit.com\/cookie-policy\/","url":"https:\/\/www.kpit.com\/cookie-policy\/","name":"Unsere Richtlinien zum Cookie-Datenschutz \u2013 KPIT","isPartOf":{"@id":"https:\/\/www.kpit.com\/#website"},"primaryImageOfPage":{"@id":"https:\/\/www.kpit.com\/cookie-policy\/#primaryimage"},"image":{"@id":"https:\/\/www.kpit.com\/cookie-policy\/#primaryimage"},"thumbnailUrl":"https:\/\/ddxpeyb9bmybt.cloudfront.net\/wp-content\/uploads\/2021\/09\/29075321\/Picture6.png","datePublished":"2018-12-01T15:02:32+00:00","dateModified":"2024-11-15T11:50:43+00:00","description":"KPIT Technologies Limited ist dem Schutz Ihrer Privatsph\u00e4re verpflichtet. Wir halten uns an die Cookie-Richtlinie und die enthaltenen Daten sind anonym","breadcrumb":{"@id":"https:\/\/www.kpit.com\/cookie-policy\/#breadcrumb"},"inLanguage":"de","potentialAction":[{"@type":"ReadAction","target":["https:\/\/www.kpit.com\/cookie-policy\/"]}]},{"@type":"ImageObject","inLanguage":"de","@id":"https:\/\/www.kpit.com\/cookie-policy\/#primaryimage","url":"https:\/\/ddxpeyb9bmybt.cloudfront.net\/wp-content\/uploads\/2021\/09\/29075321\/Picture6.png","contentUrl":"https:\/\/ddxpeyb9bmybt.cloudfront.net\/wp-content\/uploads\/2021\/09\/29075321\/Picture6.png"},{"@type":"BreadcrumbList","@id":"https:\/\/www.kpit.com\/cookie-policy\/#breadcrumb","itemListElement":[{"@type":"ListItem","position":1,"name":"Home","item":"https:\/\/www.kpit.com\/"},{"@type":"ListItem","position":2,"name":"Cookie Policy"}]},{"@type":"WebSite","@id":"https:\/\/www.kpit.com\/#website","url":"https:\/\/www.kpit.com\/","name":"KPIT","description":"Technologie, Mobilit\u00e4t, Software, Automotive","publisher":{"@id":"https:\/\/www.kpit.com\/#organization"},"potentialAction":[{"@type":"SearchAction","target":{"@type":"EntryPoint","urlTemplate":"https:\/\/www.kpit.com\/?s={search_term_string}"},"query-input":{"@type":"PropertyValueSpecification","valueRequired":true,"valueName":"search_term_string"}}],"inLanguage":"de"},{"@type":"Organization","@id":"https:\/\/www.kpit.com\/#organization","name":"KPIT","url":"https:\/\/www.kpit.com\/","logo":{"@type":"ImageObject","inLanguage":"de","@id":"https:\/\/www.kpit.com\/#\/schema\/logo\/image\/","url":"https:\/\/www.kpit.com\/wp-content\/uploads\/2025\/06\/favicon-1.png","contentUrl":"https:\/\/www.kpit.com\/wp-content\/uploads\/2025\/06\/favicon-1.png","width":512,"height":512,"caption":"KPIT"},"image":{"@id":"https:\/\/www.kpit.com\/#\/schema\/logo\/image\/"}}]}},"_links":{"self":[{"href":"https:\/\/www.kpit.com\/de\/wp-json\/wp\/v2\/pages\/261","targetHints":{"allow":["GET"]}}],"collection":[{"href":"https:\/\/www.kpit.com\/de\/wp-json\/wp\/v2\/pages"}],"about":[{"href":"https:\/\/www.kpit.com\/de\/wp-json\/wp\/v2\/types\/page"}],"author":[{"embeddable":true,"href":"https:\/\/www.kpit.com\/de\/wp-json\/wp\/v2\/users\/13"}],"replies":[{"embeddable":true,"href":"https:\/\/www.kpit.com\/de\/wp-json\/wp\/v2\/comments?post=261"}],"version-history":[{"count":10,"href":"https:\/\/www.kpit.com\/de\/wp-json\/wp\/v2\/pages\/261\/revisions"}],"predecessor-version":[{"id":24887,"href":"https:\/\/www.kpit.com\/de\/wp-json\/wp\/v2\/pages\/261\/revisions\/24887"}],"wp:attachment":[{"href":"https:\/\/www.kpit.com\/de\/wp-json\/wp\/v2\/media?parent=261"}],"curies":[{"name":"wp","href":"https:\/\/api.w.org\/{rel}","templated":true}]}}