

{"id":253,"date":"2018-12-01T15:00:42","date_gmt":"2018-12-01T15:00:42","guid":{"rendered":"https:\/\/developmentuat.kpit.com\/?page_id=253"},"modified":"2024-11-14T11:16:20","modified_gmt":"2024-11-14T05:46:20","slug":"nutzungsbedingungen","status":"publish","type":"page","link":"https:\/\/www.kpit.com\/de\/terms-of-uses\/","title":{"rendered":"Nutzungsbedingungen"},"content":{"rendered":"<p>Nachfolgend finden Sie die Nutzungsbedingungen f\u00fcr die Website\u00a0<a href=\"https:\/\/www.kpit.com\/de\/\">www.kpit.com<\/a>. Der Benutzer gilt als akzeptiert, unabh\u00e4ngig davon, ob er es liest oder nicht. Sie werden daher gebeten, diese sorgf\u00e4ltig zu lesen, bevor Sie die Dienste dieser Website nutzen.<\/p>\r\n\r\n\r\n\r\n<ol class=\"wp-block-list\">\r\n<li>Der Begriff Benutzer bezieht sich auf den Benutzer, der die Website durchsucht. Der Begriff KPIT bezieht sich auf KPIT Technologies Ltd. und seine verbundenen Unternehmen. Der Begriff Website bezieht sich auf\u00a0<a href=\"https:\/\/www.kpit.com\/de\/\">www.kpit.com<\/a>\u00a0im Besitz und \u00fcberwacht von KPIT Technologies Limited.<\/li>\r\n<li>Durch die Nutzung der Website erkl\u00e4ren Sie sich damit einverstanden, die folgenden Bedingungen bez\u00fcglich Ihrer Nutzung der Website zu befolgen und an diese gebunden zu sein. KPIT beh\u00e4lt sich das Recht vor, die Nutzungsbedingungen jederzeit ohne vorherige Ank\u00fcndigung zu \u00e4ndern. F\u00fcr bestimmte Bereiche der Website k\u00f6nnen abweichende Nutzungsbedingungen ver\u00f6ffentlicht werden. Im Falle eines Widerspruchs zwischen diesen Nutzungsbedingungen und Nutzungsbedingungen, die f\u00fcr einen bestimmten Bereich der Website ver\u00f6ffentlicht wurden, gelten letztere f\u00fcr den Zweck Ihrer Nutzung dieses Bereichs der Website.<\/li>\r\n<li>Der Benutzer kann die Website ohne vorherige Mitteilung an KPIT besuchen. Unter bestimmten Umst\u00e4nden verlangt KPIT jedoch, dass der Benutzer seine Identit\u00e4t preisgibt. In einer solchen Situation m\u00fcssen Sie m\u00f6glicherweise Ihre wahre und korrekte Identit\u00e4t preisgeben.<\/li>\r\n<li>Alle Informationen und Materialien auf dieser Website werden \u201ewie besehen\u201c, \u201emit allen Fehlern\u201c und \u201ewie verf\u00fcgbar\u201c bereitgestellt und sind ohne ausdr\u00fcckliche oder stillschweigende Garantien, Zusicherungen oder Gew\u00e4hrleistungen jeglicher Art, einschlie\u00dflich, aber nicht beschr\u00e4nkt auf die Marktg\u00e4ngigkeit und Eignung f\u00fcr einen bestimmten Zweck und Nichtverletzung in Bezug auf Materialien, Informationen, Daten oder Aussagen auf der Website. Dar\u00fcber hinaus spiegeln Ideen und \/ oder Informationen, die auf dieser Website bereitgestellt oder gewonnen werden, nicht unbedingt die Ansichten von KPIT Technologies Ltd. oder seinen verbundenen Unternehmen oder Tochtergesellschaften oder seinen Direktoren, leitenden Angestellten oder Mitarbeitern wider (\u201egemeinsam als KPIT bezeichnet\u201c).<\/li>\r\n<li>Die Materialien und \/ oder Informationen, die auf \/ \u00fcber diese Website verf\u00fcgbar sind oder erhalten werden, und die Inhalte der Website werden in Bezug auf Vollst\u00e4ndigkeit, Richtigkeit, Genauigkeit, Zuverl\u00e4ssigkeit oder auf andere Weise von KPIT nicht garantiert oder gew\u00e4hrleistet.<\/li>\r\n<li>Alle auf dieser Website vorhandenen Inhalte sind ausschlie\u00dfliches Eigentum von KPIT. Die auf dieser Website verwendete Software, Texte, Bilder, Grafiken, Videos und Audiodateien sind Eigentum von KPIT. Der Inhalt dieser Website darf ohne vorherige schriftliche Genehmigung weder ganz noch teilweise vom Empf\u00e4nger dieser Website oder einer anderen Person f\u00fcr irgendeinen Zweck vervielf\u00e4ltigt, kopiert, modifiziert, neu ver\u00f6ffentlicht, \u00fcbertragen, gepostet, hochgeladen, verteilt oder ver\u00f6ffentlicht werden von KPIT. Die unbefugte Nutzung des auf dieser Website erscheinenden Materials kann gegen das Urheberrecht und andere geltende Gesetze versto\u00dfen und straf- und zivilrechtliche Sanktionen nach sich ziehen. KPIT ist eine eingetragene Marke von KPIT Technologies Limited. Diese Marke darf ohne vorherige schriftliche Zustimmung von KPIT Technologies Limited in keiner Weise verwendet werden.<\/li>\r\n<li>Die Website wird in keiner Weise rechtswidrig oder in irgendeiner Weise verwendet, die KPIT schaden oder schaden w\u00fcrde.<\/li>\r\n<li>KPIT kann den Zugriff des Benutzers jederzeit ohne Angabe von Gr\u00fcnden k\u00fcndigen. Die Bestimmungen in Bezug auf Gew\u00e4hrleistungsausschluss, Genauigkeit der Informationen und Entsch\u00e4digung gelten auch nach einer solchen K\u00fcndigung. KPIT kann den Zugriff auf die Website \u00fcberwachen.<\/li>\r\n<li>KPIT \u00fcbernimmt keine Verantwortung f\u00fcr Sch\u00e4den am Computersystem des Benutzers oder Datenverluste, die durch das Herunterladen von Inhalten, Materialien oder Informationen von der Website entstehen.<\/li>\r\n<li>KPIT kann jeden Aspekt seiner Website jederzeit \u00e4ndern oder einstellen, einschlie\u00dflich des Inhalts oder der Funktionen. KPIT beh\u00e4lt sich das Recht vor, die Nutzungsbedingungen der Website zu \u00e4ndern. Solche \u00c4nderungen treten sofort nach Benachrichtigung in Kraft, die auf der Website ver\u00f6ffentlicht wird.<\/li>\r\n<li>Obwohl die Website regelm\u00e4\u00dfig mit \u00c4nderungen aktualisiert werden kann, garantiert KPIT nicht, dass diese Website jederzeit oder jederzeit die neuesten \u00c4nderungen \/ Informationen widerspiegelt.<\/li>\r\n<li>In keinem Fall haftet KPIT gegen\u00fcber nat\u00fcrlichen oder juristischen Personen f\u00fcr Sch\u00e4den oder Verluste, die direkt oder indirekt aus dem Zugriff auf diese Website resultieren. Die hier bereitgestellten Informationen und alle anschlie\u00dfend unterhaltenen oder beantworteten Mitteilungen sind\/sind kostenlos und fallen\/fallen nicht in den Geltungsbereich von Verbraucherschutzgesetzen. Jeder Empf\u00e4nger oder Benutzer von Informationen oder Materialien auf dieser Website kann die Informationen oder Materialien ausschlie\u00dflich auf eigenes Risiko verwenden \/ sich darauf verlassen. Das gesamte Risiko hinsichtlich zufriedenstellender Qualit\u00e4t, Leistung, Genauigkeit und Aufwand liegt beim Benutzer.<\/li>\r\n<li>Unter keinen Umst\u00e4nden, einschlie\u00dflich, aber nicht beschr\u00e4nkt auf Fahrl\u00e4ssigkeit, haftet KPIT f\u00fcr besondere oder Folgesch\u00e4den, einschlie\u00dflich, aber nicht beschr\u00e4nkt auf Sch\u00e4den aus entgangenem Gewinn, Betriebsunterbrechung und Verlust von Programmen und Informationen), die angeblich entstanden sind die Nutzung und\/oder Unf\u00e4higkeit, diese Website oder die darin enthaltenen Informationen zu nutzen, selbst wenn KPIT \u00fcber die M\u00f6glichkeit m\u00f6glicher Sch\u00e4den oder Verluste informiert wurde.<\/li>\r\n<li>In keinem Fall haftet KPIT f\u00fcr Sch\u00e4den jeglicher Art, einschlie\u00dflich, aber nicht beschr\u00e4nkt auf direkte, zuf\u00e4llige oder Folgesch\u00e4den (einschlie\u00dflich, aber nicht beschr\u00e4nkt auf Sch\u00e4den f\u00fcr entgangenen Gewinn, Betriebsunterbrechung und Verlust von Programmen oder Informationen), die sich aus der Nutzung ergeben der Website von KPIT oder die Unf\u00e4higkeit, die Website von KPIT oder auf der Website bereitgestellte Informationen oder in den Produkten zu verwenden, Anspr\u00fcche, die auf Fehler, Auslassungen oder andere Ungenauigkeiten im Produkt oder Interpretationen davon zur\u00fcckzuf\u00fchren sind. Wenn die Rechtsordnungen die Beschr\u00e4nkung oder den Ausschluss der Haftung nicht zulassen, gelten einige der oben genannten Beschr\u00e4nkungen m\u00f6glicherweise nicht f\u00fcr den Benutzer. \u00a0<\/li>\r\n<li>Der Benutzer erkl\u00e4rt sich damit einverstanden, KPIT von allen Verlusten, Ausgaben, Sch\u00e4den und Kosten, einschlie\u00dflich angemessener Anwaltsgeb\u00fchren, die sich aus oder im Zusammenhang mit einem Missbrauch der auf der Website bereitgestellten Inhalte und Dienste durch den Benutzer ergeben, schadlos zu halten, zu verteidigen und schadlos zu halten. \u00a0<\/li>\r\n<li>Die auf der Website enthaltenen Informationen stammen aus Quellen, die als zuverl\u00e4ssig erachtet werden. KPIT lehnt jegliche Gew\u00e4hrleistung hinsichtlich der Genauigkeit, Vollst\u00e4ndigkeit oder Angemessenheit dieser Informationen ab.<\/li>\r\n<li>KPIT \u00fcbernimmt keine Gew\u00e4hrleistung daf\u00fcr, dass: (a) die Website Ihren Anforderungen entspricht; (b) die Website ununterbrochen, rechtzeitig, sicher oder fehlerfrei verf\u00fcgbar ist; (c) die Ergebnisse, die durch die Nutzung der Website oder der \u00fcber die Website angebotenen Dienste erzielt werden k\u00f6nnen, genau oder zuverl\u00e4ssig sind. \u00a0<\/li>\r\n<li>Das Recht des Benutzers auf Privatsph\u00e4re ist f\u00fcr KPIT von gr\u00f6\u00dfter Bedeutung. Alle vom Benutzer bereitgestellten Informationen werden nicht an Dritte weitergegeben. KPIT beh\u00e4lt sich das Recht vor, die Informationen zu verwenden, um dem Benutzer ein personalisierteres Online-Erlebnis zu bieten. \u00a0<\/li>\r\n<li>Die Website bietet Links zu Websites und Zugriff auf Inhalte, Produkte und Dienstleistungen von Dritten, einschlie\u00dflich Benutzern, Werbetreibenden, verbundenen Unternehmen und Sponsoren der Website. Sie stimmen zu, dass KPIT nicht verantwortlich ist f\u00fcr die Verf\u00fcgbarkeit und den Inhalt von Websites Dritter. Der Benutzer wird gebeten, vor der Verwendung die von anderen Websites ver\u00f6ffentlichten Richtlinien zum Datenschutz und zu anderen Themen zu lesen. KPIT ist nicht verantwortlich f\u00fcr Inhalte Dritter, auf die \u00fcber die Website zugegriffen werden kann, einschlie\u00dflich Meinungen, Ratschl\u00e4ge, Aussagen und Werbung, und der Benutzer tr\u00e4gt alle Risiken, die mit der Verwendung solcher Inhalte verbunden sind. KPIT ist nicht verantwortlich f\u00fcr Verluste oder Sch\u00e4den jeglicher Art, die dem Benutzer durch den Umgang mit Dritten entstehen.<\/li>\r\n<\/ol>","protected":false},"excerpt":{"rendered":"<p>Following are the terms and conditions for using the website\u00a0www.kpit.com. The user shall have deemed to accept the same, whether he reads it or not. You are therefore requested to read them carefully before you use the services of this site. The term User shall refer to the user who is browsing the site. The [&hellip;]<\/p>\n","protected":false},"author":13,"featured_media":0,"parent":0,"menu_order":0,"comment_status":"closed","ping_status":"closed","template":"content.php","meta":{"_acf_changed":false,"footnotes":""},"class_list":["post-253","page","type-page","status-publish","hentry"],"acf":[],"yoast_head":"<!-- This site is optimized with the Yoast SEO plugin v27.3 - https:\/\/yoast.com\/product\/yoast-seo-wordpress\/ -->\n<title>Find the terms and conditions for KPIT<\/title>\n<meta name=\"description\" content=\"Know the terms and conditions for using the KPIT website. All content present on this site is the exclusive property of KPIT. Know more T&amp;C\" \/>\n<meta name=\"robots\" content=\"index, follow, max-snippet:-1, max-image-preview:large, max-video-preview:-1\" \/>\n<link rel=\"canonical\" href=\"https:\/\/www.kpit.com\/de\/nutzungsbedingungen\/\" \/>\n<meta property=\"og:locale\" content=\"de_DE\" \/>\n<meta property=\"og:type\" content=\"article\" \/>\n<meta property=\"og:title\" content=\"Find the terms and conditions for KPIT\" \/>\n<meta property=\"og:description\" content=\"Know the terms and conditions for using the KPIT website. All content present on this site is the exclusive property of KPIT. Know more T&amp;C\" \/>\n<meta property=\"og:url\" content=\"https:\/\/www.kpit.com\/de\/nutzungsbedingungen\/\" \/>\n<meta property=\"og:site_name\" content=\"KPIT\" \/>\n<meta property=\"article:modified_time\" content=\"2024-11-14T05:46:20+00:00\" \/>\n<meta name=\"twitter:card\" content=\"summary_large_image\" \/>\n<meta name=\"twitter:label1\" content=\"Gesch\u00e4tzte Lesezeit\" \/>\n\t<meta name=\"twitter:data1\" content=\"6\u00a0Minuten\" \/>\n<script type=\"application\/ld+json\" class=\"yoast-schema-graph\">{\"@context\":\"https:\\\/\\\/schema.org\",\"@graph\":[{\"@type\":\"WebPage\",\"@id\":\"https:\\\/\\\/www.kpit.com\\\/terms-of-uses\\\/\",\"url\":\"https:\\\/\\\/www.kpit.com\\\/terms-of-uses\\\/\",\"name\":\"Find the terms and conditions for KPIT\",\"isPartOf\":{\"@id\":\"https:\\\/\\\/www.kpit.com\\\/#website\"},\"datePublished\":\"2018-12-01T15:00:42+00:00\",\"dateModified\":\"2024-11-14T05:46:20+00:00\",\"description\":\"Know the terms and conditions for using the KPIT website. All content present on this site is the exclusive property of KPIT. Know more T&C\",\"breadcrumb\":{\"@id\":\"https:\\\/\\\/www.kpit.com\\\/terms-of-uses\\\/#breadcrumb\"},\"inLanguage\":\"de\",\"potentialAction\":[{\"@type\":\"ReadAction\",\"target\":[\"https:\\\/\\\/www.kpit.com\\\/terms-of-uses\\\/\"]}]},{\"@type\":\"BreadcrumbList\",\"@id\":\"https:\\\/\\\/www.kpit.com\\\/terms-of-uses\\\/#breadcrumb\",\"itemListElement\":[{\"@type\":\"ListItem\",\"position\":1,\"name\":\"Home\",\"item\":\"https:\\\/\\\/www.kpit.com\\\/\"},{\"@type\":\"ListItem\",\"position\":2,\"name\":\"Terms of Use\"}]},{\"@type\":\"WebSite\",\"@id\":\"https:\\\/\\\/www.kpit.com\\\/#website\",\"url\":\"https:\\\/\\\/www.kpit.com\\\/\",\"name\":\"KPIT\",\"description\":\"Technology, Mobility, Software, Automotive\",\"publisher\":{\"@id\":\"https:\\\/\\\/www.kpit.com\\\/#organization\"},\"potentialAction\":[{\"@type\":\"SearchAction\",\"target\":{\"@type\":\"EntryPoint\",\"urlTemplate\":\"https:\\\/\\\/www.kpit.com\\\/?s={search_term_string}\"},\"query-input\":{\"@type\":\"PropertyValueSpecification\",\"valueRequired\":true,\"valueName\":\"search_term_string\"}}],\"inLanguage\":\"de\"},{\"@type\":\"Organization\",\"@id\":\"https:\\\/\\\/www.kpit.com\\\/#organization\",\"name\":\"KPIT\",\"url\":\"https:\\\/\\\/www.kpit.com\\\/\",\"logo\":{\"@type\":\"ImageObject\",\"inLanguage\":\"de\",\"@id\":\"https:\\\/\\\/www.kpit.com\\\/#\\\/schema\\\/logo\\\/image\\\/\",\"url\":\"https:\\\/\\\/www.kpit.com\\\/wp-content\\\/uploads\\\/2025\\\/06\\\/favicon-1.png\",\"contentUrl\":\"https:\\\/\\\/www.kpit.com\\\/wp-content\\\/uploads\\\/2025\\\/06\\\/favicon-1.png\",\"width\":512,\"height\":512,\"caption\":\"KPIT\"},\"image\":{\"@id\":\"https:\\\/\\\/www.kpit.com\\\/#\\\/schema\\\/logo\\\/image\\\/\"}}]}<\/script>\n<!-- \/ Yoast SEO plugin. -->","yoast_head_json":{"title":"Hier finden Sie die Allgemeinen Gesch\u00e4ftsbedingungen f\u00fcr KPIT","description":"Informieren Sie sich \u00fcber die Allgemeinen Gesch\u00e4ftsbedingungen f\u00fcr die Nutzung der KPIT-Website. Alle auf dieser Website vorhandenen Inhalte sind ausschlie\u00dfliches Eigentum von KPIT. Erfahren Sie mehr \u00fcber die AGB","robots":{"index":"index","follow":"follow","max-snippet":"max-snippet:-1","max-image-preview":"max-image-preview:large","max-video-preview":"max-video-preview:-1"},"canonical":"https:\/\/www.kpit.com\/de\/nutzungsbedingungen\/","og_locale":"de_DE","og_type":"article","og_title":"Find the terms and conditions for KPIT","og_description":"Know the terms and conditions for using the KPIT website. All content present on this site is the exclusive property of KPIT. Know more T&C","og_url":"https:\/\/www.kpit.com\/de\/nutzungsbedingungen\/","og_site_name":"KPIT","article_modified_time":"2024-11-14T05:46:20+00:00","twitter_card":"summary_large_image","twitter_misc":{"Gesch\u00e4tzte Lesezeit":"6\u00a0Minuten"},"schema":{"@context":"https:\/\/schema.org","@graph":[{"@type":"WebPage","@id":"https:\/\/www.kpit.com\/terms-of-uses\/","url":"https:\/\/www.kpit.com\/terms-of-uses\/","name":"Hier finden Sie die Allgemeinen Gesch\u00e4ftsbedingungen f\u00fcr KPIT","isPartOf":{"@id":"https:\/\/www.kpit.com\/#website"},"datePublished":"2018-12-01T15:00:42+00:00","dateModified":"2024-11-14T05:46:20+00:00","description":"Informieren Sie sich \u00fcber die Allgemeinen Gesch\u00e4ftsbedingungen f\u00fcr die Nutzung der KPIT-Website. Alle auf dieser Website vorhandenen Inhalte sind ausschlie\u00dfliches Eigentum von KPIT. Erfahren Sie mehr \u00fcber die AGB","breadcrumb":{"@id":"https:\/\/www.kpit.com\/terms-of-uses\/#breadcrumb"},"inLanguage":"de","potentialAction":[{"@type":"ReadAction","target":["https:\/\/www.kpit.com\/terms-of-uses\/"]}]},{"@type":"BreadcrumbList","@id":"https:\/\/www.kpit.com\/terms-of-uses\/#breadcrumb","itemListElement":[{"@type":"ListItem","position":1,"name":"Home","item":"https:\/\/www.kpit.com\/"},{"@type":"ListItem","position":2,"name":"Terms of Use"}]},{"@type":"WebSite","@id":"https:\/\/www.kpit.com\/#website","url":"https:\/\/www.kpit.com\/","name":"KPIT","description":"Technologie, Mobilit\u00e4t, Software, Automotive","publisher":{"@id":"https:\/\/www.kpit.com\/#organization"},"potentialAction":[{"@type":"SearchAction","target":{"@type":"EntryPoint","urlTemplate":"https:\/\/www.kpit.com\/?s={search_term_string}"},"query-input":{"@type":"PropertyValueSpecification","valueRequired":true,"valueName":"search_term_string"}}],"inLanguage":"de"},{"@type":"Organization","@id":"https:\/\/www.kpit.com\/#organization","name":"KPIT","url":"https:\/\/www.kpit.com\/","logo":{"@type":"ImageObject","inLanguage":"de","@id":"https:\/\/www.kpit.com\/#\/schema\/logo\/image\/","url":"https:\/\/www.kpit.com\/wp-content\/uploads\/2025\/06\/favicon-1.png","contentUrl":"https:\/\/www.kpit.com\/wp-content\/uploads\/2025\/06\/favicon-1.png","width":512,"height":512,"caption":"KPIT"},"image":{"@id":"https:\/\/www.kpit.com\/#\/schema\/logo\/image\/"}}]}},"_links":{"self":[{"href":"https:\/\/www.kpit.com\/de\/wp-json\/wp\/v2\/pages\/253","targetHints":{"allow":["GET"]}}],"collection":[{"href":"https:\/\/www.kpit.com\/de\/wp-json\/wp\/v2\/pages"}],"about":[{"href":"https:\/\/www.kpit.com\/de\/wp-json\/wp\/v2\/types\/page"}],"author":[{"embeddable":true,"href":"https:\/\/www.kpit.com\/de\/wp-json\/wp\/v2\/users\/13"}],"replies":[{"embeddable":true,"href":"https:\/\/www.kpit.com\/de\/wp-json\/wp\/v2\/comments?post=253"}],"version-history":[{"count":5,"href":"https:\/\/www.kpit.com\/de\/wp-json\/wp\/v2\/pages\/253\/revisions"}],"predecessor-version":[{"id":17993,"href":"https:\/\/www.kpit.com\/de\/wp-json\/wp\/v2\/pages\/253\/revisions\/17993"}],"wp:attachment":[{"href":"https:\/\/www.kpit.com\/de\/wp-json\/wp\/v2\/media?parent=253"}],"curies":[{"name":"wp","href":"https:\/\/api.w.org\/{rel}","templated":true}]}}