

{"id":22027,"date":"2024-10-10T17:18:05","date_gmt":"2024-10-10T11:48:05","guid":{"rendered":"https:\/\/developmentuat.kpit.com\/?page_id=22027"},"modified":"2025-11-27T10:55:36","modified_gmt":"2025-11-27T05:25:36","slug":"propulsion","status":"publish","type":"page","link":"https:\/\/www.kpit.com\/de\/expertise\/propulsion\/","title":{"rendered":"Antrieb"},"content":{"rendered":"","protected":false},"excerpt":{"rendered":"","protected":false},"author":13,"featured_media":0,"parent":24949,"menu_order":0,"comment_status":"closed","ping_status":"closed","template":"expertise\/exp-propulsion.php","meta":{"_acf_changed":false,"footnotes":""},"class_list":["post-22027","page","type-page","status-publish","hentry"],"acf":[],"yoast_head":"<!-- This site is optimized with the Yoast SEO plugin v27.3 - https:\/\/yoast.com\/product\/yoast-seo-wordpress\/ -->\n<title>EV &amp; Powertrain Software Solutions for OEMs | KPIT<\/title>\n<meta name=\"description\" content=\"From BMS to hybrid ECU, KPIT enables OEMs to electrify vehicles, optimize ICE systems, and achieve efficiency goals with smart propulsion software.\" \/>\n<meta name=\"robots\" content=\"index, follow, max-snippet:-1, max-image-preview:large, max-video-preview:-1\" \/>\n<link rel=\"canonical\" href=\"https:\/\/www.kpit.com\/de\/expertise\/propulsion\/\" \/>\n<meta property=\"og:locale\" content=\"de_DE\" \/>\n<meta property=\"og:type\" content=\"article\" \/>\n<meta property=\"og:title\" content=\"EV &amp; Powertrain Software Solutions for OEMs | KPIT\" \/>\n<meta property=\"og:description\" content=\"From BMS to hybrid ECU, KPIT enables OEMs to electrify vehicles, optimize ICE systems, and achieve efficiency goals with smart propulsion software.\" \/>\n<meta property=\"og:url\" content=\"https:\/\/www.kpit.com\/de\/expertise\/propulsion\/\" \/>\n<meta property=\"og:site_name\" content=\"KPIT\" \/>\n<meta property=\"article:modified_time\" content=\"2025-11-27T05:25:36+00:00\" \/>\n<meta name=\"twitter:card\" content=\"summary_large_image\" \/>\n<script type=\"application\/ld+json\" class=\"yoast-schema-graph\">{\"@context\":\"https:\\\/\\\/schema.org\",\"@graph\":[{\"@type\":\"WebPage\",\"@id\":\"https:\\\/\\\/www.kpit.com\\\/expertise\\\/propulsion\\\/\",\"url\":\"https:\\\/\\\/www.kpit.com\\\/expertise\\\/propulsion\\\/\",\"name\":\"EV & Powertrain Software Solutions for OEMs | KPIT\",\"isPartOf\":{\"@id\":\"https:\\\/\\\/www.kpit.com\\\/#website\"},\"datePublished\":\"2024-10-10T11:48:05+00:00\",\"dateModified\":\"2025-11-27T05:25:36+00:00\",\"description\":\"From BMS to hybrid ECU, KPIT enables OEMs to electrify vehicles, optimize ICE systems, and achieve efficiency goals with smart propulsion software.\",\"breadcrumb\":{\"@id\":\"https:\\\/\\\/www.kpit.com\\\/expertise\\\/propulsion\\\/#breadcrumb\"},\"inLanguage\":\"de\",\"potentialAction\":[{\"@type\":\"ReadAction\",\"target\":[\"https:\\\/\\\/www.kpit.com\\\/expertise\\\/propulsion\\\/\"]}]},{\"@type\":\"BreadcrumbList\",\"@id\":\"https:\\\/\\\/www.kpit.com\\\/expertise\\\/propulsion\\\/#breadcrumb\",\"itemListElement\":[{\"@type\":\"ListItem\",\"position\":1,\"name\":\"Home\",\"item\":\"https:\\\/\\\/www.kpit.com\\\/\"},{\"@type\":\"ListItem\",\"position\":2,\"name\":\"Expertise\",\"item\":\"https:\\\/\\\/www.kpit.com\\\/expertise\\\/\"},{\"@type\":\"ListItem\",\"position\":3,\"name\":\"Propulsion\"}]},{\"@type\":\"WebSite\",\"@id\":\"https:\\\/\\\/www.kpit.com\\\/#website\",\"url\":\"https:\\\/\\\/www.kpit.com\\\/\",\"name\":\"KPIT\",\"description\":\"Technology, Mobility, Software, Automotive\",\"publisher\":{\"@id\":\"https:\\\/\\\/www.kpit.com\\\/#organization\"},\"potentialAction\":[{\"@type\":\"SearchAction\",\"target\":{\"@type\":\"EntryPoint\",\"urlTemplate\":\"https:\\\/\\\/www.kpit.com\\\/?s={search_term_string}\"},\"query-input\":{\"@type\":\"PropertyValueSpecification\",\"valueRequired\":true,\"valueName\":\"search_term_string\"}}],\"inLanguage\":\"de\"},{\"@type\":\"Organization\",\"@id\":\"https:\\\/\\\/www.kpit.com\\\/#organization\",\"name\":\"KPIT\",\"url\":\"https:\\\/\\\/www.kpit.com\\\/\",\"logo\":{\"@type\":\"ImageObject\",\"inLanguage\":\"de\",\"@id\":\"https:\\\/\\\/www.kpit.com\\\/#\\\/schema\\\/logo\\\/image\\\/\",\"url\":\"https:\\\/\\\/www.kpit.com\\\/wp-content\\\/uploads\\\/2025\\\/06\\\/favicon-1.png\",\"contentUrl\":\"https:\\\/\\\/www.kpit.com\\\/wp-content\\\/uploads\\\/2025\\\/06\\\/favicon-1.png\",\"width\":512,\"height\":512,\"caption\":\"KPIT\"},\"image\":{\"@id\":\"https:\\\/\\\/www.kpit.com\\\/#\\\/schema\\\/logo\\\/image\\\/\"}}]}<\/script>\n<!-- \/ Yoast SEO plugin. -->","yoast_head_json":{"title":"Softwarel\u00f6sungen f\u00fcr Elektrofahrzeuge und Antriebsstr\u00e4nge f\u00fcr OEMs | KPIT","description":"Von Batteriemanagementsystemen bis hin zu Hybrid-Steuerger\u00e4ten erm\u00f6glicht KPIT OEMs die Elektrifizierung von Fahrzeugen, die Optimierung von Verbrennungsmotorensystemen und das Erreichen von Effizienzzielen mit intelligenter Antriebssoftware.","robots":{"index":"index","follow":"follow","max-snippet":"max-snippet:-1","max-image-preview":"max-image-preview:large","max-video-preview":"max-video-preview:-1"},"canonical":"https:\/\/www.kpit.com\/de\/expertise\/propulsion\/","og_locale":"de_DE","og_type":"article","og_title":"EV & Powertrain Software Solutions for OEMs | KPIT","og_description":"From BMS to hybrid ECU, KPIT enables OEMs to electrify vehicles, optimize ICE systems, and achieve efficiency goals with smart propulsion software.","og_url":"https:\/\/www.kpit.com\/de\/expertise\/propulsion\/","og_site_name":"KPIT","article_modified_time":"2025-11-27T05:25:36+00:00","twitter_card":"summary_large_image","schema":{"@context":"https:\/\/schema.org","@graph":[{"@type":"WebPage","@id":"https:\/\/www.kpit.com\/expertise\/propulsion\/","url":"https:\/\/www.kpit.com\/expertise\/propulsion\/","name":"Softwarel\u00f6sungen f\u00fcr Elektrofahrzeuge und Antriebsstr\u00e4nge f\u00fcr OEMs | KPIT","isPartOf":{"@id":"https:\/\/www.kpit.com\/#website"},"datePublished":"2024-10-10T11:48:05+00:00","dateModified":"2025-11-27T05:25:36+00:00","description":"Von Batteriemanagementsystemen bis hin zu Hybrid-Steuerger\u00e4ten erm\u00f6glicht KPIT OEMs die Elektrifizierung von Fahrzeugen, die Optimierung von Verbrennungsmotorensystemen und das Erreichen von Effizienzzielen mit intelligenter Antriebssoftware.","breadcrumb":{"@id":"https:\/\/www.kpit.com\/expertise\/propulsion\/#breadcrumb"},"inLanguage":"de","potentialAction":[{"@type":"ReadAction","target":["https:\/\/www.kpit.com\/expertise\/propulsion\/"]}]},{"@type":"BreadcrumbList","@id":"https:\/\/www.kpit.com\/expertise\/propulsion\/#breadcrumb","itemListElement":[{"@type":"ListItem","position":1,"name":"Home","item":"https:\/\/www.kpit.com\/"},{"@type":"ListItem","position":2,"name":"Expertise","item":"https:\/\/www.kpit.com\/expertise\/"},{"@type":"ListItem","position":3,"name":"Propulsion"}]},{"@type":"WebSite","@id":"https:\/\/www.kpit.com\/#website","url":"https:\/\/www.kpit.com\/","name":"KPIT","description":"Technologie, Mobilit\u00e4t, Software, Automotive","publisher":{"@id":"https:\/\/www.kpit.com\/#organization"},"potentialAction":[{"@type":"SearchAction","target":{"@type":"EntryPoint","urlTemplate":"https:\/\/www.kpit.com\/?s={search_term_string}"},"query-input":{"@type":"PropertyValueSpecification","valueRequired":true,"valueName":"search_term_string"}}],"inLanguage":"de"},{"@type":"Organization","@id":"https:\/\/www.kpit.com\/#organization","name":"KPIT","url":"https:\/\/www.kpit.com\/","logo":{"@type":"ImageObject","inLanguage":"de","@id":"https:\/\/www.kpit.com\/#\/schema\/logo\/image\/","url":"https:\/\/www.kpit.com\/wp-content\/uploads\/2025\/06\/favicon-1.png","contentUrl":"https:\/\/www.kpit.com\/wp-content\/uploads\/2025\/06\/favicon-1.png","width":512,"height":512,"caption":"KPIT"},"image":{"@id":"https:\/\/www.kpit.com\/#\/schema\/logo\/image\/"}}]}},"_links":{"self":[{"href":"https:\/\/www.kpit.com\/de\/wp-json\/wp\/v2\/pages\/22027","targetHints":{"allow":["GET"]}}],"collection":[{"href":"https:\/\/www.kpit.com\/de\/wp-json\/wp\/v2\/pages"}],"about":[{"href":"https:\/\/www.kpit.com\/de\/wp-json\/wp\/v2\/types\/page"}],"author":[{"embeddable":true,"href":"https:\/\/www.kpit.com\/de\/wp-json\/wp\/v2\/users\/13"}],"replies":[{"embeddable":true,"href":"https:\/\/www.kpit.com\/de\/wp-json\/wp\/v2\/comments?post=22027"}],"version-history":[{"count":10,"href":"https:\/\/www.kpit.com\/de\/wp-json\/wp\/v2\/pages\/22027\/revisions"}],"predecessor-version":[{"id":28083,"href":"https:\/\/www.kpit.com\/de\/wp-json\/wp\/v2\/pages\/22027\/revisions\/28083"}],"up":[{"embeddable":true,"href":"https:\/\/www.kpit.com\/de\/wp-json\/wp\/v2\/pages\/24949"}],"wp:attachment":[{"href":"https:\/\/www.kpit.com\/de\/wp-json\/wp\/v2\/media?parent=22027"}],"curies":[{"name":"wp","href":"https:\/\/api.w.org\/{rel}","templated":true}]}}