

{"id":21981,"date":"2024-09-26T10:01:26","date_gmt":"2024-09-26T04:31:26","guid":{"rendered":"https:\/\/developmentuat.kpit.com\/?page_id=21981"},"modified":"2025-04-11T15:54:30","modified_gmt":"2025-04-11T10:24:30","slug":"chassis","status":"publish","type":"page","link":"https:\/\/www.kpit.com\/de\/expertise\/chassis\/","title":{"rendered":"Fahrgestell"},"content":{"rendered":"","protected":false},"excerpt":{"rendered":"","protected":false},"author":13,"featured_media":0,"parent":24949,"menu_order":0,"comment_status":"closed","ping_status":"closed","template":"expertise\/leo-exp-domain-chassis.php","meta":{"_acf_changed":false,"footnotes":""},"class_list":["post-21981","page","type-page","status-publish","hentry"],"acf":[],"yoast_head":"<!-- This site is optimized with the Yoast SEO plugin v27.3 - https:\/\/yoast.com\/product\/yoast-seo-wordpress\/ -->\n<title>Chassis Control Software for Software-Defined Vehicles | KPIT<\/title>\n<meta name=\"description\" content=\"From braking to suspension, KPIT&#039;s chassis control software enables SDV-ready integration and optimized handling for OEMs and mobility platforms.\" \/>\n<meta name=\"robots\" content=\"index, follow, max-snippet:-1, max-image-preview:large, max-video-preview:-1\" \/>\n<link rel=\"canonical\" href=\"https:\/\/www.kpit.com\/de\/expertise\/chassis\/\" \/>\n<meta property=\"og:locale\" content=\"de_DE\" \/>\n<meta property=\"og:type\" content=\"article\" \/>\n<meta property=\"og:title\" content=\"Chassis Control Software for Software-Defined Vehicles | KPIT\" \/>\n<meta property=\"og:description\" content=\"From braking to suspension, KPIT&#039;s chassis control software enables SDV-ready integration and optimized handling for OEMs and mobility platforms.\" \/>\n<meta property=\"og:url\" content=\"https:\/\/www.kpit.com\/de\/expertise\/chassis\/\" \/>\n<meta property=\"og:site_name\" content=\"KPIT\" \/>\n<meta property=\"article:modified_time\" content=\"2025-04-11T10:24:30+00:00\" \/>\n<meta name=\"twitter:card\" content=\"summary_large_image\" \/>\n<script type=\"application\/ld+json\" class=\"yoast-schema-graph\">{\"@context\":\"https:\\\/\\\/schema.org\",\"@graph\":[{\"@type\":\"WebPage\",\"@id\":\"https:\\\/\\\/www.kpit.com\\\/expertise\\\/chassis\\\/\",\"url\":\"https:\\\/\\\/www.kpit.com\\\/expertise\\\/chassis\\\/\",\"name\":\"Chassis Control Software for Software-Defined Vehicles | KPIT\",\"isPartOf\":{\"@id\":\"https:\\\/\\\/www.kpit.com\\\/#website\"},\"datePublished\":\"2024-09-26T04:31:26+00:00\",\"dateModified\":\"2025-04-11T10:24:30+00:00\",\"description\":\"From braking to suspension, KPIT's chassis control software enables SDV-ready integration and optimized handling for OEMs and mobility platforms.\",\"breadcrumb\":{\"@id\":\"https:\\\/\\\/www.kpit.com\\\/expertise\\\/chassis\\\/#breadcrumb\"},\"inLanguage\":\"de\",\"potentialAction\":[{\"@type\":\"ReadAction\",\"target\":[\"https:\\\/\\\/www.kpit.com\\\/expertise\\\/chassis\\\/\"]}]},{\"@type\":\"BreadcrumbList\",\"@id\":\"https:\\\/\\\/www.kpit.com\\\/expertise\\\/chassis\\\/#breadcrumb\",\"itemListElement\":[{\"@type\":\"ListItem\",\"position\":1,\"name\":\"Home\",\"item\":\"https:\\\/\\\/www.kpit.com\\\/\"},{\"@type\":\"ListItem\",\"position\":2,\"name\":\"Expertise\",\"item\":\"https:\\\/\\\/www.kpit.com\\\/expertise\\\/\"},{\"@type\":\"ListItem\",\"position\":3,\"name\":\"Chassis\"}]},{\"@type\":\"WebSite\",\"@id\":\"https:\\\/\\\/www.kpit.com\\\/#website\",\"url\":\"https:\\\/\\\/www.kpit.com\\\/\",\"name\":\"KPIT\",\"description\":\"Technology, Mobility, Software, Automotive\",\"publisher\":{\"@id\":\"https:\\\/\\\/www.kpit.com\\\/#organization\"},\"potentialAction\":[{\"@type\":\"SearchAction\",\"target\":{\"@type\":\"EntryPoint\",\"urlTemplate\":\"https:\\\/\\\/www.kpit.com\\\/?s={search_term_string}\"},\"query-input\":{\"@type\":\"PropertyValueSpecification\",\"valueRequired\":true,\"valueName\":\"search_term_string\"}}],\"inLanguage\":\"de\"},{\"@type\":\"Organization\",\"@id\":\"https:\\\/\\\/www.kpit.com\\\/#organization\",\"name\":\"KPIT\",\"url\":\"https:\\\/\\\/www.kpit.com\\\/\",\"logo\":{\"@type\":\"ImageObject\",\"inLanguage\":\"de\",\"@id\":\"https:\\\/\\\/www.kpit.com\\\/#\\\/schema\\\/logo\\\/image\\\/\",\"url\":\"https:\\\/\\\/www.kpit.com\\\/wp-content\\\/uploads\\\/2025\\\/06\\\/favicon-1.png\",\"contentUrl\":\"https:\\\/\\\/www.kpit.com\\\/wp-content\\\/uploads\\\/2025\\\/06\\\/favicon-1.png\",\"width\":512,\"height\":512,\"caption\":\"KPIT\"},\"image\":{\"@id\":\"https:\\\/\\\/www.kpit.com\\\/#\\\/schema\\\/logo\\\/image\\\/\"}}]}<\/script>\n<!-- \/ Yoast SEO plugin. -->","yoast_head_json":{"title":"Fahrwerkssteuerungssoftware f\u00fcr softwaredefinierte Fahrzeuge | KPIT","description":"Von Bremsen bis zur Federung erm\u00f6glicht die Fahrwerkssteuerungssoftware von KPIT die SDV-f\u00e4hige Integration und ein optimiertes Handling f\u00fcr OEMs und Mobilit\u00e4tsplattformen.","robots":{"index":"index","follow":"follow","max-snippet":"max-snippet:-1","max-image-preview":"max-image-preview:large","max-video-preview":"max-video-preview:-1"},"canonical":"https:\/\/www.kpit.com\/de\/expertise\/chassis\/","og_locale":"de_DE","og_type":"article","og_title":"Chassis Control Software for Software-Defined Vehicles | KPIT","og_description":"From braking to suspension, KPIT's chassis control software enables SDV-ready integration and optimized handling for OEMs and mobility platforms.","og_url":"https:\/\/www.kpit.com\/de\/expertise\/chassis\/","og_site_name":"KPIT","article_modified_time":"2025-04-11T10:24:30+00:00","twitter_card":"summary_large_image","schema":{"@context":"https:\/\/schema.org","@graph":[{"@type":"WebPage","@id":"https:\/\/www.kpit.com\/expertise\/chassis\/","url":"https:\/\/www.kpit.com\/expertise\/chassis\/","name":"Fahrwerkssteuerungssoftware f\u00fcr softwaredefinierte Fahrzeuge | KPIT","isPartOf":{"@id":"https:\/\/www.kpit.com\/#website"},"datePublished":"2024-09-26T04:31:26+00:00","dateModified":"2025-04-11T10:24:30+00:00","description":"Von Bremsen bis zur Federung erm\u00f6glicht die Fahrwerkssteuerungssoftware von KPIT die SDV-f\u00e4hige Integration und ein optimiertes Handling f\u00fcr OEMs und Mobilit\u00e4tsplattformen.","breadcrumb":{"@id":"https:\/\/www.kpit.com\/expertise\/chassis\/#breadcrumb"},"inLanguage":"de","potentialAction":[{"@type":"ReadAction","target":["https:\/\/www.kpit.com\/expertise\/chassis\/"]}]},{"@type":"BreadcrumbList","@id":"https:\/\/www.kpit.com\/expertise\/chassis\/#breadcrumb","itemListElement":[{"@type":"ListItem","position":1,"name":"Home","item":"https:\/\/www.kpit.com\/"},{"@type":"ListItem","position":2,"name":"Expertise","item":"https:\/\/www.kpit.com\/expertise\/"},{"@type":"ListItem","position":3,"name":"Chassis"}]},{"@type":"WebSite","@id":"https:\/\/www.kpit.com\/#website","url":"https:\/\/www.kpit.com\/","name":"KPIT","description":"Technologie, Mobilit\u00e4t, Software, Automotive","publisher":{"@id":"https:\/\/www.kpit.com\/#organization"},"potentialAction":[{"@type":"SearchAction","target":{"@type":"EntryPoint","urlTemplate":"https:\/\/www.kpit.com\/?s={search_term_string}"},"query-input":{"@type":"PropertyValueSpecification","valueRequired":true,"valueName":"search_term_string"}}],"inLanguage":"de"},{"@type":"Organization","@id":"https:\/\/www.kpit.com\/#organization","name":"KPIT","url":"https:\/\/www.kpit.com\/","logo":{"@type":"ImageObject","inLanguage":"de","@id":"https:\/\/www.kpit.com\/#\/schema\/logo\/image\/","url":"https:\/\/www.kpit.com\/wp-content\/uploads\/2025\/06\/favicon-1.png","contentUrl":"https:\/\/www.kpit.com\/wp-content\/uploads\/2025\/06\/favicon-1.png","width":512,"height":512,"caption":"KPIT"},"image":{"@id":"https:\/\/www.kpit.com\/#\/schema\/logo\/image\/"}}]}},"_links":{"self":[{"href":"https:\/\/www.kpit.com\/de\/wp-json\/wp\/v2\/pages\/21981","targetHints":{"allow":["GET"]}}],"collection":[{"href":"https:\/\/www.kpit.com\/de\/wp-json\/wp\/v2\/pages"}],"about":[{"href":"https:\/\/www.kpit.com\/de\/wp-json\/wp\/v2\/types\/page"}],"author":[{"embeddable":true,"href":"https:\/\/www.kpit.com\/de\/wp-json\/wp\/v2\/users\/13"}],"replies":[{"embeddable":true,"href":"https:\/\/www.kpit.com\/de\/wp-json\/wp\/v2\/comments?post=21981"}],"version-history":[{"count":10,"href":"https:\/\/www.kpit.com\/de\/wp-json\/wp\/v2\/pages\/21981\/revisions"}],"predecessor-version":[{"id":24979,"href":"https:\/\/www.kpit.com\/de\/wp-json\/wp\/v2\/pages\/21981\/revisions\/24979"}],"up":[{"embeddable":true,"href":"https:\/\/www.kpit.com\/de\/wp-json\/wp\/v2\/pages\/24949"}],"wp:attachment":[{"href":"https:\/\/www.kpit.com\/de\/wp-json\/wp\/v2\/media?parent=21981"}],"curies":[{"name":"wp","href":"https:\/\/api.w.org\/{rel}","templated":true}]}}