

{"id":21457,"date":"2024-06-07T12:42:39","date_gmt":"2024-06-07T07:12:39","guid":{"rendered":"https:\/\/developmentuat.kpit.com\/ota-copy\/"},"modified":"2024-11-19T01:54:20","modified_gmt":"2024-11-18T20:24:20","slug":"ota-2","status":"publish","type":"page","link":"https:\/\/www.kpit.com\/de\/ota-japan\/","title":{"rendered":"OTA Japan"},"content":{"rendered":"","protected":false},"excerpt":{"rendered":"","protected":false},"author":13,"featured_media":0,"parent":0,"menu_order":0,"comment_status":"closed","ping_status":"closed","template":"redesign-ota.php","meta":{"_acf_changed":false,"footnotes":""},"class_list":["post-21457","page","type-page","status-publish","hentry"],"acf":[],"yoast_head":"<!-- This site is optimized with the Yoast SEO plugin v27.3 - https:\/\/yoast.com\/product\/yoast-seo-wordpress\/ -->\n<title>Efficient Over-The-Air (OTA) Solutions | KPIT<\/title>\n<meta name=\"description\" content=\"KPIT&#039;s over-the-air (OTA) solutions offer efficient and secure updates for connected devices. Explore our expertise in OTA technology, Know more.\" \/>\n<meta name=\"robots\" content=\"index, follow, max-snippet:-1, max-image-preview:large, max-video-preview:-1\" \/>\n<link rel=\"canonical\" href=\"https:\/\/www.kpit.com\/de\/ota-2\/\" \/>\n<meta property=\"og:locale\" content=\"de_DE\" \/>\n<meta property=\"og:type\" content=\"article\" \/>\n<meta property=\"og:title\" content=\"Efficient Over-The-Air (OTA) Solutions | KPIT\" \/>\n<meta property=\"og:description\" content=\"KPIT&#039;s over-the-air (OTA) solutions offer efficient and secure updates for connected devices. Explore our expertise in OTA technology, Know more.\" \/>\n<meta property=\"og:url\" content=\"https:\/\/www.kpit.com\/de\/ota-2\/\" \/>\n<meta property=\"og:site_name\" content=\"KPIT\" \/>\n<meta property=\"article:modified_time\" content=\"2024-11-18T20:24:20+00:00\" \/>\n<meta name=\"twitter:card\" content=\"summary_large_image\" \/>\n<script type=\"application\/ld+json\" class=\"yoast-schema-graph\">{\"@context\":\"https:\\\/\\\/schema.org\",\"@graph\":[{\"@type\":\"WebPage\",\"@id\":\"https:\\\/\\\/www.kpit.com\\\/ota-japan\\\/\",\"url\":\"https:\\\/\\\/www.kpit.com\\\/ota-japan\\\/\",\"name\":\"Efficient Over-The-Air (OTA) Solutions | KPIT\",\"isPartOf\":{\"@id\":\"https:\\\/\\\/www.kpit.com\\\/#website\"},\"datePublished\":\"2024-06-07T07:12:39+00:00\",\"dateModified\":\"2024-11-18T20:24:20+00:00\",\"description\":\"KPIT's over-the-air (OTA) solutions offer efficient and secure updates for connected devices. Explore our expertise in OTA technology, Know more.\",\"breadcrumb\":{\"@id\":\"https:\\\/\\\/www.kpit.com\\\/ota-japan\\\/#breadcrumb\"},\"inLanguage\":\"de\",\"potentialAction\":[{\"@type\":\"ReadAction\",\"target\":[\"https:\\\/\\\/www.kpit.com\\\/ota-japan\\\/\"]}]},{\"@type\":\"BreadcrumbList\",\"@id\":\"https:\\\/\\\/www.kpit.com\\\/ota-japan\\\/#breadcrumb\",\"itemListElement\":[{\"@type\":\"ListItem\",\"position\":1,\"name\":\"Home\",\"item\":\"https:\\\/\\\/www.kpit.com\\\/\"},{\"@type\":\"ListItem\",\"position\":2,\"name\":\"OTA Japan\"}]},{\"@type\":\"WebSite\",\"@id\":\"https:\\\/\\\/www.kpit.com\\\/#website\",\"url\":\"https:\\\/\\\/www.kpit.com\\\/\",\"name\":\"KPIT\",\"description\":\"Technology, Mobility, Software, Automotive\",\"publisher\":{\"@id\":\"https:\\\/\\\/www.kpit.com\\\/#organization\"},\"potentialAction\":[{\"@type\":\"SearchAction\",\"target\":{\"@type\":\"EntryPoint\",\"urlTemplate\":\"https:\\\/\\\/www.kpit.com\\\/?s={search_term_string}\"},\"query-input\":{\"@type\":\"PropertyValueSpecification\",\"valueRequired\":true,\"valueName\":\"search_term_string\"}}],\"inLanguage\":\"de\"},{\"@type\":\"Organization\",\"@id\":\"https:\\\/\\\/www.kpit.com\\\/#organization\",\"name\":\"KPIT\",\"url\":\"https:\\\/\\\/www.kpit.com\\\/\",\"logo\":{\"@type\":\"ImageObject\",\"inLanguage\":\"de\",\"@id\":\"https:\\\/\\\/www.kpit.com\\\/#\\\/schema\\\/logo\\\/image\\\/\",\"url\":\"https:\\\/\\\/www.kpit.com\\\/wp-content\\\/uploads\\\/2025\\\/06\\\/favicon-1.png\",\"contentUrl\":\"https:\\\/\\\/www.kpit.com\\\/wp-content\\\/uploads\\\/2025\\\/06\\\/favicon-1.png\",\"width\":512,\"height\":512,\"caption\":\"KPIT\"},\"image\":{\"@id\":\"https:\\\/\\\/www.kpit.com\\\/#\\\/schema\\\/logo\\\/image\\\/\"}}]}<\/script>\n<!-- \/ Yoast SEO plugin. -->","yoast_head_json":{"title":"Effiziente Over-the-Air (OTA)-L\u00f6sungen | KPIT","description":"Die Over-the-Air-L\u00f6sungen (OTA) von KPIT bieten effiziente und sichere Updates f\u00fcr vernetzte Ger\u00e4te. Entdecken Sie unsere Expertise im Bereich OTA-Technologie. Erfahren Sie mehr.","robots":{"index":"index","follow":"follow","max-snippet":"max-snippet:-1","max-image-preview":"max-image-preview:large","max-video-preview":"max-video-preview:-1"},"canonical":"https:\/\/www.kpit.com\/de\/ota-2\/","og_locale":"de_DE","og_type":"article","og_title":"Efficient Over-The-Air (OTA) Solutions | KPIT","og_description":"KPIT's over-the-air (OTA) solutions offer efficient and secure updates for connected devices. Explore our expertise in OTA technology, Know more.","og_url":"https:\/\/www.kpit.com\/de\/ota-2\/","og_site_name":"KPIT","article_modified_time":"2024-11-18T20:24:20+00:00","twitter_card":"summary_large_image","schema":{"@context":"https:\/\/schema.org","@graph":[{"@type":"WebPage","@id":"https:\/\/www.kpit.com\/ota-japan\/","url":"https:\/\/www.kpit.com\/ota-japan\/","name":"Effiziente Over-the-Air (OTA)-L\u00f6sungen | KPIT","isPartOf":{"@id":"https:\/\/www.kpit.com\/#website"},"datePublished":"2024-06-07T07:12:39+00:00","dateModified":"2024-11-18T20:24:20+00:00","description":"Die Over-the-Air-L\u00f6sungen (OTA) von KPIT bieten effiziente und sichere Updates f\u00fcr vernetzte Ger\u00e4te. Entdecken Sie unsere Expertise im Bereich OTA-Technologie. Erfahren Sie mehr.","breadcrumb":{"@id":"https:\/\/www.kpit.com\/ota-japan\/#breadcrumb"},"inLanguage":"de","potentialAction":[{"@type":"ReadAction","target":["https:\/\/www.kpit.com\/ota-japan\/"]}]},{"@type":"BreadcrumbList","@id":"https:\/\/www.kpit.com\/ota-japan\/#breadcrumb","itemListElement":[{"@type":"ListItem","position":1,"name":"Home","item":"https:\/\/www.kpit.com\/"},{"@type":"ListItem","position":2,"name":"OTA Japan"}]},{"@type":"WebSite","@id":"https:\/\/www.kpit.com\/#website","url":"https:\/\/www.kpit.com\/","name":"KPIT","description":"Technologie, Mobilit\u00e4t, Software, Automotive","publisher":{"@id":"https:\/\/www.kpit.com\/#organization"},"potentialAction":[{"@type":"SearchAction","target":{"@type":"EntryPoint","urlTemplate":"https:\/\/www.kpit.com\/?s={search_term_string}"},"query-input":{"@type":"PropertyValueSpecification","valueRequired":true,"valueName":"search_term_string"}}],"inLanguage":"de"},{"@type":"Organization","@id":"https:\/\/www.kpit.com\/#organization","name":"KPIT","url":"https:\/\/www.kpit.com\/","logo":{"@type":"ImageObject","inLanguage":"de","@id":"https:\/\/www.kpit.com\/#\/schema\/logo\/image\/","url":"https:\/\/www.kpit.com\/wp-content\/uploads\/2025\/06\/favicon-1.png","contentUrl":"https:\/\/www.kpit.com\/wp-content\/uploads\/2025\/06\/favicon-1.png","width":512,"height":512,"caption":"KPIT"},"image":{"@id":"https:\/\/www.kpit.com\/#\/schema\/logo\/image\/"}}]}},"_links":{"self":[{"href":"https:\/\/www.kpit.com\/de\/wp-json\/wp\/v2\/pages\/21457","targetHints":{"allow":["GET"]}}],"collection":[{"href":"https:\/\/www.kpit.com\/de\/wp-json\/wp\/v2\/pages"}],"about":[{"href":"https:\/\/www.kpit.com\/de\/wp-json\/wp\/v2\/types\/page"}],"author":[{"embeddable":true,"href":"https:\/\/www.kpit.com\/de\/wp-json\/wp\/v2\/users\/13"}],"replies":[{"embeddable":true,"href":"https:\/\/www.kpit.com\/de\/wp-json\/wp\/v2\/comments?post=21457"}],"version-history":[{"count":6,"href":"https:\/\/www.kpit.com\/de\/wp-json\/wp\/v2\/pages\/21457\/revisions"}],"predecessor-version":[{"id":21588,"href":"https:\/\/www.kpit.com\/de\/wp-json\/wp\/v2\/pages\/21457\/revisions\/21588"}],"wp:attachment":[{"href":"https:\/\/www.kpit.com\/de\/wp-json\/wp\/v2\/media?parent=21457"}],"curies":[{"name":"wp","href":"https:\/\/api.w.org\/{rel}","templated":true}]}}