

{"id":20666,"date":"2024-02-16T15:27:55","date_gmt":"2024-02-16T09:57:55","guid":{"rendered":"https:\/\/developmentuat.kpit.com\/?page_id=20666"},"modified":"2024-12-11T13:50:40","modified_gmt":"2024-12-11T08:20:40","slug":"women-in-mobility-2024","status":"publish","type":"page","link":"https:\/\/www.kpit.com\/de\/women-in-mobility-2024\/","title":{"rendered":"Frauen in der Mobilit\u00e4t 2024"},"content":{"rendered":"","protected":false},"excerpt":{"rendered":"","protected":false},"author":13,"featured_media":0,"parent":0,"menu_order":0,"comment_status":"open","ping_status":"closed","template":"redesign-women-mobility-2024.php","meta":{"_acf_changed":false,"footnotes":""},"class_list":["post-20666","page","type-page","status-publish","hentry"],"acf":[],"yoast_head":"<!-- This site is optimized with the Yoast SEO plugin v27.3 - https:\/\/yoast.com\/product\/yoast-seo-wordpress\/ -->\n<title>Unleashing the power of \u2018Women in Mobility 2024&#039;<\/title>\n<meta name=\"description\" content=\"Join us for another impactful Women in Mobility edition as we dive deeper into leadership, mentorship, conflict resolution, fostering excellence, nurturing trust, achieving work-life balance, and beyond.\" \/>\n<meta name=\"robots\" content=\"noindex, nofollow\" \/>\n<meta property=\"og:locale\" content=\"de_DE\" \/>\n<meta property=\"og:type\" content=\"article\" \/>\n<meta property=\"og:title\" content=\"Unleashing the power of \u2018Women in Mobility 2024&#039;\" \/>\n<meta property=\"og:description\" content=\"Join us for another impactful Women in Mobility edition as we dive deeper into leadership, mentorship, conflict resolution, fostering excellence, nurturing trust, achieving work-life balance, and beyond.\" \/>\n<meta property=\"og:url\" content=\"https:\/\/www.kpit.com\/de\/women-in-mobility-2024\/\" \/>\n<meta property=\"og:site_name\" content=\"KPIT\" \/>\n<meta property=\"article:modified_time\" content=\"2024-12-11T08:20:40+00:00\" \/>\n<meta property=\"og:image\" content=\"https:\/\/www.kpit.com\/wp-content\/uploads\/2024\/03\/WhatsApp-Image-2024-03-07-at-11.14.57-PM.jpeg\" \/>\n\t<meta property=\"og:image:width\" content=\"1600\" \/>\n\t<meta property=\"og:image:height\" content=\"900\" \/>\n\t<meta property=\"og:image:type\" content=\"image\/jpeg\" \/>\n<meta name=\"twitter:card\" content=\"summary_large_image\" \/>\n<meta name=\"twitter:image\" content=\"https:\/\/www.kpit.com\/wp-content\/uploads\/2024\/03\/WhatsApp-Image-2024-03-07-at-11.14.57-PM.jpeg\" \/>\n<script type=\"application\/ld+json\" class=\"yoast-schema-graph\">{\"@context\":\"https:\\\/\\\/schema.org\",\"@graph\":[{\"@type\":\"WebPage\",\"@id\":\"https:\\\/\\\/www.kpit.com\\\/women-in-mobility-2024\\\/\",\"url\":\"https:\\\/\\\/www.kpit.com\\\/women-in-mobility-2024\\\/\",\"name\":\"Unleashing the power of \u2018Women in Mobility 2024'\",\"isPartOf\":{\"@id\":\"https:\\\/\\\/www.kpit.com\\\/#website\"},\"datePublished\":\"2024-02-16T09:57:55+00:00\",\"dateModified\":\"2024-12-11T08:20:40+00:00\",\"description\":\"Join us for another impactful Women in Mobility edition as we dive deeper into leadership, mentorship, conflict resolution, fostering excellence, nurturing trust, achieving work-life balance, and beyond.\",\"breadcrumb\":{\"@id\":\"https:\\\/\\\/www.kpit.com\\\/women-in-mobility-2024\\\/#breadcrumb\"},\"inLanguage\":\"de\",\"potentialAction\":[{\"@type\":\"ReadAction\",\"target\":[\"https:\\\/\\\/www.kpit.com\\\/women-in-mobility-2024\\\/\"]}]},{\"@type\":\"BreadcrumbList\",\"@id\":\"https:\\\/\\\/www.kpit.com\\\/women-in-mobility-2024\\\/#breadcrumb\",\"itemListElement\":[{\"@type\":\"ListItem\",\"position\":1,\"name\":\"Home\",\"item\":\"https:\\\/\\\/www.kpit.com\\\/\"},{\"@type\":\"ListItem\",\"position\":2,\"name\":\"Women in Mobility 2024\"}]},{\"@type\":\"WebSite\",\"@id\":\"https:\\\/\\\/www.kpit.com\\\/#website\",\"url\":\"https:\\\/\\\/www.kpit.com\\\/\",\"name\":\"KPIT\",\"description\":\"Technology, Mobility, Software, Automotive\",\"publisher\":{\"@id\":\"https:\\\/\\\/www.kpit.com\\\/#organization\"},\"potentialAction\":[{\"@type\":\"SearchAction\",\"target\":{\"@type\":\"EntryPoint\",\"urlTemplate\":\"https:\\\/\\\/www.kpit.com\\\/?s={search_term_string}\"},\"query-input\":{\"@type\":\"PropertyValueSpecification\",\"valueRequired\":true,\"valueName\":\"search_term_string\"}}],\"inLanguage\":\"de\"},{\"@type\":\"Organization\",\"@id\":\"https:\\\/\\\/www.kpit.com\\\/#organization\",\"name\":\"KPIT\",\"url\":\"https:\\\/\\\/www.kpit.com\\\/\",\"logo\":{\"@type\":\"ImageObject\",\"inLanguage\":\"de\",\"@id\":\"https:\\\/\\\/www.kpit.com\\\/#\\\/schema\\\/logo\\\/image\\\/\",\"url\":\"https:\\\/\\\/www.kpit.com\\\/wp-content\\\/uploads\\\/2025\\\/06\\\/favicon-1.png\",\"contentUrl\":\"https:\\\/\\\/www.kpit.com\\\/wp-content\\\/uploads\\\/2025\\\/06\\\/favicon-1.png\",\"width\":512,\"height\":512,\"caption\":\"KPIT\"},\"image\":{\"@id\":\"https:\\\/\\\/www.kpit.com\\\/#\\\/schema\\\/logo\\\/image\\\/\"}}]}<\/script>\n<!-- \/ Yoast SEO plugin. -->","yoast_head_json":{"title":"Die Kraft von \u2018Frauen in der Mobilit\u00e4t 2024' entfesseln'","description":"Seien Sie dabei bei einer weiteren inspirierenden Ausgabe von Women in Mobility, in der wir uns eingehender mit Themen wie F\u00fchrung, Mentoring, Konfliktl\u00f6sung, F\u00f6rderung von Exzellenz, Vertrauensbildung, Vereinbarkeit von Beruf und Privatleben und vielem mehr besch\u00e4ftigen.","robots":{"index":"noindex","follow":"nofollow"},"og_locale":"de_DE","og_type":"article","og_title":"Unleashing the power of \u2018Women in Mobility 2024'","og_description":"Join us for another impactful Women in Mobility edition as we dive deeper into leadership, mentorship, conflict resolution, fostering excellence, nurturing trust, achieving work-life balance, and beyond.","og_url":"https:\/\/www.kpit.com\/de\/women-in-mobility-2024\/","og_site_name":"KPIT","article_modified_time":"2024-12-11T08:20:40+00:00","og_image":[{"width":1600,"height":900,"url":"https:\/\/www.kpit.com\/wp-content\/uploads\/2024\/03\/WhatsApp-Image-2024-03-07-at-11.14.57-PM.jpeg","type":"image\/jpeg"}],"twitter_card":"summary_large_image","twitter_image":"https:\/\/www.kpit.com\/wp-content\/uploads\/2024\/03\/WhatsApp-Image-2024-03-07-at-11.14.57-PM.jpeg","schema":{"@context":"https:\/\/schema.org","@graph":[{"@type":"WebPage","@id":"https:\/\/www.kpit.com\/women-in-mobility-2024\/","url":"https:\/\/www.kpit.com\/women-in-mobility-2024\/","name":"Die Kraft von \u2018Frauen in der Mobilit\u00e4t 2024' entfesseln'","isPartOf":{"@id":"https:\/\/www.kpit.com\/#website"},"datePublished":"2024-02-16T09:57:55+00:00","dateModified":"2024-12-11T08:20:40+00:00","description":"Seien Sie dabei bei einer weiteren inspirierenden Ausgabe von Women in Mobility, in der wir uns eingehender mit Themen wie F\u00fchrung, Mentoring, Konfliktl\u00f6sung, F\u00f6rderung von Exzellenz, Vertrauensbildung, Vereinbarkeit von Beruf und Privatleben und vielem mehr besch\u00e4ftigen.","breadcrumb":{"@id":"https:\/\/www.kpit.com\/women-in-mobility-2024\/#breadcrumb"},"inLanguage":"de","potentialAction":[{"@type":"ReadAction","target":["https:\/\/www.kpit.com\/women-in-mobility-2024\/"]}]},{"@type":"BreadcrumbList","@id":"https:\/\/www.kpit.com\/women-in-mobility-2024\/#breadcrumb","itemListElement":[{"@type":"ListItem","position":1,"name":"Home","item":"https:\/\/www.kpit.com\/"},{"@type":"ListItem","position":2,"name":"Women in Mobility 2024"}]},{"@type":"WebSite","@id":"https:\/\/www.kpit.com\/#website","url":"https:\/\/www.kpit.com\/","name":"KPIT","description":"Technologie, Mobilit\u00e4t, Software, Automotive","publisher":{"@id":"https:\/\/www.kpit.com\/#organization"},"potentialAction":[{"@type":"SearchAction","target":{"@type":"EntryPoint","urlTemplate":"https:\/\/www.kpit.com\/?s={search_term_string}"},"query-input":{"@type":"PropertyValueSpecification","valueRequired":true,"valueName":"search_term_string"}}],"inLanguage":"de"},{"@type":"Organization","@id":"https:\/\/www.kpit.com\/#organization","name":"KPIT","url":"https:\/\/www.kpit.com\/","logo":{"@type":"ImageObject","inLanguage":"de","@id":"https:\/\/www.kpit.com\/#\/schema\/logo\/image\/","url":"https:\/\/www.kpit.com\/wp-content\/uploads\/2025\/06\/favicon-1.png","contentUrl":"https:\/\/www.kpit.com\/wp-content\/uploads\/2025\/06\/favicon-1.png","width":512,"height":512,"caption":"KPIT"},"image":{"@id":"https:\/\/www.kpit.com\/#\/schema\/logo\/image\/"}}]}},"_links":{"self":[{"href":"https:\/\/www.kpit.com\/de\/wp-json\/wp\/v2\/pages\/20666","targetHints":{"allow":["GET"]}}],"collection":[{"href":"https:\/\/www.kpit.com\/de\/wp-json\/wp\/v2\/pages"}],"about":[{"href":"https:\/\/www.kpit.com\/de\/wp-json\/wp\/v2\/types\/page"}],"author":[{"embeddable":true,"href":"https:\/\/www.kpit.com\/de\/wp-json\/wp\/v2\/users\/13"}],"replies":[{"embeddable":true,"href":"https:\/\/www.kpit.com\/de\/wp-json\/wp\/v2\/comments?post=20666"}],"version-history":[{"count":10,"href":"https:\/\/www.kpit.com\/de\/wp-json\/wp\/v2\/pages\/20666\/revisions"}],"predecessor-version":[{"id":20949,"href":"https:\/\/www.kpit.com\/de\/wp-json\/wp\/v2\/pages\/20666\/revisions\/20949"}],"wp:attachment":[{"href":"https:\/\/www.kpit.com\/de\/wp-json\/wp\/v2\/media?parent=20666"}],"curies":[{"name":"wp","href":"https:\/\/api.w.org\/{rel}","templated":true}]}}