

{"id":20190,"date":"2024-01-10T10:26:33","date_gmt":"2024-01-10T04:56:33","guid":{"rendered":"https:\/\/developmentuat.kpit.com\/?page_id=20190"},"modified":"2025-03-05T18:48:55","modified_gmt":"2025-03-05T13:18:55","slug":"kpit-ces-showcase-2024","status":"publish","type":"page","link":"https:\/\/www.kpit.com\/de\/kpit-ces-showcase-2024\/","title":{"rendered":"KPIT CES Showcase 2024"},"content":{"rendered":"","protected":false},"excerpt":{"rendered":"","protected":false},"author":13,"featured_media":0,"parent":0,"menu_order":0,"comment_status":"closed","ping_status":"closed","template":"redesign-kpit-ces-showcase-2024.php","meta":{"_acf_changed":false,"footnotes":""},"class_list":["post-20190","page","type-page","status-publish","hentry"],"acf":[],"yoast_head":"<!-- This site is optimized with the Yoast SEO plugin v27.3 - https:\/\/yoast.com\/product\/yoast-seo-wordpress\/ -->\n<title>KPIT CES Showcase 2024 - Make SDV as a reality<\/title>\n<meta name=\"description\" content=\"Experience technology that will make SDV a reality, showcased at CES 2024, featuring cutting-edge technology and advancements in automotive, mobility &amp; more.\" \/>\n<meta name=\"robots\" content=\"index, follow, max-snippet:-1, max-image-preview:large, max-video-preview:-1\" \/>\n<link rel=\"canonical\" href=\"https:\/\/www.kpit.com\/de\/kpit-ces-showcase-2024\/\" \/>\n<meta property=\"og:locale\" content=\"de_DE\" \/>\n<meta property=\"og:type\" content=\"article\" \/>\n<meta property=\"og:title\" content=\"KPIT CES Showcase 2024 - Make SDV as a reality\" \/>\n<meta property=\"og:description\" content=\"Experience technology that will make SDV a reality, showcased at CES 2024, featuring cutting-edge technology and advancements in automotive, mobility &amp; more.\" \/>\n<meta property=\"og:url\" content=\"https:\/\/www.kpit.com\/de\/kpit-ces-showcase-2024\/\" \/>\n<meta property=\"og:site_name\" content=\"KPIT\" \/>\n<meta property=\"article:modified_time\" content=\"2025-03-05T13:18:55+00:00\" \/>\n<meta name=\"twitter:card\" content=\"summary_large_image\" \/>\n<script type=\"application\/ld+json\" class=\"yoast-schema-graph\">{\"@context\":\"https:\\\/\\\/schema.org\",\"@graph\":[{\"@type\":\"WebPage\",\"@id\":\"https:\\\/\\\/www.kpit.com\\\/kpit-ces-showcase-2024\\\/\",\"url\":\"https:\\\/\\\/www.kpit.com\\\/kpit-ces-showcase-2024\\\/\",\"name\":\"KPIT CES Showcase 2024 - Make SDV as a reality\",\"isPartOf\":{\"@id\":\"https:\\\/\\\/www.kpit.com\\\/#website\"},\"datePublished\":\"2024-01-10T04:56:33+00:00\",\"dateModified\":\"2025-03-05T13:18:55+00:00\",\"description\":\"Experience technology that will make SDV a reality, showcased at CES 2024, featuring cutting-edge technology and advancements in automotive, mobility & more.\",\"breadcrumb\":{\"@id\":\"https:\\\/\\\/www.kpit.com\\\/kpit-ces-showcase-2024\\\/#breadcrumb\"},\"inLanguage\":\"de\",\"potentialAction\":[{\"@type\":\"ReadAction\",\"target\":[\"https:\\\/\\\/www.kpit.com\\\/kpit-ces-showcase-2024\\\/\"]}]},{\"@type\":\"BreadcrumbList\",\"@id\":\"https:\\\/\\\/www.kpit.com\\\/kpit-ces-showcase-2024\\\/#breadcrumb\",\"itemListElement\":[{\"@type\":\"ListItem\",\"position\":1,\"name\":\"Home\",\"item\":\"https:\\\/\\\/www.kpit.com\\\/\"},{\"@type\":\"ListItem\",\"position\":2,\"name\":\"KPIT CES Showcase 2024\"}]},{\"@type\":\"WebSite\",\"@id\":\"https:\\\/\\\/www.kpit.com\\\/#website\",\"url\":\"https:\\\/\\\/www.kpit.com\\\/\",\"name\":\"KPIT\",\"description\":\"Technology, Mobility, Software, Automotive\",\"publisher\":{\"@id\":\"https:\\\/\\\/www.kpit.com\\\/#organization\"},\"potentialAction\":[{\"@type\":\"SearchAction\",\"target\":{\"@type\":\"EntryPoint\",\"urlTemplate\":\"https:\\\/\\\/www.kpit.com\\\/?s={search_term_string}\"},\"query-input\":{\"@type\":\"PropertyValueSpecification\",\"valueRequired\":true,\"valueName\":\"search_term_string\"}}],\"inLanguage\":\"de\"},{\"@type\":\"Organization\",\"@id\":\"https:\\\/\\\/www.kpit.com\\\/#organization\",\"name\":\"KPIT\",\"url\":\"https:\\\/\\\/www.kpit.com\\\/\",\"logo\":{\"@type\":\"ImageObject\",\"inLanguage\":\"de\",\"@id\":\"https:\\\/\\\/www.kpit.com\\\/#\\\/schema\\\/logo\\\/image\\\/\",\"url\":\"https:\\\/\\\/www.kpit.com\\\/wp-content\\\/uploads\\\/2025\\\/06\\\/favicon-1.png\",\"contentUrl\":\"https:\\\/\\\/www.kpit.com\\\/wp-content\\\/uploads\\\/2025\\\/06\\\/favicon-1.png\",\"width\":512,\"height\":512,\"caption\":\"KPIT\"},\"image\":{\"@id\":\"https:\\\/\\\/www.kpit.com\\\/#\\\/schema\\\/logo\\\/image\\\/\"}}]}<\/script>\n<!-- \/ Yoast SEO plugin. -->","yoast_head_json":{"title":"KPIT CES Showcase 2024 \u2013 SDV zur Realit\u00e4t machen","description":"Erleben Sie Technologien, die SDV zur Realit\u00e4t machen werden, pr\u00e4sentiert auf der CES 2024, mit Spitzentechnologie und Fortschritten in den Bereichen Automobil, Mobilit\u00e4t und mehr.","robots":{"index":"index","follow":"follow","max-snippet":"max-snippet:-1","max-image-preview":"max-image-preview:large","max-video-preview":"max-video-preview:-1"},"canonical":"https:\/\/www.kpit.com\/de\/kpit-ces-showcase-2024\/","og_locale":"de_DE","og_type":"article","og_title":"KPIT CES Showcase 2024 - Make SDV as a reality","og_description":"Experience technology that will make SDV a reality, showcased at CES 2024, featuring cutting-edge technology and advancements in automotive, mobility & more.","og_url":"https:\/\/www.kpit.com\/de\/kpit-ces-showcase-2024\/","og_site_name":"KPIT","article_modified_time":"2025-03-05T13:18:55+00:00","twitter_card":"summary_large_image","schema":{"@context":"https:\/\/schema.org","@graph":[{"@type":"WebPage","@id":"https:\/\/www.kpit.com\/kpit-ces-showcase-2024\/","url":"https:\/\/www.kpit.com\/kpit-ces-showcase-2024\/","name":"KPIT CES Showcase 2024 \u2013 SDV zur Realit\u00e4t machen","isPartOf":{"@id":"https:\/\/www.kpit.com\/#website"},"datePublished":"2024-01-10T04:56:33+00:00","dateModified":"2025-03-05T13:18:55+00:00","description":"Erleben Sie Technologien, die SDV zur Realit\u00e4t machen werden, pr\u00e4sentiert auf der CES 2024, mit Spitzentechnologie und Fortschritten in den Bereichen Automobil, Mobilit\u00e4t und mehr.","breadcrumb":{"@id":"https:\/\/www.kpit.com\/kpit-ces-showcase-2024\/#breadcrumb"},"inLanguage":"de","potentialAction":[{"@type":"ReadAction","target":["https:\/\/www.kpit.com\/kpit-ces-showcase-2024\/"]}]},{"@type":"BreadcrumbList","@id":"https:\/\/www.kpit.com\/kpit-ces-showcase-2024\/#breadcrumb","itemListElement":[{"@type":"ListItem","position":1,"name":"Home","item":"https:\/\/www.kpit.com\/"},{"@type":"ListItem","position":2,"name":"KPIT CES Showcase 2024"}]},{"@type":"WebSite","@id":"https:\/\/www.kpit.com\/#website","url":"https:\/\/www.kpit.com\/","name":"KPIT","description":"Technologie, Mobilit\u00e4t, Software, Automotive","publisher":{"@id":"https:\/\/www.kpit.com\/#organization"},"potentialAction":[{"@type":"SearchAction","target":{"@type":"EntryPoint","urlTemplate":"https:\/\/www.kpit.com\/?s={search_term_string}"},"query-input":{"@type":"PropertyValueSpecification","valueRequired":true,"valueName":"search_term_string"}}],"inLanguage":"de"},{"@type":"Organization","@id":"https:\/\/www.kpit.com\/#organization","name":"KPIT","url":"https:\/\/www.kpit.com\/","logo":{"@type":"ImageObject","inLanguage":"de","@id":"https:\/\/www.kpit.com\/#\/schema\/logo\/image\/","url":"https:\/\/www.kpit.com\/wp-content\/uploads\/2025\/06\/favicon-1.png","contentUrl":"https:\/\/www.kpit.com\/wp-content\/uploads\/2025\/06\/favicon-1.png","width":512,"height":512,"caption":"KPIT"},"image":{"@id":"https:\/\/www.kpit.com\/#\/schema\/logo\/image\/"}}]}},"_links":{"self":[{"href":"https:\/\/www.kpit.com\/de\/wp-json\/wp\/v2\/pages\/20190","targetHints":{"allow":["GET"]}}],"collection":[{"href":"https:\/\/www.kpit.com\/de\/wp-json\/wp\/v2\/pages"}],"about":[{"href":"https:\/\/www.kpit.com\/de\/wp-json\/wp\/v2\/types\/page"}],"author":[{"embeddable":true,"href":"https:\/\/www.kpit.com\/de\/wp-json\/wp\/v2\/users\/13"}],"replies":[{"embeddable":true,"href":"https:\/\/www.kpit.com\/de\/wp-json\/wp\/v2\/comments?post=20190"}],"version-history":[{"count":10,"href":"https:\/\/www.kpit.com\/de\/wp-json\/wp\/v2\/pages\/20190\/revisions"}],"predecessor-version":[{"id":20615,"href":"https:\/\/www.kpit.com\/de\/wp-json\/wp\/v2\/pages\/20190\/revisions\/20615"}],"wp:attachment":[{"href":"https:\/\/www.kpit.com\/de\/wp-json\/wp\/v2\/media?parent=20190"}],"curies":[{"name":"wp","href":"https:\/\/api.w.org\/{rel}","templated":true}]}}