

{"id":18975,"date":"2023-08-07T16:28:54","date_gmt":"2023-08-07T10:58:54","guid":{"rendered":"https:\/\/developmentuat.kpit.com\/?page_id=18975"},"modified":"2025-11-28T11:09:19","modified_gmt":"2025-11-28T05:39:19","slug":"hinweisgebersystem","status":"publish","type":"page","link":"https:\/\/www.kpit.com\/de\/hinweisgebersystem\/","title":{"rendered":"Hinweisgebersysteme der KPIT Technologies - Europa"},"content":{"rendered":"<style>\n.btn-side{\n    display: flex;\n    flex-direction: row;\n    justify-content: center;\n}\n.btn-side button {\n    margin: 0 10px; \/* Adjust the space between buttons *\/\n}\n<\/style>\n<div class=\"mb-3 py-3\">\n<p>Nachhaltiges Wirtschaften begr\u00fcndet die Zukunftsperspektive f\u00fcr Umwelt, Gesellschaft und Wirtschaft und auch f\u00fcr jeden einzelnen Mitarbeiter oder Gesch\u00e4ftspartner von KPIT.<\/p>\n<p>Grundpfeiler der KPIT-Kultur sind die Aufteilung zentraler Anforderungen und deren eigenverantwortliche Umsetzung und Steuerung in den Tochterunternehmen sowie ein gemeinsames Verst\u00e4ndnis f\u00fcr Werte und Risikominimierung f\u00fcr eine nachhaltige Unternehmensentwicklung.<\/p>\n<p>KPIT stellt im Rahmen seiner regulatorischen Verpflichtungen zum Schutz von Whistleblowern und zur Annahme von Beschwerden im Rahmen des deutschen Lieferkettensorgfaltspflichtengesetzes nachfolgend beide Meldesysteme f\u00fcr Hinweisgeber und Beschwerden in der Lieferkette in mehrsprachiger Form zur Verf\u00fcgung.<\/p>\n<p>Unsere Hinweisgebersysteme schaffen durch eine f\u00fcr jeden zug\u00e4ngliche, klar definierte Struktur und eine juristisch fundierte Erstbewertung zus\u00e4tzliches Vertrauen und Sicherheit, um auf Missst\u00e4nde hinzuweisen und damit den nachhaltigen Erfolg der KPIT zu sichern und Schaden abzuwenden.<\/p>\n<p>Bevor Sie Ihren Hinweis \u00fcber unser System \u00fcbermitteln, lesen Sie bitte die <a href=\"https:\/\/ratisbona-compliance.de\/privacy-policy-whistleblowers\/\" target=\"_blank\" rel=\"noopener\">Datenschutzinformationen f\u00fcr Hinweisgeber<\/a>. Mit einem Klick auf\u00a0 den Button \u201eHinweis abgeben\u201c, der zur Eingabemaske des Hinweisgebersystems f\u00fchrt, best\u00e4tigen Sie, von den Datenschutzinformationen Kenntnis genommen zu haben.<\/p>\n<p><strong>ELEKTRONISCHE MELDUNG<\/strong><br \/>\nSie m\u00f6chten Ihren Hinweis elektronisch abgeben? Klicken Sie auf den entsprechenden untenstehenden Button.<\/p>\n<p><strong>TELEFONISCHE MELDUNG<\/strong><br \/>\nSie m\u00f6chten Ihren Hinweis telefonisch abgeben? Sie erreichen das Team von RA Erich. J. Beer unter:<br \/>\n+49 941 2060384-2<br \/>\n+49 89 38033709-2<\/p>\n<p><strong>PERS\u00d6NLICHES GESPR\u00c4CH<\/strong><br \/>\nSie m\u00f6chten eine Meldung in einem pers\u00f6nlichen Gespr\u00e4ch abgeben? Kontaktieren Sie uns unter:<br \/>\nRatisbona Compliance GmbH<br \/>\nTrothengasse 5<br \/>\n93047 Regensburg<br \/>\nT +49 941 2060384-1<br \/>\nM\u00a0<a href=\"mailto:info@ratisbona-compliance.de\">info@ratisbona-compliance.de<\/a><br \/>\n<a href=\"https:\/\/ratisbona-compliance.de\/\" target=\"_blank\" rel=\"noopener\">www.ratisbona-compliance.de<\/a>\n<\/div>\n<div class=\"text-center py-5 mt-4 btn-side\">\n<button><a class=\"text-white\" href=\"https:\/\/whistle.ratisbona-compliance.de\/?_gl=1*1jfrf9t*_up*MQ..*_ga*OTU0MjE1NDQxLjE2ODk4NzE4Njg.*_ga_NPHS0KWBFR*MTY4OTg3MTg2OC4xLjAuMTY4OTg3MTg2OC4wLjAuMA..#\/\" target=\"_blank\" rel=\"noopener\">Hinweisgeberstelle<\/a><\/button><br \/>\n<button><a class=\"text-white\" href=\"https:\/\/lksg.ratisbona-compliance.de\/\" target=\"_blank\" rel=\"noopener\">Beschwerden in der Lieferkette<\/a><\/button>\n<\/div>\n<h2 class=\"mt-3 py-3\">Hier finden Sie unsere <a href=\"https:\/\/www.kpit.com\/wp-content\/uploads\/2025\/11\/Whistleblowing-Policy-KPIT-EU-1.0-bilingual.pdf\" target=\"_blank\" rel=\"noopener\"><strong>Whistleblower-Richtlinien.<\/strong><\/a><\/h2>\n<h2 class=\"mt-3 py-3\"><a href=\"https:\/\/www.kpit.com\/wp-content\/uploads\/2025\/11\/Complaints_Procedure_KPIT_bilingual.pdf\" target=\"_blank\" rel=\"noopener\">Verfahrensordnung zum Beschwerdeverfahren gem\u00e4\u00df \u00a7 8 LkSG<\/a><\/h2>","protected":false},"excerpt":{"rendered":"<p>Sustainable business practices create future perspectives for the environment, society and the economy, and also for each individual employee or business partner of KPIT. The pillars of KPIT`s culture are the division of central requirements and their independent implementation and management in the subsidiaries, as well as a shared understanding of values and risk minimization [&hellip;]<\/p>\n","protected":false},"author":13,"featured_media":0,"parent":0,"menu_order":0,"comment_status":"closed","ping_status":"closed","template":"redesign-page-new-design.php","meta":{"_acf_changed":false,"footnotes":""},"class_list":["post-18975","page","type-page","status-publish","hentry"],"acf":[],"yoast_head":"<!-- This site is optimized with the Yoast SEO plugin v27.3 - https:\/\/yoast.com\/product\/yoast-seo-wordpress\/ -->\n<title>Whistleblowing System at KPIT Technologies \u2013 Europe - KPIT<\/title>\n<meta name=\"robots\" content=\"index, follow, max-snippet:-1, max-image-preview:large, max-video-preview:-1\" \/>\n<link rel=\"canonical\" href=\"https:\/\/www.kpit.com\/de\/hinweisgebersystem\/\" \/>\n<meta property=\"og:locale\" content=\"de_DE\" \/>\n<meta property=\"og:type\" content=\"article\" \/>\n<meta property=\"og:title\" content=\"Whistleblowing System at KPIT Technologies \u2013 Europe - KPIT\" \/>\n<meta property=\"og:description\" content=\"Sustainable business practices create future perspectives for the environment, society and the economy, and also for each individual employee or business partner of KPIT. The pillars of KPIT`s culture are the division of central requirements and their independent implementation and management in the subsidiaries, as well as a shared understanding of values and risk minimization [&hellip;]\" \/>\n<meta property=\"og:url\" content=\"https:\/\/www.kpit.com\/de\/hinweisgebersystem\/\" \/>\n<meta property=\"og:site_name\" content=\"KPIT\" \/>\n<meta property=\"article:modified_time\" content=\"2025-11-28T05:39:19+00:00\" \/>\n<meta name=\"twitter:card\" content=\"summary_large_image\" \/>\n<meta name=\"twitter:label1\" content=\"Gesch\u00e4tzte Lesezeit\" \/>\n\t<meta name=\"twitter:data1\" content=\"2\u00a0Minuten\" \/>\n<script type=\"application\/ld+json\" class=\"yoast-schema-graph\">{\"@context\":\"https:\\\/\\\/schema.org\",\"@graph\":[{\"@type\":\"WebPage\",\"@id\":\"https:\\\/\\\/www.kpit.com\\\/hinweisgebersystem\\\/\",\"url\":\"https:\\\/\\\/www.kpit.com\\\/hinweisgebersystem\\\/\",\"name\":\"Whistleblowing System at KPIT Technologies \u2013 Europe - KPIT\",\"isPartOf\":{\"@id\":\"https:\\\/\\\/www.kpit.com\\\/#website\"},\"datePublished\":\"2023-08-07T10:58:54+00:00\",\"dateModified\":\"2025-11-28T05:39:19+00:00\",\"breadcrumb\":{\"@id\":\"https:\\\/\\\/www.kpit.com\\\/hinweisgebersystem\\\/#breadcrumb\"},\"inLanguage\":\"de\",\"potentialAction\":[{\"@type\":\"ReadAction\",\"target\":[\"https:\\\/\\\/www.kpit.com\\\/hinweisgebersystem\\\/\"]}]},{\"@type\":\"BreadcrumbList\",\"@id\":\"https:\\\/\\\/www.kpit.com\\\/hinweisgebersystem\\\/#breadcrumb\",\"itemListElement\":[{\"@type\":\"ListItem\",\"position\":1,\"name\":\"Home\",\"item\":\"https:\\\/\\\/www.kpit.com\\\/\"},{\"@type\":\"ListItem\",\"position\":2,\"name\":\"Whistleblowing System at KPIT Technologies \u2013 Europe\"}]},{\"@type\":\"WebSite\",\"@id\":\"https:\\\/\\\/www.kpit.com\\\/#website\",\"url\":\"https:\\\/\\\/www.kpit.com\\\/\",\"name\":\"KPIT\",\"description\":\"Technology, Mobility, Software, Automotive\",\"publisher\":{\"@id\":\"https:\\\/\\\/www.kpit.com\\\/#organization\"},\"potentialAction\":[{\"@type\":\"SearchAction\",\"target\":{\"@type\":\"EntryPoint\",\"urlTemplate\":\"https:\\\/\\\/www.kpit.com\\\/?s={search_term_string}\"},\"query-input\":{\"@type\":\"PropertyValueSpecification\",\"valueRequired\":true,\"valueName\":\"search_term_string\"}}],\"inLanguage\":\"de\"},{\"@type\":\"Organization\",\"@id\":\"https:\\\/\\\/www.kpit.com\\\/#organization\",\"name\":\"KPIT\",\"url\":\"https:\\\/\\\/www.kpit.com\\\/\",\"logo\":{\"@type\":\"ImageObject\",\"inLanguage\":\"de\",\"@id\":\"https:\\\/\\\/www.kpit.com\\\/#\\\/schema\\\/logo\\\/image\\\/\",\"url\":\"https:\\\/\\\/www.kpit.com\\\/wp-content\\\/uploads\\\/2025\\\/06\\\/favicon-1.png\",\"contentUrl\":\"https:\\\/\\\/www.kpit.com\\\/wp-content\\\/uploads\\\/2025\\\/06\\\/favicon-1.png\",\"width\":512,\"height\":512,\"caption\":\"KPIT\"},\"image\":{\"@id\":\"https:\\\/\\\/www.kpit.com\\\/#\\\/schema\\\/logo\\\/image\\\/\"}}]}<\/script>\n<!-- \/ Yoast SEO plugin. -->","yoast_head_json":{"title":"Hinweisgebersystem bei KPIT Technologies \u2013 Europa \u2013 KPIT","robots":{"index":"index","follow":"follow","max-snippet":"max-snippet:-1","max-image-preview":"max-image-preview:large","max-video-preview":"max-video-preview:-1"},"canonical":"https:\/\/www.kpit.com\/de\/hinweisgebersystem\/","og_locale":"de_DE","og_type":"article","og_title":"Whistleblowing System at KPIT Technologies \u2013 Europe - KPIT","og_description":"Sustainable business practices create future perspectives for the environment, society and the economy, and also for each individual employee or business partner of KPIT. The pillars of KPIT`s culture are the division of central requirements and their independent implementation and management in the subsidiaries, as well as a shared understanding of values and risk minimization [&hellip;]","og_url":"https:\/\/www.kpit.com\/de\/hinweisgebersystem\/","og_site_name":"KPIT","article_modified_time":"2025-11-28T05:39:19+00:00","twitter_card":"summary_large_image","twitter_misc":{"Gesch\u00e4tzte Lesezeit":"2\u00a0Minuten"},"schema":{"@context":"https:\/\/schema.org","@graph":[{"@type":"WebPage","@id":"https:\/\/www.kpit.com\/hinweisgebersystem\/","url":"https:\/\/www.kpit.com\/hinweisgebersystem\/","name":"Hinweisgebersystem bei KPIT Technologies \u2013 Europa \u2013 KPIT","isPartOf":{"@id":"https:\/\/www.kpit.com\/#website"},"datePublished":"2023-08-07T10:58:54+00:00","dateModified":"2025-11-28T05:39:19+00:00","breadcrumb":{"@id":"https:\/\/www.kpit.com\/hinweisgebersystem\/#breadcrumb"},"inLanguage":"de","potentialAction":[{"@type":"ReadAction","target":["https:\/\/www.kpit.com\/hinweisgebersystem\/"]}]},{"@type":"BreadcrumbList","@id":"https:\/\/www.kpit.com\/hinweisgebersystem\/#breadcrumb","itemListElement":[{"@type":"ListItem","position":1,"name":"Home","item":"https:\/\/www.kpit.com\/"},{"@type":"ListItem","position":2,"name":"Whistleblowing System at KPIT Technologies \u2013 Europe"}]},{"@type":"WebSite","@id":"https:\/\/www.kpit.com\/#website","url":"https:\/\/www.kpit.com\/","name":"KPIT","description":"Technologie, Mobilit\u00e4t, Software, Automotive","publisher":{"@id":"https:\/\/www.kpit.com\/#organization"},"potentialAction":[{"@type":"SearchAction","target":{"@type":"EntryPoint","urlTemplate":"https:\/\/www.kpit.com\/?s={search_term_string}"},"query-input":{"@type":"PropertyValueSpecification","valueRequired":true,"valueName":"search_term_string"}}],"inLanguage":"de"},{"@type":"Organization","@id":"https:\/\/www.kpit.com\/#organization","name":"KPIT","url":"https:\/\/www.kpit.com\/","logo":{"@type":"ImageObject","inLanguage":"de","@id":"https:\/\/www.kpit.com\/#\/schema\/logo\/image\/","url":"https:\/\/www.kpit.com\/wp-content\/uploads\/2025\/06\/favicon-1.png","contentUrl":"https:\/\/www.kpit.com\/wp-content\/uploads\/2025\/06\/favicon-1.png","width":512,"height":512,"caption":"KPIT"},"image":{"@id":"https:\/\/www.kpit.com\/#\/schema\/logo\/image\/"}}]}},"_links":{"self":[{"href":"https:\/\/www.kpit.com\/de\/wp-json\/wp\/v2\/pages\/18975","targetHints":{"allow":["GET"]}}],"collection":[{"href":"https:\/\/www.kpit.com\/de\/wp-json\/wp\/v2\/pages"}],"about":[{"href":"https:\/\/www.kpit.com\/de\/wp-json\/wp\/v2\/types\/page"}],"author":[{"embeddable":true,"href":"https:\/\/www.kpit.com\/de\/wp-json\/wp\/v2\/users\/13"}],"replies":[{"embeddable":true,"href":"https:\/\/www.kpit.com\/de\/wp-json\/wp\/v2\/comments?post=18975"}],"version-history":[{"count":5,"href":"https:\/\/www.kpit.com\/de\/wp-json\/wp\/v2\/pages\/18975\/revisions"}],"predecessor-version":[{"id":28089,"href":"https:\/\/www.kpit.com\/de\/wp-json\/wp\/v2\/pages\/18975\/revisions\/28089"}],"wp:attachment":[{"href":"https:\/\/www.kpit.com\/de\/wp-json\/wp\/v2\/media?parent=18975"}],"curies":[{"name":"wp","href":"https:\/\/api.w.org\/{rel}","templated":true}]}}