

{"id":11263,"date":"2021-11-02T11:38:25","date_gmt":"2021-11-02T06:08:25","guid":{"rendered":"https:\/\/developmentuat.kpit.com\/?page_id=11263"},"modified":"2023-08-29T13:46:54","modified_gmt":"2023-08-29T08:16:54","slug":"kpit-around-the-world","status":"publish","type":"page","link":"https:\/\/www.kpit.com\/de\/about\/kpit-around-the-world\/","title":{"rendered":"KPIT weltweit"},"content":{"rendered":"","protected":false},"excerpt":{"rendered":"","protected":false},"author":13,"featured_media":0,"parent":11240,"menu_order":0,"comment_status":"closed","ping_status":"closed","template":"redesign-around-world.php","meta":{"_acf_changed":false,"footnotes":""},"class_list":["post-11263","page","type-page","status-publish","hentry"],"acf":[],"yoast_head":"<!-- This site is optimized with the Yoast SEO plugin v27.3 - https:\/\/yoast.com\/product\/yoast-seo-wordpress\/ -->\n<title>KPIT around the world | Europe | US | JKC<\/title>\n<meta name=\"description\" content=\"KPIT has a Worldwide footprint with Direct presence in Germany, Americas, Japan, India, Korea, China. KPIT works with leaders in automotive and Mobility industry and is present where the ecosystem is transforming.\" \/>\n<meta name=\"robots\" content=\"index, follow, max-snippet:-1, max-image-preview:large, max-video-preview:-1\" \/>\n<link rel=\"canonical\" href=\"https:\/\/www.kpit.com\/de\/about\/kpit-around-the-world\/\" \/>\n<meta property=\"og:locale\" content=\"de_DE\" \/>\n<meta property=\"og:type\" content=\"article\" \/>\n<meta property=\"og:title\" content=\"KPIT around the world | Europe | US | JKC\" \/>\n<meta property=\"og:description\" content=\"KPIT has a Worldwide footprint with Direct presence in Germany, Americas, Japan, India, Korea, China. KPIT works with leaders in automotive and Mobility industry and is present where the ecosystem is transforming.\" \/>\n<meta property=\"og:url\" content=\"https:\/\/www.kpit.com\/de\/about\/kpit-around-the-world\/\" \/>\n<meta property=\"og:site_name\" content=\"KPIT\" \/>\n<meta property=\"article:modified_time\" content=\"2023-08-29T08:16:54+00:00\" \/>\n<meta name=\"twitter:card\" content=\"summary_large_image\" \/>\n<script type=\"application\/ld+json\" class=\"yoast-schema-graph\">{\"@context\":\"https:\\\/\\\/schema.org\",\"@graph\":[{\"@type\":\"WebPage\",\"@id\":\"https:\\\/\\\/www.kpit.com\\\/about\\\/kpit-around-the-world\\\/\",\"url\":\"https:\\\/\\\/www.kpit.com\\\/about\\\/kpit-around-the-world\\\/\",\"name\":\"KPIT around the world | Europe | US | JKC\",\"isPartOf\":{\"@id\":\"https:\\\/\\\/www.kpit.com\\\/#website\"},\"datePublished\":\"2021-11-02T06:08:25+00:00\",\"dateModified\":\"2023-08-29T08:16:54+00:00\",\"description\":\"KPIT has a Worldwide footprint with Direct presence in Germany, Americas, Japan, India, Korea, China. KPIT works with leaders in automotive and Mobility industry and is present where the ecosystem is transforming.\",\"breadcrumb\":{\"@id\":\"https:\\\/\\\/www.kpit.com\\\/about\\\/kpit-around-the-world\\\/#breadcrumb\"},\"inLanguage\":\"de\",\"potentialAction\":[{\"@type\":\"ReadAction\",\"target\":[\"https:\\\/\\\/www.kpit.com\\\/about\\\/kpit-around-the-world\\\/\"]}]},{\"@type\":\"BreadcrumbList\",\"@id\":\"https:\\\/\\\/www.kpit.com\\\/about\\\/kpit-around-the-world\\\/#breadcrumb\",\"itemListElement\":[{\"@type\":\"ListItem\",\"position\":1,\"name\":\"Home\",\"item\":\"https:\\\/\\\/www.kpit.com\\\/\"},{\"@type\":\"ListItem\",\"position\":2,\"name\":\"About Us\",\"item\":\"https:\\\/\\\/www.kpit.com\\\/about\\\/\"},{\"@type\":\"ListItem\",\"position\":3,\"name\":\"KPIT around the world\"}]},{\"@type\":\"WebSite\",\"@id\":\"https:\\\/\\\/www.kpit.com\\\/#website\",\"url\":\"https:\\\/\\\/www.kpit.com\\\/\",\"name\":\"KPIT\",\"description\":\"Technology, Mobility, Software, Automotive\",\"publisher\":{\"@id\":\"https:\\\/\\\/www.kpit.com\\\/#organization\"},\"potentialAction\":[{\"@type\":\"SearchAction\",\"target\":{\"@type\":\"EntryPoint\",\"urlTemplate\":\"https:\\\/\\\/www.kpit.com\\\/?s={search_term_string}\"},\"query-input\":{\"@type\":\"PropertyValueSpecification\",\"valueRequired\":true,\"valueName\":\"search_term_string\"}}],\"inLanguage\":\"de\"},{\"@type\":\"Organization\",\"@id\":\"https:\\\/\\\/www.kpit.com\\\/#organization\",\"name\":\"KPIT\",\"url\":\"https:\\\/\\\/www.kpit.com\\\/\",\"logo\":{\"@type\":\"ImageObject\",\"inLanguage\":\"de\",\"@id\":\"https:\\\/\\\/www.kpit.com\\\/#\\\/schema\\\/logo\\\/image\\\/\",\"url\":\"https:\\\/\\\/www.kpit.com\\\/wp-content\\\/uploads\\\/2025\\\/06\\\/favicon-1.png\",\"contentUrl\":\"https:\\\/\\\/www.kpit.com\\\/wp-content\\\/uploads\\\/2025\\\/06\\\/favicon-1.png\",\"width\":512,\"height\":512,\"caption\":\"KPIT\"},\"image\":{\"@id\":\"https:\\\/\\\/www.kpit.com\\\/#\\\/schema\\\/logo\\\/image\\\/\"}}]}<\/script>\n<!-- \/ Yoast SEO plugin. -->","yoast_head_json":{"title":"KPIT auf der ganzen Welt | Europa | USA | JKC","description":"KPIT verf\u00fcgt \u00fcber eine weltweite Pr\u00e4senz mit direkter Pr\u00e4senz in Deutschland, Amerika, Japan, Indien, Korea und China. KPIT arbeitet mit f\u00fchrenden Unternehmen der Automobil- und Mobilit\u00e4tsbranche zusammen und ist dort pr\u00e4sent, wo sich das \u00d6kosystem ver\u00e4ndert.","robots":{"index":"index","follow":"follow","max-snippet":"max-snippet:-1","max-image-preview":"max-image-preview:large","max-video-preview":"max-video-preview:-1"},"canonical":"https:\/\/www.kpit.com\/de\/about\/kpit-around-the-world\/","og_locale":"de_DE","og_type":"article","og_title":"KPIT around the world | Europe | US | JKC","og_description":"KPIT has a Worldwide footprint with Direct presence in Germany, Americas, Japan, India, Korea, China. KPIT works with leaders in automotive and Mobility industry and is present where the ecosystem is transforming.","og_url":"https:\/\/www.kpit.com\/de\/about\/kpit-around-the-world\/","og_site_name":"KPIT","article_modified_time":"2023-08-29T08:16:54+00:00","twitter_card":"summary_large_image","schema":{"@context":"https:\/\/schema.org","@graph":[{"@type":"WebPage","@id":"https:\/\/www.kpit.com\/about\/kpit-around-the-world\/","url":"https:\/\/www.kpit.com\/about\/kpit-around-the-world\/","name":"KPIT auf der ganzen Welt | Europa | USA | JKC","isPartOf":{"@id":"https:\/\/www.kpit.com\/#website"},"datePublished":"2021-11-02T06:08:25+00:00","dateModified":"2023-08-29T08:16:54+00:00","description":"KPIT verf\u00fcgt \u00fcber eine weltweite Pr\u00e4senz mit direkter Pr\u00e4senz in Deutschland, Amerika, Japan, Indien, Korea und China. KPIT arbeitet mit f\u00fchrenden Unternehmen der Automobil- und Mobilit\u00e4tsbranche zusammen und ist dort pr\u00e4sent, wo sich das \u00d6kosystem ver\u00e4ndert.","breadcrumb":{"@id":"https:\/\/www.kpit.com\/about\/kpit-around-the-world\/#breadcrumb"},"inLanguage":"de","potentialAction":[{"@type":"ReadAction","target":["https:\/\/www.kpit.com\/about\/kpit-around-the-world\/"]}]},{"@type":"BreadcrumbList","@id":"https:\/\/www.kpit.com\/about\/kpit-around-the-world\/#breadcrumb","itemListElement":[{"@type":"ListItem","position":1,"name":"Home","item":"https:\/\/www.kpit.com\/"},{"@type":"ListItem","position":2,"name":"About Us","item":"https:\/\/www.kpit.com\/about\/"},{"@type":"ListItem","position":3,"name":"KPIT around the world"}]},{"@type":"WebSite","@id":"https:\/\/www.kpit.com\/#website","url":"https:\/\/www.kpit.com\/","name":"KPIT","description":"Technologie, Mobilit\u00e4t, Software, Automotive","publisher":{"@id":"https:\/\/www.kpit.com\/#organization"},"potentialAction":[{"@type":"SearchAction","target":{"@type":"EntryPoint","urlTemplate":"https:\/\/www.kpit.com\/?s={search_term_string}"},"query-input":{"@type":"PropertyValueSpecification","valueRequired":true,"valueName":"search_term_string"}}],"inLanguage":"de"},{"@type":"Organization","@id":"https:\/\/www.kpit.com\/#organization","name":"KPIT","url":"https:\/\/www.kpit.com\/","logo":{"@type":"ImageObject","inLanguage":"de","@id":"https:\/\/www.kpit.com\/#\/schema\/logo\/image\/","url":"https:\/\/www.kpit.com\/wp-content\/uploads\/2025\/06\/favicon-1.png","contentUrl":"https:\/\/www.kpit.com\/wp-content\/uploads\/2025\/06\/favicon-1.png","width":512,"height":512,"caption":"KPIT"},"image":{"@id":"https:\/\/www.kpit.com\/#\/schema\/logo\/image\/"}}]}},"_links":{"self":[{"href":"https:\/\/www.kpit.com\/de\/wp-json\/wp\/v2\/pages\/11263","targetHints":{"allow":["GET"]}}],"collection":[{"href":"https:\/\/www.kpit.com\/de\/wp-json\/wp\/v2\/pages"}],"about":[{"href":"https:\/\/www.kpit.com\/de\/wp-json\/wp\/v2\/types\/page"}],"author":[{"embeddable":true,"href":"https:\/\/www.kpit.com\/de\/wp-json\/wp\/v2\/users\/13"}],"replies":[{"embeddable":true,"href":"https:\/\/www.kpit.com\/de\/wp-json\/wp\/v2\/comments?post=11263"}],"version-history":[{"count":8,"href":"https:\/\/www.kpit.com\/de\/wp-json\/wp\/v2\/pages\/11263\/revisions"}],"predecessor-version":[{"id":17338,"href":"https:\/\/www.kpit.com\/de\/wp-json\/wp\/v2\/pages\/11263\/revisions\/17338"}],"up":[{"embeddable":true,"href":"https:\/\/www.kpit.com\/de\/wp-json\/wp\/v2\/pages\/11240"}],"wp:attachment":[{"href":"https:\/\/www.kpit.com\/de\/wp-json\/wp\/v2\/media?parent=11263"}],"curies":[{"name":"wp","href":"https:\/\/api.w.org\/{rel}","templated":true}]}}