

{"id":10360,"date":"2021-08-24T14:06:23","date_gmt":"2021-08-24T08:36:23","guid":{"rendered":"https:\/\/developmentuat.kpit.com\/?page_id=10360"},"modified":"2023-07-18T15:59:40","modified_gmt":"2023-07-18T10:29:40","slug":"sitemap","status":"publish","type":"page","link":"https:\/\/www.kpit.com\/de\/sitemap\/","title":{"rendered":"Sitemap"},"content":{"rendered":"","protected":false},"excerpt":{"rendered":"","protected":false},"author":13,"featured_media":0,"parent":0,"menu_order":0,"comment_status":"closed","ping_status":"closed","template":"kpit-sitemap.php","meta":{"_acf_changed":false,"footnotes":""},"class_list":["post-10360","page","type-page","status-publish","hentry"],"acf":[],"yoast_head":"<!-- This site is optimized with the Yoast SEO plugin v27.3 - https:\/\/yoast.com\/product\/yoast-seo-wordpress\/ -->\n<title>KPIT Sitemap - Home | header and footer links<\/title>\n<meta name=\"description\" content=\"A Visual Sitemap is a hierarchical diagram which allows people to understand the website structure, interrelationships between the pages from Header and Footer\" \/>\n<meta name=\"robots\" content=\"index, follow, max-snippet:-1, max-image-preview:large, max-video-preview:-1\" \/>\n<link rel=\"canonical\" href=\"https:\/\/www.kpit.com\/de\/sitemap\/\" \/>\n<meta property=\"og:locale\" content=\"de_DE\" \/>\n<meta property=\"og:type\" content=\"article\" \/>\n<meta property=\"og:title\" content=\"KPIT Sitemap - Home | header and footer links\" \/>\n<meta property=\"og:description\" content=\"A Visual Sitemap is a hierarchical diagram which allows people to understand the website structure, interrelationships between the pages from Header and Footer\" \/>\n<meta property=\"og:url\" content=\"https:\/\/www.kpit.com\/de\/sitemap\/\" \/>\n<meta property=\"og:site_name\" content=\"KPIT\" \/>\n<meta property=\"article:modified_time\" content=\"2023-07-18T10:29:40+00:00\" \/>\n<meta name=\"twitter:card\" content=\"summary_large_image\" \/>\n<script type=\"application\/ld+json\" class=\"yoast-schema-graph\">{\"@context\":\"https:\\\/\\\/schema.org\",\"@graph\":[{\"@type\":\"WebPage\",\"@id\":\"https:\\\/\\\/www.kpit.com\\\/sitemap\\\/\",\"url\":\"https:\\\/\\\/www.kpit.com\\\/sitemap\\\/\",\"name\":\"KPIT Sitemap - Home | header and footer links\",\"isPartOf\":{\"@id\":\"https:\\\/\\\/www.kpit.com\\\/#website\"},\"datePublished\":\"2021-08-24T08:36:23+00:00\",\"dateModified\":\"2023-07-18T10:29:40+00:00\",\"description\":\"A Visual Sitemap is a hierarchical diagram which allows people to understand the website structure, interrelationships between the pages from Header and Footer\",\"breadcrumb\":{\"@id\":\"https:\\\/\\\/www.kpit.com\\\/sitemap\\\/#breadcrumb\"},\"inLanguage\":\"de\",\"potentialAction\":[{\"@type\":\"ReadAction\",\"target\":[\"https:\\\/\\\/www.kpit.com\\\/sitemap\\\/\"]}]},{\"@type\":\"BreadcrumbList\",\"@id\":\"https:\\\/\\\/www.kpit.com\\\/sitemap\\\/#breadcrumb\",\"itemListElement\":[{\"@type\":\"ListItem\",\"position\":1,\"name\":\"Home\",\"item\":\"https:\\\/\\\/www.kpit.com\\\/\"},{\"@type\":\"ListItem\",\"position\":2,\"name\":\"Sitemap\"}]},{\"@type\":\"WebSite\",\"@id\":\"https:\\\/\\\/www.kpit.com\\\/#website\",\"url\":\"https:\\\/\\\/www.kpit.com\\\/\",\"name\":\"KPIT\",\"description\":\"Technology, Mobility, Software, Automotive\",\"publisher\":{\"@id\":\"https:\\\/\\\/www.kpit.com\\\/#organization\"},\"potentialAction\":[{\"@type\":\"SearchAction\",\"target\":{\"@type\":\"EntryPoint\",\"urlTemplate\":\"https:\\\/\\\/www.kpit.com\\\/?s={search_term_string}\"},\"query-input\":{\"@type\":\"PropertyValueSpecification\",\"valueRequired\":true,\"valueName\":\"search_term_string\"}}],\"inLanguage\":\"de\"},{\"@type\":\"Organization\",\"@id\":\"https:\\\/\\\/www.kpit.com\\\/#organization\",\"name\":\"KPIT\",\"url\":\"https:\\\/\\\/www.kpit.com\\\/\",\"logo\":{\"@type\":\"ImageObject\",\"inLanguage\":\"de\",\"@id\":\"https:\\\/\\\/www.kpit.com\\\/#\\\/schema\\\/logo\\\/image\\\/\",\"url\":\"https:\\\/\\\/www.kpit.com\\\/wp-content\\\/uploads\\\/2025\\\/06\\\/favicon-1.png\",\"contentUrl\":\"https:\\\/\\\/www.kpit.com\\\/wp-content\\\/uploads\\\/2025\\\/06\\\/favicon-1.png\",\"width\":512,\"height\":512,\"caption\":\"KPIT\"},\"image\":{\"@id\":\"https:\\\/\\\/www.kpit.com\\\/#\\\/schema\\\/logo\\\/image\\\/\"}}]}<\/script>\n<!-- \/ Yoast SEO plugin. -->","yoast_head_json":{"title":"KPIT-Sitemap - Startseite | Kopf- und Fu\u00dfzeilen-Links","description":"Eine visuelle Sitemap ist ein hierarchisches Diagramm, das es den Benutzern erm\u00f6glicht, die Website-Struktur und die Wechselbeziehungen zwischen den Seiten aus der Kopf- und Fu\u00dfzeile zu verstehen","robots":{"index":"index","follow":"follow","max-snippet":"max-snippet:-1","max-image-preview":"max-image-preview:large","max-video-preview":"max-video-preview:-1"},"canonical":"https:\/\/www.kpit.com\/de\/sitemap\/","og_locale":"de_DE","og_type":"article","og_title":"KPIT Sitemap - Home | header and footer links","og_description":"A Visual Sitemap is a hierarchical diagram which allows people to understand the website structure, interrelationships between the pages from Header and Footer","og_url":"https:\/\/www.kpit.com\/de\/sitemap\/","og_site_name":"KPIT","article_modified_time":"2023-07-18T10:29:40+00:00","twitter_card":"summary_large_image","schema":{"@context":"https:\/\/schema.org","@graph":[{"@type":"WebPage","@id":"https:\/\/www.kpit.com\/sitemap\/","url":"https:\/\/www.kpit.com\/sitemap\/","name":"KPIT-Sitemap - Startseite | Kopf- und Fu\u00dfzeilen-Links","isPartOf":{"@id":"https:\/\/www.kpit.com\/#website"},"datePublished":"2021-08-24T08:36:23+00:00","dateModified":"2023-07-18T10:29:40+00:00","description":"Eine visuelle Sitemap ist ein hierarchisches Diagramm, das es den Benutzern erm\u00f6glicht, die Website-Struktur und die Wechselbeziehungen zwischen den Seiten aus der Kopf- und Fu\u00dfzeile zu verstehen","breadcrumb":{"@id":"https:\/\/www.kpit.com\/sitemap\/#breadcrumb"},"inLanguage":"de","potentialAction":[{"@type":"ReadAction","target":["https:\/\/www.kpit.com\/sitemap\/"]}]},{"@type":"BreadcrumbList","@id":"https:\/\/www.kpit.com\/sitemap\/#breadcrumb","itemListElement":[{"@type":"ListItem","position":1,"name":"Home","item":"https:\/\/www.kpit.com\/"},{"@type":"ListItem","position":2,"name":"Sitemap"}]},{"@type":"WebSite","@id":"https:\/\/www.kpit.com\/#website","url":"https:\/\/www.kpit.com\/","name":"KPIT","description":"Technologie, Mobilit\u00e4t, Software, Automotive","publisher":{"@id":"https:\/\/www.kpit.com\/#organization"},"potentialAction":[{"@type":"SearchAction","target":{"@type":"EntryPoint","urlTemplate":"https:\/\/www.kpit.com\/?s={search_term_string}"},"query-input":{"@type":"PropertyValueSpecification","valueRequired":true,"valueName":"search_term_string"}}],"inLanguage":"de"},{"@type":"Organization","@id":"https:\/\/www.kpit.com\/#organization","name":"KPIT","url":"https:\/\/www.kpit.com\/","logo":{"@type":"ImageObject","inLanguage":"de","@id":"https:\/\/www.kpit.com\/#\/schema\/logo\/image\/","url":"https:\/\/www.kpit.com\/wp-content\/uploads\/2025\/06\/favicon-1.png","contentUrl":"https:\/\/www.kpit.com\/wp-content\/uploads\/2025\/06\/favicon-1.png","width":512,"height":512,"caption":"KPIT"},"image":{"@id":"https:\/\/www.kpit.com\/#\/schema\/logo\/image\/"}}]}},"_links":{"self":[{"href":"https:\/\/www.kpit.com\/de\/wp-json\/wp\/v2\/pages\/10360","targetHints":{"allow":["GET"]}}],"collection":[{"href":"https:\/\/www.kpit.com\/de\/wp-json\/wp\/v2\/pages"}],"about":[{"href":"https:\/\/www.kpit.com\/de\/wp-json\/wp\/v2\/types\/page"}],"author":[{"embeddable":true,"href":"https:\/\/www.kpit.com\/de\/wp-json\/wp\/v2\/users\/13"}],"replies":[{"embeddable":true,"href":"https:\/\/www.kpit.com\/de\/wp-json\/wp\/v2\/comments?post=10360"}],"version-history":[{"count":10,"href":"https:\/\/www.kpit.com\/de\/wp-json\/wp\/v2\/pages\/10360\/revisions"}],"predecessor-version":[{"id":16610,"href":"https:\/\/www.kpit.com\/de\/wp-json\/wp\/v2\/pages\/10360\/revisions\/16610"}],"wp:attachment":[{"href":"https:\/\/www.kpit.com\/de\/wp-json\/wp\/v2\/media?parent=10360"}],"curies":[{"name":"wp","href":"https:\/\/api.w.org\/{rel}","templated":true}]}}